{"id":979,"date":"2019-08-17T22:04:45","date_gmt":"2019-08-17T19:04:45","guid":{"rendered":"https:\/\/www.elitenicosia.com\/?page_id=979"},"modified":"2024-02-05T17:41:42","modified_gmt":"2024-02-05T14:41:42","slug":"anasayfa","status":"publish","type":"page","link":"https:\/\/www.elitenicosia.com\/en\/","title":{"rendered":"Home"},"content":{"rendered":"","protected":false},"excerpt":{"rendered":"","protected":false},"author":1,"featured_media":1349,"parent":0,"menu_order":0,"comment_status":"closed","ping_status":"closed","template":"page_builder.php","meta":{"footnotes":""},"class_list":["post-979","page","type-page","status-publish","has-post-thumbnail","hentry"],"yoast_head":"<!-- This site is optimized with the Yoast SEO plugin v24.4 - https:\/\/yoast.com\/wordpress\/plugins\/seo\/ -->\n<title>Elite Hospital Lefko\u015fa - K\u0131br\u0131s\u2019\u0131n \u0130LK ve TEK ara\u015ft\u0131rma hastanesi<\/title>\n<meta name=\"description\" content=\"K\u0131br\u0131s&#039;\u0131n \u0130LK ve TEK ara\u015ft\u0131rma hastanesi Elite Hospital, en yeni tedavi y\u00f6ntemleri ile t\u00fcm ihtiya\u00e7lar\u0131n\u0131z i\u00e7in yan\u0131n\u0131zda! 0392 444 ELIT 3548\" \/>\n<meta name=\"robots\" content=\"index, follow, max-snippet:-1, max-image-preview:large, max-video-preview:-1\" \/>\n<link rel=\"canonical\" href=\"https:\/\/www.elitenicosia.com\/en\/\" \/>\n<meta property=\"og:locale\" content=\"en_GB\" \/>\n<meta property=\"og:type\" content=\"article\" \/>\n<meta property=\"og:title\" content=\"Elite Hospital Lefko\u015fa - K\u0131br\u0131s\u2019\u0131n \u0130LK ve TEK ara\u015ft\u0131rma hastanesi\" \/>\n<meta property=\"og:description\" content=\"K\u0131br\u0131s&#039;\u0131n \u0130LK ve TEK ara\u015ft\u0131rma hastanesi Elite Hospital, en yeni tedavi y\u00f6ntemleri ile t\u00fcm ihtiya\u00e7lar\u0131n\u0131z i\u00e7in yan\u0131n\u0131zda! 0392 444 ELIT 3548\" \/>\n<meta property=\"og:url\" content=\"https:\/\/www.elitenicosia.com\/en\/\" \/>\n<meta property=\"og:site_name\" content=\"Elite Hospital\" \/>\n<meta property=\"article:publisher\" content=\"https:\/\/www.facebook.com\/elitenicosia\/\" \/>\n<meta property=\"article:modified_time\" content=\"2024-02-05T14:41:42+00:00\" \/>\n<meta property=\"og:image\" content=\"https:\/\/www.elitenicosia.com\/wp-content\/uploads\/2019\/08\/Elite_Hospital_Cephe.jpg\" \/>\n\t<meta property=\"og:image:width\" content=\"1080\" \/>\n\t<meta property=\"og:image:height\" content=\"1080\" \/>\n\t<meta property=\"og:image:type\" content=\"image\/jpeg\" \/>\n<meta name=\"twitter:card\" content=\"summary_large_image\" \/>\n<meta name=\"twitter:site\" content=\"@elitehastanesi\" \/>\n<meta name=\"twitter:label1\" content=\"Estimated reading time\" \/>\n\t<meta name=\"twitter:data1\" content=\"1 minute\" \/>\n<script type=\"application\/ld+json\" class=\"yoast-schema-graph\">{\"@context\":\"https:\/\/schema.org\",\"@graph\":[{\"@type\":\"WebPage\",\"@id\":\"https:\/\/www.elitenicosia.com\/\",\"url\":\"https:\/\/www.elitenicosia.com\/\",\"name\":\"Elite Hospital Lefko\u015fa - K\u0131br\u0131s\u2019\u0131n \u0130LK ve TEK ara\u015ft\u0131rma hastanesi\",\"isPartOf\":{\"@id\":\"https:\/\/www.elitenicosia.com\/#website\"},\"primaryImageOfPage\":{\"@id\":\"https:\/\/www.elitenicosia.com\/#primaryimage\"},\"image\":{\"@id\":\"https:\/\/www.elitenicosia.com\/#primaryimage\"},\"thumbnailUrl\":\"https:\/\/www.elitenicosia.com\/wp-content\/uploads\/2019\/08\/Elite_Hospital_Cephe.jpg\",\"datePublished\":\"2019-08-17T19:04:45+00:00\",\"dateModified\":\"2024-02-05T14:41:42+00:00\",\"description\":\"K\u0131br\u0131s'\u0131n \u0130LK ve TEK ara\u015ft\u0131rma hastanesi Elite Hospital, en yeni tedavi y\u00f6ntemleri ile t\u00fcm ihtiya\u00e7lar\u0131n\u0131z i\u00e7in yan\u0131n\u0131zda! 0392 444 ELIT 3548\",\"breadcrumb\":{\"@id\":\"https:\/\/www.elitenicosia.com\/#breadcrumb\"},\"inLanguage\":\"en-GB\",\"potentialAction\":[{\"@type\":\"ReadAction\",\"target\":[\"https:\/\/www.elitenicosia.com\/\"]}]},{\"@type\":\"ImageObject\",\"inLanguage\":\"en-GB\",\"@id\":\"https:\/\/www.elitenicosia.com\/#primaryimage\",\"url\":\"https:\/\/www.elitenicosia.com\/wp-content\/uploads\/2019\/08\/Elite_Hospital_Cephe.jpg\",\"contentUrl\":\"https:\/\/www.elitenicosia.com\/wp-content\/uploads\/2019\/08\/Elite_Hospital_Cephe.jpg\",\"width\":1080,\"height\":1080},{\"@type\":\"BreadcrumbList\",\"@id\":\"https:\/\/www.elitenicosia.com\/#breadcrumb\",\"itemListElement\":[{\"@type\":\"ListItem\",\"position\":1,\"name\":\"Ana sayfa\",\"item\":\"https:\/\/www.elitenicosia.com\/\"},{\"@type\":\"ListItem\",\"position\":2,\"name\":\"AnaSayfa\"}]},{\"@type\":\"WebSite\",\"@id\":\"https:\/\/www.elitenicosia.com\/#website\",\"url\":\"https:\/\/www.elitenicosia.com\/\",\"name\":\"Elite Hospital Lefko\u015fa\",\"description\":\"K\u0131br\u0131s\u2019\u0131n \u0130LK ve TEK ara\u015ft\u0131rma hastanesi\",\"publisher\":{\"@id\":\"https:\/\/www.elitenicosia.com\/#organization\"},\"potentialAction\":[{\"@type\":\"SearchAction\",\"target\":{\"@type\":\"EntryPoint\",\"urlTemplate\":\"https:\/\/www.elitenicosia.com\/?s={search_term_string}\"},\"query-input\":{\"@type\":\"PropertyValueSpecification\",\"valueRequired\":true,\"valueName\":\"search_term_string\"}}],\"inLanguage\":\"en-GB\"},{\"@type\":\"Organization\",\"@id\":\"https:\/\/www.elitenicosia.com\/#organization\",\"name\":\"Elite Hospital\",\"url\":\"https:\/\/www.elitenicosia.com\/\",\"logo\":{\"@type\":\"ImageObject\",\"inLanguage\":\"en-GB\",\"@id\":\"https:\/\/www.elitenicosia.com\/#\/schema\/logo\/image\/\",\"url\":\"https:\/\/www.elitenicosia.com\/wp-content\/uploads\/2019\/09\/Elite_Hospital_Logo.png\",\"contentUrl\":\"https:\/\/www.elitenicosia.com\/wp-content\/uploads\/2019\/09\/Elite_Hospital_Logo.png\",\"width\":260,\"height\":260,\"caption\":\"Elite Hospital\"},\"image\":{\"@id\":\"https:\/\/www.elitenicosia.com\/#\/schema\/logo\/image\/\"},\"sameAs\":[\"https:\/\/www.facebook.com\/elitenicosia\/\",\"https:\/\/x.com\/elitehastanesi\",\"https:\/\/www.instagram.com\/elitehastanesi\/\",\"https:\/\/www.youtube.com\/channel\/UCL_-OABAVRjDnQ77K4eGI4w\/\"]}]}<\/script>\n<!-- \/ Yoast SEO plugin. -->","yoast_head_json":{"title":"Elite Hospital Lefko\u015fa - K\u0131br\u0131s\u2019\u0131n \u0130LK ve TEK ara\u015ft\u0131rma hastanesi","description":"K\u0131br\u0131s'\u0131n \u0130LK ve TEK ara\u015ft\u0131rma hastanesi Elite Hospital, en yeni tedavi y\u00f6ntemleri ile t\u00fcm ihtiya\u00e7lar\u0131n\u0131z i\u00e7in yan\u0131n\u0131zda! 0392 444 ELIT 3548","robots":{"index":"index","follow":"follow","max-snippet":"max-snippet:-1","max-image-preview":"max-image-preview:large","max-video-preview":"max-video-preview:-1"},"canonical":"https:\/\/www.elitenicosia.com\/en\/","og_locale":"en_GB","og_type":"article","og_title":"Elite Hospital Lefko\u015fa - K\u0131br\u0131s\u2019\u0131n \u0130LK ve TEK ara\u015ft\u0131rma hastanesi","og_description":"K\u0131br\u0131s'\u0131n \u0130LK ve TEK ara\u015ft\u0131rma hastanesi Elite Hospital, en yeni tedavi y\u00f6ntemleri ile t\u00fcm ihtiya\u00e7lar\u0131n\u0131z i\u00e7in yan\u0131n\u0131zda! 0392 444 ELIT 3548","og_url":"https:\/\/www.elitenicosia.com\/en\/","og_site_name":"Elite Hospital","article_publisher":"https:\/\/www.facebook.com\/elitenicosia\/","article_modified_time":"2024-02-05T14:41:42+00:00","og_image":[{"width":1080,"height":1080,"url":"https:\/\/www.elitenicosia.com\/wp-content\/uploads\/2019\/08\/Elite_Hospital_Cephe.jpg","type":"image\/jpeg"}],"twitter_card":"summary_large_image","twitter_site":"@elitehastanesi","twitter_misc":{"Estimated reading time":"1 minute"},"schema":{"@context":"https:\/\/schema.org","@graph":[{"@type":"WebPage","@id":"https:\/\/www.elitenicosia.com\/","url":"https:\/\/www.elitenicosia.com\/","name":"Elite Hospital Lefko\u015fa - K\u0131br\u0131s\u2019\u0131n \u0130LK ve TEK ara\u015ft\u0131rma hastanesi","isPartOf":{"@id":"https:\/\/www.elitenicosia.com\/#website"},"primaryImageOfPage":{"@id":"https:\/\/www.elitenicosia.com\/#primaryimage"},"image":{"@id":"https:\/\/www.elitenicosia.com\/#primaryimage"},"thumbnailUrl":"https:\/\/www.elitenicosia.com\/wp-content\/uploads\/2019\/08\/Elite_Hospital_Cephe.jpg","datePublished":"2019-08-17T19:04:45+00:00","dateModified":"2024-02-05T14:41:42+00:00","description":"K\u0131br\u0131s'\u0131n \u0130LK ve TEK ara\u015ft\u0131rma hastanesi Elite Hospital, en yeni tedavi y\u00f6ntemleri ile t\u00fcm ihtiya\u00e7lar\u0131n\u0131z i\u00e7in yan\u0131n\u0131zda! 0392 444 ELIT 3548","breadcrumb":{"@id":"https:\/\/www.elitenicosia.com\/#breadcrumb"},"inLanguage":"en-GB","potentialAction":[{"@type":"ReadAction","target":["https:\/\/www.elitenicosia.com\/"]}]},{"@type":"ImageObject","inLanguage":"en-GB","@id":"https:\/\/www.elitenicosia.com\/#primaryimage","url":"https:\/\/www.elitenicosia.com\/wp-content\/uploads\/2019\/08\/Elite_Hospital_Cephe.jpg","contentUrl":"https:\/\/www.elitenicosia.com\/wp-content\/uploads\/2019\/08\/Elite_Hospital_Cephe.jpg","width":1080,"height":1080},{"@type":"BreadcrumbList","@id":"https:\/\/www.elitenicosia.com\/#breadcrumb","itemListElement":[{"@type":"ListItem","position":1,"name":"Ana sayfa","item":"https:\/\/www.elitenicosia.com\/"},{"@type":"ListItem","position":2,"name":"AnaSayfa"}]},{"@type":"WebSite","@id":"https:\/\/www.elitenicosia.com\/#website","url":"https:\/\/www.elitenicosia.com\/","name":"Elite Hospital Lefko\u015fa","description":"K\u0131br\u0131s\u2019\u0131n \u0130LK ve TEK ara\u015ft\u0131rma hastanesi","publisher":{"@id":"https:\/\/www.elitenicosia.com\/#organization"},"potentialAction":[{"@type":"SearchAction","target":{"@type":"EntryPoint","urlTemplate":"https:\/\/www.elitenicosia.com\/?s={search_term_string}"},"query-input":{"@type":"PropertyValueSpecification","valueRequired":true,"valueName":"search_term_string"}}],"inLanguage":"en-GB"},{"@type":"Organization","@id":"https:\/\/www.elitenicosia.com\/#organization","name":"Elite Hospital","url":"https:\/\/www.elitenicosia.com\/","logo":{"@type":"ImageObject","inLanguage":"en-GB","@id":"https:\/\/www.elitenicosia.com\/#\/schema\/logo\/image\/","url":"https:\/\/www.elitenicosia.com\/wp-content\/uploads\/2019\/09\/Elite_Hospital_Logo.png","contentUrl":"https:\/\/www.elitenicosia.com\/wp-content\/uploads\/2019\/09\/Elite_Hospital_Logo.png","width":260,"height":260,"caption":"Elite Hospital"},"image":{"@id":"https:\/\/www.elitenicosia.com\/#\/schema\/logo\/image\/"},"sameAs":["https:\/\/www.facebook.com\/elitenicosia\/","https:\/\/x.com\/elitehastanesi","https:\/\/www.instagram.com\/elitehastanesi\/","https:\/\/www.youtube.com\/channel\/UCL_-OABAVRjDnQ77K4eGI4w\/"]}]}},"_links":{"self":[{"href":"https:\/\/www.elitenicosia.com\/en\/wp-json\/wp\/v2\/pages\/979"}],"collection":[{"href":"https:\/\/www.elitenicosia.com\/en\/wp-json\/wp\/v2\/pages"}],"about":[{"href":"https:\/\/www.elitenicosia.com\/en\/wp-json\/wp\/v2\/types\/page"}],"author":[{"embeddable":true,"href":"https:\/\/www.elitenicosia.com\/en\/wp-json\/wp\/v2\/users\/1"}],"replies":[{"embeddable":true,"href":"https:\/\/www.elitenicosia.com\/en\/wp-json\/wp\/v2\/comments?post=979"}],"version-history":[{"count":2,"href":"https:\/\/www.elitenicosia.com\/en\/wp-json\/wp\/v2\/pages\/979\/revisions"}],"predecessor-version":[{"id":1236,"href":"https:\/\/www.elitenicosia.com\/en\/wp-json\/wp\/v2\/pages\/979\/revisions\/1236"}],"wp:featuredmedia":[{"embeddable":true,"href":"https:\/\/www.elitenicosia.com\/en\/wp-json\/wp\/v2\/media\/1349"}],"wp:attachment":[{"href":"https:\/\/www.elitenicosia.com\/en\/wp-json\/wp\/v2\/media?parent=979"}],"curies":[{"name":"wp","href":"https:\/\/api.w.org\/{rel}","templated":true}]}}