{"id":7993,"date":"2026-02-19T23:59:07","date_gmt":"2026-02-19T20:59:07","guid":{"rendered":"https:\/\/www.elitenicosia.com\/?page_id=7993"},"modified":"2026-03-12T00:23:46","modified_gmt":"2026-03-11T21:23:46","slug":"elite-bulten","status":"publish","type":"page","link":"https:\/\/www.elitenicosia.com\/en\/elite-bulten\/","title":{"rendered":"E-Bulletin"},"content":{"rendered":"<div data-elementor-type=\"wp-page\" data-elementor-id=\"7993\" class=\"elementor elementor-7993\" data-elementor-settings=\"{&quot;ha_cmc_init_switcher&quot;:&quot;no&quot;}\">\n\t\t\t\t\t\t<section class=\"elementor-section elementor-top-section elementor-element elementor-element-006e378 elementor-section-boxed elementor-section-height-default elementor-section-height-default\" data-id=\"006e378\" data-element_type=\"section\" data-e-type=\"section\" data-settings=\"{&quot;_ha_eqh_enable&quot;:false}\">\n\t\t\t\t\t\t<div class=\"elementor-container elementor-column-gap-default\">\n\t\t\t\t\t<div class=\"elementor-column elementor-col-50 elementor-top-column elementor-element elementor-element-08afdc3\" data-id=\"08afdc3\" data-element_type=\"column\" data-e-type=\"column\">\n\t\t\t<div class=\"elementor-widget-wrap elementor-element-populated\">\n\t\t\t\t\t\t<section class=\"elementor-section elementor-inner-section elementor-element elementor-element-6aa9a06 elementor-section-boxed elementor-section-height-default elementor-section-height-default\" data-id=\"6aa9a06\" data-element_type=\"section\" data-e-type=\"section\" data-settings=\"{&quot;_ha_eqh_enable&quot;:false}\">\n\t\t\t\t\t\t<div class=\"elementor-container elementor-column-gap-default\">\n\t\t\t\t\t<div class=\"elementor-column elementor-col-100 elementor-inner-column elementor-element elementor-element-2f02597\" data-id=\"2f02597\" data-element_type=\"column\" data-e-type=\"column\">\n\t\t\t<div class=\"elementor-widget-wrap elementor-element-populated\">\n\t\t\t\t\t\t<div class=\"elementor-element elementor-element-ab415e0 elementor-widget elementor-widget-image\" data-id=\"ab415e0\" data-element_type=\"widget\" data-e-type=\"widget\" data-widget_type=\"image.default\">\n\t\t\t\t<div class=\"elementor-widget-container\">\n\t\t\t\t\t\t\t\t\t\t\t\t<figure class=\"wp-caption\">\n\t\t\t\t\t\t\t\t\t\t\t<a href=\"\/en\/elite-bulten\/e-bulten-2026-mart\/\">\n\t\t\t\t\t\t\t<img fetchpriority=\"high\" decoding=\"async\" width=\"400\" height=\"566\" data-srcset=\"https:\/\/www.elitenicosia.com\/wp-content\/uploads\/2026\/03\/2026-Mart-1-400x566.jpg 400w, https:\/\/www.elitenicosia.com\/wp-content\/uploads\/2026\/03\/2026-Mart-1-212x300.jpg 212w, https:\/\/www.elitenicosia.com\/wp-content\/uploads\/2026\/03\/2026-Mart-1-724x1024.jpg 724w, https:\/\/www.elitenicosia.com\/wp-content\/uploads\/2026\/03\/2026-Mart-1-768x1086.jpg 768w, https:\/\/www.elitenicosia.com\/wp-content\/uploads\/2026\/03\/2026-Mart-1-1086x1536.jpg 1086w, https:\/\/www.elitenicosia.com\/wp-content\/uploads\/2026\/03\/2026-Mart-1-8x12.jpg 8w, https:\/\/www.elitenicosia.com\/wp-content\/uploads\/2026\/03\/2026-Mart-1-424x600.jpg 424w, https:\/\/www.elitenicosia.com\/wp-content\/uploads\/2026\/03\/2026-Mart-1.jpg 1414w\" data-src=\"https:\/\/www.elitenicosia.com\/wp-content\/uploads\/2026\/03\/2026-Mart-1-400x566.jpg\" src=\"\/\/www.w3.org\/2000\/svg%22%20viewBox=%220%200%20400%20566%22%3E%3C\/svg%3E\" class=\"attachment-shadowcat_auto_size size-shadowcat_auto_size wp-image-8125 lazyload\" alt=\"\" sizes=\"(max-width: 400px) 100vw, 400px\" srcset=\"https:\/\/www.elitenicosia.com\/wp-content\/uploads\/2026\/03\/2026-Mart-1-400x566.jpg 400w, https:\/\/www.elitenicosia.com\/wp-content\/uploads\/2026\/03\/2026-Mart-1-212x300.jpg 212w, https:\/\/www.elitenicosia.com\/wp-content\/uploads\/2026\/03\/2026-Mart-1-724x1024.jpg 724w, https:\/\/www.elitenicosia.com\/wp-content\/uploads\/2026\/03\/2026-Mart-1-768x1086.jpg 768w, https:\/\/www.elitenicosia.com\/wp-content\/uploads\/2026\/03\/2026-Mart-1-1086x1536.jpg 1086w, https:\/\/www.elitenicosia.com\/wp-content\/uploads\/2026\/03\/2026-Mart-1-8x12.jpg 8w, https:\/\/www.elitenicosia.com\/wp-content\/uploads\/2026\/03\/2026-Mart-1-424x600.jpg 424w, https:\/\/www.elitenicosia.com\/wp-content\/uploads\/2026\/03\/2026-Mart-1.jpg 1414w\" \/>\t\t\t\t\t\t\t\t<\/a>\n\t\t\t\t\t\t\t\t\t\t\t<figcaption class=\"widget-image-caption wp-caption-text\"><\/figcaption>\n\t\t\t\t\t\t\t\t\t\t<\/figure>\n\t\t\t\t\t\t\t\t\t<\/div>\n\t\t\t\t<\/div>\n\t\t\t\t<div class=\"elementor-element elementor-element-7a79785 elementor-widget elementor-widget-heading\" data-id=\"7a79785\" data-element_type=\"widget\" data-e-type=\"widget\" data-widget_type=\"heading.default\">\n\t\t\t\t<div class=\"elementor-widget-container\">\n\t\t\t\t\t<h2 class=\"elementor-heading-title elementor-size-default\"><a href=\"\/en\/elite-bulten\/e-bulten-2026-mart\/\">MARCH 2026<\/a><\/h2>\t\t\t\t<\/div>\n\t\t\t\t<\/div>\n\t\t\t\t\t<\/div>\n\t\t<\/div>\n\t\t\t\t\t<\/div>\n\t\t<\/section>\n\t\t\t\t\t<\/div>\n\t\t<\/div>\n\t\t\t\t<div class=\"elementor-column elementor-col-50 elementor-top-column elementor-element elementor-element-1901475\" data-id=\"1901475\" data-element_type=\"column\" data-e-type=\"column\">\n\t\t\t<div class=\"elementor-widget-wrap elementor-element-populated\">\n\t\t\t\t\t\t<section class=\"elementor-section elementor-inner-section elementor-element elementor-element-302cfe5 elementor-section-boxed elementor-section-height-default elementor-section-height-default\" data-id=\"302cfe5\" data-element_type=\"section\" data-e-type=\"section\" data-settings=\"{&quot;_ha_eqh_enable&quot;:false}\">\n\t\t\t\t\t\t<div class=\"elementor-container elementor-column-gap-default\">\n\t\t\t\t\t<div class=\"elementor-column elementor-col-100 elementor-inner-column elementor-element elementor-element-48eb0ea\" data-id=\"48eb0ea\" data-element_type=\"column\" data-e-type=\"column\">\n\t\t\t<div class=\"elementor-widget-wrap elementor-element-populated\">\n\t\t\t\t\t\t<div class=\"elementor-element elementor-element-850a139 elementor-widget elementor-widget-image\" data-id=\"850a139\" data-element_type=\"widget\" data-e-type=\"widget\" data-widget_type=\"image.default\">\n\t\t\t\t<div class=\"elementor-widget-container\">\n\t\t\t\t\t\t\t\t\t\t\t\t<figure class=\"wp-caption\">\n\t\t\t\t\t\t\t\t\t\t\t<a href=\"\/en\/elite-bulten\/e-bulten-2026-subat\/\">\n\t\t\t\t\t\t\t<img decoding=\"async\" width=\"400\" height=\"566\" data-srcset=\"https:\/\/www.elitenicosia.com\/wp-content\/uploads\/2026\/02\/1-400x566.jpg 400w, https:\/\/www.elitenicosia.com\/wp-content\/uploads\/2026\/02\/1-212x300.jpg 212w, https:\/\/www.elitenicosia.com\/wp-content\/uploads\/2026\/02\/1-724x1024.jpg 724w, https:\/\/www.elitenicosia.com\/wp-content\/uploads\/2026\/02\/1-768x1086.jpg 768w, https:\/\/www.elitenicosia.com\/wp-content\/uploads\/2026\/02\/1-1086x1536.jpg 1086w, https:\/\/www.elitenicosia.com\/wp-content\/uploads\/2026\/02\/1-8x12.jpg 8w, https:\/\/www.elitenicosia.com\/wp-content\/uploads\/2026\/02\/1-424x600.jpg 424w, https:\/\/www.elitenicosia.com\/wp-content\/uploads\/2026\/02\/1.jpg 1414w\" data-src=\"https:\/\/www.elitenicosia.com\/wp-content\/uploads\/2026\/02\/1-400x566.jpg\" src=\"\/\/www.w3.org\/2000\/svg%22%20viewBox=%220%200%20400%20566%22%3E%3C\/svg%3E\" class=\"attachment-shadowcat_auto_size size-shadowcat_auto_size wp-image-7849 lazyload\" alt=\"\" sizes=\"(max-width: 400px) 100vw, 400px\" srcset=\"https:\/\/www.elitenicosia.com\/wp-content\/uploads\/2026\/02\/1-400x566.jpg 400w, https:\/\/www.elitenicosia.com\/wp-content\/uploads\/2026\/02\/1-212x300.jpg 212w, https:\/\/www.elitenicosia.com\/wp-content\/uploads\/2026\/02\/1-724x1024.jpg 724w, https:\/\/www.elitenicosia.com\/wp-content\/uploads\/2026\/02\/1-768x1086.jpg 768w, https:\/\/www.elitenicosia.com\/wp-content\/uploads\/2026\/02\/1-1086x1536.jpg 1086w, https:\/\/www.elitenicosia.com\/wp-content\/uploads\/2026\/02\/1-8x12.jpg 8w, https:\/\/www.elitenicosia.com\/wp-content\/uploads\/2026\/02\/1-424x600.jpg 424w, https:\/\/www.elitenicosia.com\/wp-content\/uploads\/2026\/02\/1.jpg 1414w\" \/>\t\t\t\t\t\t\t\t<\/a>\n\t\t\t\t\t\t\t\t\t\t\t<figcaption class=\"widget-image-caption wp-caption-text\"><\/figcaption>\n\t\t\t\t\t\t\t\t\t\t<\/figure>\n\t\t\t\t\t\t\t\t\t<\/div>\n\t\t\t\t<\/div>\n\t\t\t\t<div class=\"elementor-element elementor-element-0873c87 elementor-widget elementor-widget-heading\" data-id=\"0873c87\" data-element_type=\"widget\" data-e-type=\"widget\" data-widget_type=\"heading.default\">\n\t\t\t\t<div class=\"elementor-widget-container\">\n\t\t\t\t\t<h2 class=\"elementor-heading-title elementor-size-default\"><a href=\"\/en\/elite-bulten\/e-bulten-2026-subat\/\">February 2026<\/a><\/h2>\t\t\t\t<\/div>\n\t\t\t\t<\/div>\n\t\t\t\t\t<\/div>\n\t\t<\/div>\n\t\t\t\t\t<\/div>\n\t\t<\/section>\n\t\t\t\t\t<\/div>\n\t\t<\/div>\n\t\t\t\t\t<\/div>\n\t\t<\/section>\n\t\t\t\t<\/div>","protected":false},"excerpt":{"rendered":"<p>MARCH 2026 FEBRUARY 2026<\/p>","protected":false},"author":1,"featured_media":0,"parent":0,"menu_order":0,"comment_status":"closed","ping_status":"closed","template":"elementor_header_footer","meta":{"footnotes":""},"class_list":["post-7993","page","type-page","status-publish","hentry"],"yoast_head":"<!-- This site is optimized with the Yoast SEO plugin v24.4 - https:\/\/yoast.com\/wordpress\/plugins\/seo\/ -->\n<title>E B\u00fclten - Elite Hospital<\/title>\n<meta name=\"robots\" content=\"index, follow, max-snippet:-1, max-image-preview:large, max-video-preview:-1\" \/>\n<link rel=\"canonical\" href=\"https:\/\/www.elitenicosia.com\/en\/elite-bulten\/\" \/>\n<meta property=\"og:locale\" content=\"en_GB\" \/>\n<meta property=\"og:type\" content=\"article\" \/>\n<meta property=\"og:title\" content=\"E B\u00fclten - Elite Hospital\" \/>\n<meta property=\"og:description\" content=\"MART 2026 \u015eUBAT 2026\" \/>\n<meta property=\"og:url\" content=\"https:\/\/www.elitenicosia.com\/en\/elite-bulten\/\" \/>\n<meta property=\"og:site_name\" content=\"Elite Hospital\" \/>\n<meta property=\"article:publisher\" content=\"https:\/\/www.facebook.com\/elitenicosia\/\" \/>\n<meta property=\"article:modified_time\" content=\"2026-03-11T21:23:46+00:00\" \/>\n<meta property=\"og:image\" content=\"https:\/\/www.elitenicosia.com\/wp-content\/uploads\/2026\/03\/2026-Mart-1-400x566.jpg\" \/>\n<meta name=\"twitter:card\" content=\"summary_large_image\" \/>\n<meta name=\"twitter:site\" content=\"@elitehastanesi\" \/>\n<meta name=\"twitter:label1\" content=\"Estimated reading time\" \/>\n\t<meta name=\"twitter:data1\" content=\"1 minute\" \/>\n<script type=\"application\/ld+json\" class=\"yoast-schema-graph\">{\"@context\":\"https:\/\/schema.org\",\"@graph\":[{\"@type\":\"WebPage\",\"@id\":\"https:\/\/www.elitenicosia.com\/elite-bulten\/\",\"url\":\"https:\/\/www.elitenicosia.com\/elite-bulten\/\",\"name\":\"E B\u00fclten - Elite Hospital\",\"isPartOf\":{\"@id\":\"https:\/\/www.elitenicosia.com\/#website\"},\"primaryImageOfPage\":{\"@id\":\"https:\/\/www.elitenicosia.com\/elite-bulten\/#primaryimage\"},\"image\":{\"@id\":\"https:\/\/www.elitenicosia.com\/elite-bulten\/#primaryimage\"},\"thumbnailUrl\":\"https:\/\/www.elitenicosia.com\/wp-content\/uploads\/2026\/03\/2026-Mart-1-400x566.jpg\",\"datePublished\":\"2026-02-19T20:59:07+00:00\",\"dateModified\":\"2026-03-11T21:23:46+00:00\",\"breadcrumb\":{\"@id\":\"https:\/\/www.elitenicosia.com\/elite-bulten\/#breadcrumb\"},\"inLanguage\":\"en-GB\",\"potentialAction\":[{\"@type\":\"ReadAction\",\"target\":[\"https:\/\/www.elitenicosia.com\/elite-bulten\/\"]}]},{\"@type\":\"ImageObject\",\"inLanguage\":\"en-GB\",\"@id\":\"https:\/\/www.elitenicosia.com\/elite-bulten\/#primaryimage\",\"url\":\"https:\/\/www.elitenicosia.com\/wp-content\/uploads\/2026\/03\/2026-Mart-1-400x566.jpg\",\"contentUrl\":\"https:\/\/www.elitenicosia.com\/wp-content\/uploads\/2026\/03\/2026-Mart-1-400x566.jpg\"},{\"@type\":\"BreadcrumbList\",\"@id\":\"https:\/\/www.elitenicosia.com\/elite-bulten\/#breadcrumb\",\"itemListElement\":[{\"@type\":\"ListItem\",\"position\":1,\"name\":\"Ana sayfa\",\"item\":\"https:\/\/www.elitenicosia.com\/\"},{\"@type\":\"ListItem\",\"position\":2,\"name\":\"E B\u00fclten\"}]},{\"@type\":\"WebSite\",\"@id\":\"https:\/\/www.elitenicosia.com\/#website\",\"url\":\"https:\/\/www.elitenicosia.com\/\",\"name\":\"Elite Hospital Lefko\u015fa\",\"description\":\"K\u0131br\u0131s\u2019\u0131n \u0130LK ve TEK ara\u015ft\u0131rma hastanesi\",\"publisher\":{\"@id\":\"https:\/\/www.elitenicosia.com\/#organization\"},\"potentialAction\":[{\"@type\":\"SearchAction\",\"target\":{\"@type\":\"EntryPoint\",\"urlTemplate\":\"https:\/\/www.elitenicosia.com\/?s={search_term_string}\"},\"query-input\":{\"@type\":\"PropertyValueSpecification\",\"valueRequired\":true,\"valueName\":\"search_term_string\"}}],\"inLanguage\":\"en-GB\"},{\"@type\":\"Organization\",\"@id\":\"https:\/\/www.elitenicosia.com\/#organization\",\"name\":\"Elite Hospital\",\"url\":\"https:\/\/www.elitenicosia.com\/\",\"logo\":{\"@type\":\"ImageObject\",\"inLanguage\":\"en-GB\",\"@id\":\"https:\/\/www.elitenicosia.com\/#\/schema\/logo\/image\/\",\"url\":\"https:\/\/www.elitenicosia.com\/wp-content\/uploads\/2019\/09\/Elite_Hospital_Logo.png\",\"contentUrl\":\"https:\/\/www.elitenicosia.com\/wp-content\/uploads\/2019\/09\/Elite_Hospital_Logo.png\",\"width\":260,\"height\":260,\"caption\":\"Elite Hospital\"},\"image\":{\"@id\":\"https:\/\/www.elitenicosia.com\/#\/schema\/logo\/image\/\"},\"sameAs\":[\"https:\/\/www.facebook.com\/elitenicosia\/\",\"https:\/\/x.com\/elitehastanesi\",\"https:\/\/www.instagram.com\/elitehastanesi\/\",\"https:\/\/www.youtube.com\/channel\/UCL_-OABAVRjDnQ77K4eGI4w\/\"]}]}<\/script>\n<!-- \/ Yoast SEO plugin. -->","yoast_head_json":{"title":"E B\u00fclten - Elite Hospital","robots":{"index":"index","follow":"follow","max-snippet":"max-snippet:-1","max-image-preview":"max-image-preview:large","max-video-preview":"max-video-preview:-1"},"canonical":"https:\/\/www.elitenicosia.com\/en\/elite-bulten\/","og_locale":"en_GB","og_type":"article","og_title":"E B\u00fclten - Elite Hospital","og_description":"MART 2026 \u015eUBAT 2026","og_url":"https:\/\/www.elitenicosia.com\/en\/elite-bulten\/","og_site_name":"Elite Hospital","article_publisher":"https:\/\/www.facebook.com\/elitenicosia\/","article_modified_time":"2026-03-11T21:23:46+00:00","og_image":[{"url":"https:\/\/www.elitenicosia.com\/wp-content\/uploads\/2026\/03\/2026-Mart-1-400x566.jpg","type":"","width":"","height":""}],"twitter_card":"summary_large_image","twitter_site":"@elitehastanesi","twitter_misc":{"Estimated reading time":"1 minute"},"schema":{"@context":"https:\/\/schema.org","@graph":[{"@type":"WebPage","@id":"https:\/\/www.elitenicosia.com\/elite-bulten\/","url":"https:\/\/www.elitenicosia.com\/elite-bulten\/","name":"E B\u00fclten - Elite Hospital","isPartOf":{"@id":"https:\/\/www.elitenicosia.com\/#website"},"primaryImageOfPage":{"@id":"https:\/\/www.elitenicosia.com\/elite-bulten\/#primaryimage"},"image":{"@id":"https:\/\/www.elitenicosia.com\/elite-bulten\/#primaryimage"},"thumbnailUrl":"https:\/\/www.elitenicosia.com\/wp-content\/uploads\/2026\/03\/2026-Mart-1-400x566.jpg","datePublished":"2026-02-19T20:59:07+00:00","dateModified":"2026-03-11T21:23:46+00:00","breadcrumb":{"@id":"https:\/\/www.elitenicosia.com\/elite-bulten\/#breadcrumb"},"inLanguage":"en-GB","potentialAction":[{"@type":"ReadAction","target":["https:\/\/www.elitenicosia.com\/elite-bulten\/"]}]},{"@type":"ImageObject","inLanguage":"en-GB","@id":"https:\/\/www.elitenicosia.com\/elite-bulten\/#primaryimage","url":"https:\/\/www.elitenicosia.com\/wp-content\/uploads\/2026\/03\/2026-Mart-1-400x566.jpg","contentUrl":"https:\/\/www.elitenicosia.com\/wp-content\/uploads\/2026\/03\/2026-Mart-1-400x566.jpg"},{"@type":"BreadcrumbList","@id":"https:\/\/www.elitenicosia.com\/elite-bulten\/#breadcrumb","itemListElement":[{"@type":"ListItem","position":1,"name":"Ana sayfa","item":"https:\/\/www.elitenicosia.com\/"},{"@type":"ListItem","position":2,"name":"E B\u00fclten"}]},{"@type":"WebSite","@id":"https:\/\/www.elitenicosia.com\/#website","url":"https:\/\/www.elitenicosia.com\/","name":"Elite Hospital Lefko\u015fa","description":"K\u0131br\u0131s\u2019\u0131n \u0130LK ve TEK ara\u015ft\u0131rma hastanesi","publisher":{"@id":"https:\/\/www.elitenicosia.com\/#organization"},"potentialAction":[{"@type":"SearchAction","target":{"@type":"EntryPoint","urlTemplate":"https:\/\/www.elitenicosia.com\/?s={search_term_string}"},"query-input":{"@type":"PropertyValueSpecification","valueRequired":true,"valueName":"search_term_string"}}],"inLanguage":"en-GB"},{"@type":"Organization","@id":"https:\/\/www.elitenicosia.com\/#organization","name":"Elite Hospital","url":"https:\/\/www.elitenicosia.com\/","logo":{"@type":"ImageObject","inLanguage":"en-GB","@id":"https:\/\/www.elitenicosia.com\/#\/schema\/logo\/image\/","url":"https:\/\/www.elitenicosia.com\/wp-content\/uploads\/2019\/09\/Elite_Hospital_Logo.png","contentUrl":"https:\/\/www.elitenicosia.com\/wp-content\/uploads\/2019\/09\/Elite_Hospital_Logo.png","width":260,"height":260,"caption":"Elite Hospital"},"image":{"@id":"https:\/\/www.elitenicosia.com\/#\/schema\/logo\/image\/"},"sameAs":["https:\/\/www.facebook.com\/elitenicosia\/","https:\/\/x.com\/elitehastanesi","https:\/\/www.instagram.com\/elitehastanesi\/","https:\/\/www.youtube.com\/channel\/UCL_-OABAVRjDnQ77K4eGI4w\/"]}]}},"_links":{"self":[{"href":"https:\/\/www.elitenicosia.com\/en\/wp-json\/wp\/v2\/pages\/7993"}],"collection":[{"href":"https:\/\/www.elitenicosia.com\/en\/wp-json\/wp\/v2\/pages"}],"about":[{"href":"https:\/\/www.elitenicosia.com\/en\/wp-json\/wp\/v2\/types\/page"}],"author":[{"embeddable":true,"href":"https:\/\/www.elitenicosia.com\/en\/wp-json\/wp\/v2\/users\/1"}],"replies":[{"embeddable":true,"href":"https:\/\/www.elitenicosia.com\/en\/wp-json\/wp\/v2\/comments?post=7993"}],"version-history":[{"count":73,"href":"https:\/\/www.elitenicosia.com\/en\/wp-json\/wp\/v2\/pages\/7993\/revisions"}],"predecessor-version":[{"id":8147,"href":"https:\/\/www.elitenicosia.com\/en\/wp-json\/wp\/v2\/pages\/7993\/revisions\/8147"}],"wp:attachment":[{"href":"https:\/\/www.elitenicosia.com\/en\/wp-json\/wp\/v2\/media?parent=7993"}],"curies":[{"name":"wp","href":"https:\/\/api.w.org\/{rel}","templated":true}]}}