{"id":7613,"date":"2024-03-28T17:48:48","date_gmt":"2024-03-28T14:48:48","guid":{"rendered":"https:\/\/www.elitenicosia.com\/?page_id=7613"},"modified":"2024-03-28T18:23:27","modified_gmt":"2024-03-28T15:23:27","slug":"bilgisayarli-tomografi-bt","status":"publish","type":"page","link":"https:\/\/www.elitenicosia.com\/en\/medikal-goruntuleme\/bilgisayarli-tomografi-bt\/","title":{"rendered":"Computed Tomography (CT)"},"content":{"rendered":"<div data-elementor-type=\"wp-page\" data-elementor-id=\"7613\" class=\"elementor elementor-7613\" data-elementor-settings=\"{&quot;ha_cmc_init_switcher&quot;:&quot;no&quot;}\">\n\t\t\t\t\t\t<section class=\"elementor-section elementor-top-section elementor-element elementor-element-3daf47c elementor-section-boxed elementor-section-height-default elementor-section-height-default\" data-id=\"3daf47c\" data-element_type=\"section\" data-e-type=\"section\" data-settings=\"{&quot;background_background&quot;:&quot;classic&quot;,&quot;_ha_eqh_enable&quot;:false}\">\n\t\t\t\t\t\t<div class=\"elementor-container elementor-column-gap-default\">\n\t\t\t\t\t<div class=\"elementor-column elementor-col-100 elementor-top-column elementor-element elementor-element-bb90158\" data-id=\"bb90158\" data-element_type=\"column\" data-e-type=\"column\">\n\t\t\t<div class=\"elementor-widget-wrap elementor-element-populated\">\n\t\t\t\t\t\t<div class=\"elementor-element elementor-element-a3b0f22 ha-has-bg-overlay elementor-widget elementor-widget-text-editor\" data-id=\"a3b0f22\" data-element_type=\"widget\" data-e-type=\"widget\" data-widget_type=\"text-editor.default\">\n\t\t\t\t<div class=\"elementor-widget-container\">\n\t\t\t\t\t\t\t\t\t<p style=\"text-align: center;\">Philips incisive ct 128 SLICE offers high diagnosis rate with Artificial Intelligence (AI) reconstruction<\/p>\t\t\t\t\t\t\t\t<\/div>\n\t\t\t\t<\/div>\n\t\t\t\t<div class=\"elementor-element elementor-element-2a63ea7 elementor-widget elementor-widget-text-editor\" data-id=\"2a63ea7\" data-element_type=\"widget\" data-e-type=\"widget\" data-widget_type=\"text-editor.default\">\n\t\t\t\t<div class=\"elementor-widget-container\">\n\t\t\t\t\t\t\t\t\t<p>We offer you the highest quality service in Tomography imaging with the \u201cPhilips incisive ct 128 Slice\u201d device, which offers high and safe diagnosis with more precise image quality and reduced reading times with advanced artificial intelligence (AI) reconstruction technology.<\/p>\t\t\t\t\t\t\t\t<\/div>\n\t\t\t\t<\/div>\n\t\t\t\t<section class=\"elementor-section elementor-inner-section elementor-element elementor-element-9ffc3ee elementor-section-boxed elementor-section-height-default elementor-section-height-default\" data-id=\"9ffc3ee\" data-element_type=\"section\" data-e-type=\"section\" data-settings=\"{&quot;_ha_eqh_enable&quot;:false}\">\n\t\t\t\t\t\t<div class=\"elementor-container elementor-column-gap-default\">\n\t\t\t\t\t<div class=\"elementor-column elementor-col-50 elementor-inner-column elementor-element elementor-element-3b33916\" data-id=\"3b33916\" data-element_type=\"column\" data-e-type=\"column\">\n\t\t\t<div class=\"elementor-widget-wrap elementor-element-populated\">\n\t\t\t\t\t\t<div class=\"elementor-element elementor-element-2b9bf98 animated-slow elementor-invisible elementor-widget elementor-widget-heading\" data-id=\"2b9bf98\" data-element_type=\"widget\" data-e-type=\"widget\" data-settings=\"{&quot;_animation&quot;:&quot;fadeIn&quot;}\" data-widget_type=\"heading.default\">\n\t\t\t\t<div class=\"elementor-widget-container\">\n\t\t\t\t\t<h3 class=\"elementor-heading-title elementor-size-default\">Computed Tomography (CT)<\/h3>\t\t\t\t<\/div>\n\t\t\t\t<\/div>\n\t\t\t\t<div class=\"elementor-element elementor-element-9e237f9 animated-slow elementor-invisible elementor-widget elementor-widget-heading\" data-id=\"9e237f9\" data-element_type=\"widget\" data-e-type=\"widget\" data-settings=\"{&quot;_animation&quot;:&quot;fadeIn&quot;}\" data-widget_type=\"heading.default\">\n\t\t\t\t<div class=\"elementor-widget-container\">\n\t\t\t\t\t<h1 class=\"elementor-heading-title elementor-size-default\">High quality<br> &amp; Too fast <\/h1>\t\t\t\t<\/div>\n\t\t\t\t<\/div>\n\t\t\t\t<div class=\"elementor-element elementor-element-34af0dc elementor-align-start elementor-icon-list--layout-traditional elementor-list-item-link-full_width elementor-widget elementor-widget-icon-list\" data-id=\"34af0dc\" data-element_type=\"widget\" data-e-type=\"widget\" data-widget_type=\"icon-list.default\">\n\t\t\t\t<div class=\"elementor-widget-container\">\n\t\t\t\t\t\t\t<ul class=\"elementor-icon-list-items\">\n\t\t\t\t\t\t\t<li class=\"elementor-icon-list-item\">\n\t\t\t\t\t\t\t\t\t\t\t<span class=\"elementor-icon-list-icon\">\n\t\t\t\t\t\t\t<i aria-hidden=\"true\" class=\"far fa-dot-circle\"><\/i>\t\t\t\t\t\t<\/span>\n\t\t\t\t\t\t\t\t\t\t<span class=\"elementor-icon-list-text\">%80 Daha D\u00fc\u015f\u00fck Radyasyon<\/span>\n\t\t\t\t\t\t\t\t\t<\/li>\n\t\t\t\t\t\t<\/ul>\n\t\t\t\t\t\t<\/div>\n\t\t\t\t<\/div>\n\t\t\t\t<div class=\"elementor-element elementor-element-6318285 elementor-align-start elementor-icon-list--layout-traditional elementor-list-item-link-full_width elementor-widget elementor-widget-icon-list\" data-id=\"6318285\" data-element_type=\"widget\" data-e-type=\"widget\" data-widget_type=\"icon-list.default\">\n\t\t\t\t<div class=\"elementor-widget-container\">\n\t\t\t\t\t\t\t<ul class=\"elementor-icon-list-items\">\n\t\t\t\t\t\t\t<li class=\"elementor-icon-list-item\">\n\t\t\t\t\t\t\t\t\t\t\t<span class=\"elementor-icon-list-icon\">\n\t\t\t\t\t\t\t<i aria-hidden=\"true\" class=\"far fa-dot-circle\"><\/i>\t\t\t\t\t\t<\/span>\n\t\t\t\t\t\t\t\t\t\t<span class=\"elementor-icon-list-text\">%60 Y\u00fckseltilmi\u015f D\u00fc\u015f\u00fck Kontrast Oran\u0131<\/span>\n\t\t\t\t\t\t\t\t\t<\/li>\n\t\t\t\t\t\t<\/ul>\n\t\t\t\t\t\t<\/div>\n\t\t\t\t<\/div>\n\t\t\t\t<div class=\"elementor-element elementor-element-14ca954 elementor-align-start elementor-icon-list--layout-traditional elementor-list-item-link-full_width elementor-widget elementor-widget-icon-list\" data-id=\"14ca954\" data-element_type=\"widget\" data-e-type=\"widget\" data-widget_type=\"icon-list.default\">\n\t\t\t\t<div class=\"elementor-widget-container\">\n\t\t\t\t\t\t\t<ul class=\"elementor-icon-list-items\">\n\t\t\t\t\t\t\t<li class=\"elementor-icon-list-item\">\n\t\t\t\t\t\t\t\t\t\t\t<span class=\"elementor-icon-list-icon\">\n\t\t\t\t\t\t\t<i aria-hidden=\"true\" class=\"far fa-dot-circle\"><\/i>\t\t\t\t\t\t<\/span>\n\t\t\t\t\t\t\t\t\t\t<span class=\"elementor-icon-list-text\">%85 Daha Sessiz<\/span>\n\t\t\t\t\t\t\t\t\t<\/li>\n\t\t\t\t\t\t<\/ul>\n\t\t\t\t\t\t<\/div>\n\t\t\t\t<\/div>\n\t\t\t\t<div class=\"elementor-element elementor-element-9744cfc elementor-widget elementor-widget-image\" data-id=\"9744cfc\" data-element_type=\"widget\" data-e-type=\"widget\" data-widget_type=\"image.default\">\n\t\t\t\t<div class=\"elementor-widget-container\">\n\t\t\t\t\t\t\t\t\t\t\t\t\t\t\t\t<a href=\"https:\/\/www.elitenicosia.com\/wp-content\/uploads\/2024\/03\/Philips-Incisive-CT-128.png\" data-elementor-open-lightbox=\"yes\" data-elementor-lightbox-title=\"Philips-Incisive-CT-128\" data-e-action-hash=\"#elementor-action%3Aaction%3Dlightbox%26settings%3DeyJpZCI6NzYxNSwidXJsIjoiaHR0cHM6XC9cL3d3dy5lbGl0ZW5pY29zaWEuY29tXC93cC1jb250ZW50XC91cGxvYWRzXC8yMDI0XC8wM1wvUGhpbGlwcy1JbmNpc2l2ZS1DVC0xMjgucG5nIn0%3D\">\n\t\t\t\t\t\t\t<img decoding=\"async\" src=\"https:\/\/www.elitenicosia.com\/wp-content\/uploads\/elementor\/thumbs\/Philips-Incisive-CT-128-qlvq4s0bdbobmwayz3ihsi5snf8y9ynygr74wdvtsw.png\" title=\"Philips-Incisive-CT-128\" alt=\"Philips-Incisive-CT-128\" loading=\"lazy\" \/>\t\t\t\t\t\t\t\t<\/a>\n\t\t\t\t\t\t\t\t\t\t\t\t\t\t\t<\/div>\n\t\t\t\t<\/div>\n\t\t\t\t\t<\/div>\n\t\t<\/div>\n\t\t\t\t<div class=\"elementor-column elementor-col-50 elementor-inner-column elementor-element elementor-element-dccf441\" data-id=\"dccf441\" data-element_type=\"column\" data-e-type=\"column\">\n\t\t\t<div class=\"elementor-widget-wrap elementor-element-populated\">\n\t\t\t\t\t\t<div class=\"elementor-element elementor-element-27f962e elementor-widget elementor-widget-image\" data-id=\"27f962e\" data-element_type=\"widget\" data-e-type=\"widget\" data-widget_type=\"image.default\">\n\t\t\t\t<div class=\"elementor-widget-container\">\n\t\t\t\t\t\t\t\t\t\t\t\t\t\t\t\t<a href=\"https:\/\/www.elitenicosia.com\/wp-content\/uploads\/2024\/03\/tomografi-cekim-kaliteli.png\" data-elementor-open-lightbox=\"yes\" data-elementor-lightbox-title=\"tomografi-cekim-kaliteli\" data-e-action-hash=\"#elementor-action%3Aaction%3Dlightbox%26settings%3DeyJpZCI6NzYxNiwidXJsIjoiaHR0cHM6XC9cL3d3dy5lbGl0ZW5pY29zaWEuY29tXC93cC1jb250ZW50XC91cGxvYWRzXC8yMDI0XC8wM1wvdG9tb2dyYWZpLWNla2ltLWthbGl0ZWxpLnBuZyJ9\">\n\t\t\t\t\t\t\t<img fetchpriority=\"high\" decoding=\"async\" width=\"838\" height=\"1024\" data-srcset=\"https:\/\/www.elitenicosia.com\/wp-content\/uploads\/2024\/03\/tomografi-cekim-kaliteli-838x1024.png 838w, https:\/\/www.elitenicosia.com\/wp-content\/uploads\/2024\/03\/tomografi-cekim-kaliteli-246x300.png 246w, https:\/\/www.elitenicosia.com\/wp-content\/uploads\/2024\/03\/tomografi-cekim-kaliteli-768x938.png 768w, https:\/\/www.elitenicosia.com\/wp-content\/uploads\/2024\/03\/tomografi-cekim-kaliteli-10x12.png 10w, https:\/\/www.elitenicosia.com\/wp-content\/uploads\/2024\/03\/tomografi-cekim-kaliteli-400x489.png 400w, https:\/\/www.elitenicosia.com\/wp-content\/uploads\/2024\/03\/tomografi-cekim-kaliteli-491x600.png 491w, https:\/\/www.elitenicosia.com\/wp-content\/uploads\/2024\/03\/tomografi-cekim-kaliteli.png 884w\" data-src=\"https:\/\/www.elitenicosia.com\/wp-content\/uploads\/2024\/03\/tomografi-cekim-kaliteli-838x1024.png\" src=\"\/\/www.w3.org\/2000\/svg%22%20viewBox=%220%200%20838%201024%22%3E%3C\/svg%3E\" class=\"attachment-large size-large wp-image-7616 lazyload\" alt=\"\" sizes=\"(max-width: 838px) 100vw, 838px\" srcset=\"https:\/\/www.elitenicosia.com\/wp-content\/uploads\/2024\/03\/tomografi-cekim-kaliteli-838x1024.png 838w, https:\/\/www.elitenicosia.com\/wp-content\/uploads\/2024\/03\/tomografi-cekim-kaliteli-246x300.png 246w, https:\/\/www.elitenicosia.com\/wp-content\/uploads\/2024\/03\/tomografi-cekim-kaliteli-768x938.png 768w, https:\/\/www.elitenicosia.com\/wp-content\/uploads\/2024\/03\/tomografi-cekim-kaliteli-10x12.png 10w, https:\/\/www.elitenicosia.com\/wp-content\/uploads\/2024\/03\/tomografi-cekim-kaliteli-400x489.png 400w, https:\/\/www.elitenicosia.com\/wp-content\/uploads\/2024\/03\/tomografi-cekim-kaliteli-491x600.png 491w, https:\/\/www.elitenicosia.com\/wp-content\/uploads\/2024\/03\/tomografi-cekim-kaliteli.png 884w\" \/>\t\t\t\t\t\t\t\t<\/a>\n\t\t\t\t\t\t\t\t\t\t\t\t\t\t\t<\/div>\n\t\t\t\t<\/div>\n\t\t\t\t\t<\/div>\n\t\t<\/div>\n\t\t\t\t\t<\/div>\n\t\t<\/section>\n\t\t\t\t\t<\/div>\n\t\t<\/div>\n\t\t\t\t\t<\/div>\n\t\t<\/section>\n\t\t\t\t<\/div>","protected":false},"excerpt":{"rendered":"<p>Yapay Zeka (AI) yeniden yap\u0131land\u0131rmas\u0131 ile y\u00fcksek tan\u0131 oran\u0131 sunan Philips incisive ct 128 SLICE Geli\u015fmi\u015f yapay zeka (AI) rekonstr\u00fcksiyon teknolojisi ile daha hassas g\u00f6r\u00fcnt\u00fc kalitesi ve azalt\u0131lm\u0131\u015f okuma s\u00fcreleri ile y\u00fcksek ve g\u00fcvenli tan\u0131 imkan\u0131 sunan &#8220;Philips incisive ct 128 Slice&#8221; cihaz\u0131 ile Tomografi \u00e7ekiminde sizlere en kaliteli hizmeti sunuyoruz. Bilgisayarl\u0131 Tomografi (BT) Y\u00fcksek Kaliteli &amp; \u00c7ok H\u0131zl\u0131 %80 Daha D\u00fc\u015f\u00fck Radyasyon %60 Y\u00fckseltilmi\u015f D\u00fc\u015f\u00fck Kontrast Oran\u0131 %85 Daha Sessiz<\/p>","protected":false},"author":1,"featured_media":0,"parent":347,"menu_order":0,"comment_status":"closed","ping_status":"closed","template":"elementor_header_footer","meta":{"footnotes":""},"class_list":["post-7613","page","type-page","status-publish","hentry"],"yoast_head":"<!-- This site is optimized with the Yoast SEO plugin v24.4 - https:\/\/yoast.com\/wordpress\/plugins\/seo\/ -->\n<title>Bilgisayarl\u0131 Tomografi (BT) - Elite Hospital<\/title>\n<meta name=\"robots\" content=\"index, follow, max-snippet:-1, max-image-preview:large, max-video-preview:-1\" \/>\n<link rel=\"canonical\" href=\"https:\/\/www.elitenicosia.com\/en\/medikal-goruntuleme\/bilgisayarli-tomografi-bt\/\" \/>\n<meta property=\"og:locale\" content=\"en_GB\" \/>\n<meta property=\"og:type\" content=\"article\" \/>\n<meta property=\"og:title\" content=\"Bilgisayarl\u0131 Tomografi (BT) - Elite Hospital\" \/>\n<meta property=\"og:description\" content=\"Yapay Zeka (AI) yeniden yap\u0131land\u0131rmas\u0131 ile y\u00fcksek tan\u0131 oran\u0131 sunan Philips incisive ct 128 SLICE Geli\u015fmi\u015f yapay zeka (AI) rekonstr\u00fcksiyon teknolojisi ile daha hassas g\u00f6r\u00fcnt\u00fc kalitesi ve azalt\u0131lm\u0131\u015f okuma s\u00fcreleri ile y\u00fcksek ve g\u00fcvenli tan\u0131 imkan\u0131 sunan &#8220;Philips incisive ct 128 Slice&#8221; cihaz\u0131 ile Tomografi \u00e7ekiminde sizlere en kaliteli hizmeti sunuyoruz. Bilgisayarl\u0131 Tomografi (BT) Y\u00fcksek Kaliteli &amp; \u00c7ok H\u0131zl\u0131 %80 Daha D\u00fc\u015f\u00fck Radyasyon %60 Y\u00fckseltilmi\u015f D\u00fc\u015f\u00fck Kontrast Oran\u0131 %85 Daha Sessiz\" \/>\n<meta property=\"og:url\" content=\"https:\/\/www.elitenicosia.com\/en\/medikal-goruntuleme\/bilgisayarli-tomografi-bt\/\" \/>\n<meta property=\"og:site_name\" content=\"Elite Hospital\" \/>\n<meta property=\"article:publisher\" content=\"https:\/\/www.facebook.com\/elitenicosia\/\" \/>\n<meta property=\"article:modified_time\" content=\"2024-03-28T15:23:27+00:00\" \/>\n<meta property=\"og:image\" content=\"https:\/\/www.elitenicosia.com\/wp-content\/uploads\/elementor\/thumbs\/Philips-Incisive-CT-128-qlvq4s0bdbobmwayz3ihsi5snf8y9ynygr74wdvtsw.png\" \/>\n<meta name=\"twitter:card\" content=\"summary_large_image\" \/>\n<meta name=\"twitter:site\" content=\"@elitehastanesi\" \/>\n<meta name=\"twitter:label1\" content=\"Estimated reading time\" \/>\n\t<meta name=\"twitter:data1\" content=\"4 minutes\" \/>\n<script type=\"application\/ld+json\" class=\"yoast-schema-graph\">{\"@context\":\"https:\/\/schema.org\",\"@graph\":[{\"@type\":\"WebPage\",\"@id\":\"https:\/\/www.elitenicosia.com\/medikal-goruntuleme\/bilgisayarli-tomografi-bt\/\",\"url\":\"https:\/\/www.elitenicosia.com\/medikal-goruntuleme\/bilgisayarli-tomografi-bt\/\",\"name\":\"Bilgisayarl\u0131 Tomografi (BT) - Elite Hospital\",\"isPartOf\":{\"@id\":\"https:\/\/www.elitenicosia.com\/#website\"},\"primaryImageOfPage\":{\"@id\":\"https:\/\/www.elitenicosia.com\/medikal-goruntuleme\/bilgisayarli-tomografi-bt\/#primaryimage\"},\"image\":{\"@id\":\"https:\/\/www.elitenicosia.com\/medikal-goruntuleme\/bilgisayarli-tomografi-bt\/#primaryimage\"},\"thumbnailUrl\":\"https:\/\/www.elitenicosia.com\/wp-content\/uploads\/elementor\/thumbs\/Philips-Incisive-CT-128-qlvq4s0bdbobmwayz3ihsi5snf8y9ynygr74wdvtsw.png\",\"datePublished\":\"2024-03-28T14:48:48+00:00\",\"dateModified\":\"2024-03-28T15:23:27+00:00\",\"breadcrumb\":{\"@id\":\"https:\/\/www.elitenicosia.com\/medikal-goruntuleme\/bilgisayarli-tomografi-bt\/#breadcrumb\"},\"inLanguage\":\"en-GB\",\"potentialAction\":[{\"@type\":\"ReadAction\",\"target\":[\"https:\/\/www.elitenicosia.com\/medikal-goruntuleme\/bilgisayarli-tomografi-bt\/\"]}]},{\"@type\":\"ImageObject\",\"inLanguage\":\"en-GB\",\"@id\":\"https:\/\/www.elitenicosia.com\/medikal-goruntuleme\/bilgisayarli-tomografi-bt\/#primaryimage\",\"url\":\"https:\/\/www.elitenicosia.com\/wp-content\/uploads\/elementor\/thumbs\/Philips-Incisive-CT-128-qlvq4s0bdbobmwayz3ihsi5snf8y9ynygr74wdvtsw.png\",\"contentUrl\":\"https:\/\/www.elitenicosia.com\/wp-content\/uploads\/elementor\/thumbs\/Philips-Incisive-CT-128-qlvq4s0bdbobmwayz3ihsi5snf8y9ynygr74wdvtsw.png\"},{\"@type\":\"BreadcrumbList\",\"@id\":\"https:\/\/www.elitenicosia.com\/medikal-goruntuleme\/bilgisayarli-tomografi-bt\/#breadcrumb\",\"itemListElement\":[{\"@type\":\"ListItem\",\"position\":1,\"name\":\"Ana sayfa\",\"item\":\"https:\/\/www.elitenicosia.com\/\"},{\"@type\":\"ListItem\",\"position\":2,\"name\":\"Medikal G\u00f6r\u00fcnt\u00fcleme\",\"item\":\"https:\/\/www.elitenicosia.com\/medikal-goruntuleme\/\"},{\"@type\":\"ListItem\",\"position\":3,\"name\":\"Bilgisayarl\u0131 Tomografi (BT)\"}]},{\"@type\":\"WebSite\",\"@id\":\"https:\/\/www.elitenicosia.com\/#website\",\"url\":\"https:\/\/www.elitenicosia.com\/\",\"name\":\"Elite Hospital Lefko\u015fa\",\"description\":\"K\u0131br\u0131s\u2019\u0131n \u0130LK ve TEK ara\u015ft\u0131rma hastanesi\",\"publisher\":{\"@id\":\"https:\/\/www.elitenicosia.com\/#organization\"},\"potentialAction\":[{\"@type\":\"SearchAction\",\"target\":{\"@type\":\"EntryPoint\",\"urlTemplate\":\"https:\/\/www.elitenicosia.com\/?s={search_term_string}\"},\"query-input\":{\"@type\":\"PropertyValueSpecification\",\"valueRequired\":true,\"valueName\":\"search_term_string\"}}],\"inLanguage\":\"en-GB\"},{\"@type\":\"Organization\",\"@id\":\"https:\/\/www.elitenicosia.com\/#organization\",\"name\":\"Elite Hospital\",\"url\":\"https:\/\/www.elitenicosia.com\/\",\"logo\":{\"@type\":\"ImageObject\",\"inLanguage\":\"en-GB\",\"@id\":\"https:\/\/www.elitenicosia.com\/#\/schema\/logo\/image\/\",\"url\":\"https:\/\/www.elitenicosia.com\/wp-content\/uploads\/2019\/09\/Elite_Hospital_Logo.png\",\"contentUrl\":\"https:\/\/www.elitenicosia.com\/wp-content\/uploads\/2019\/09\/Elite_Hospital_Logo.png\",\"width\":260,\"height\":260,\"caption\":\"Elite Hospital\"},\"image\":{\"@id\":\"https:\/\/www.elitenicosia.com\/#\/schema\/logo\/image\/\"},\"sameAs\":[\"https:\/\/www.facebook.com\/elitenicosia\/\",\"https:\/\/x.com\/elitehastanesi\",\"https:\/\/www.instagram.com\/elitehastanesi\/\",\"https:\/\/www.youtube.com\/channel\/UCL_-OABAVRjDnQ77K4eGI4w\/\"]}]}<\/script>\n<!-- \/ Yoast SEO plugin. -->","yoast_head_json":{"title":"Bilgisayarl\u0131 Tomografi (BT) - Elite Hospital","robots":{"index":"index","follow":"follow","max-snippet":"max-snippet:-1","max-image-preview":"max-image-preview:large","max-video-preview":"max-video-preview:-1"},"canonical":"https:\/\/www.elitenicosia.com\/en\/medikal-goruntuleme\/bilgisayarli-tomografi-bt\/","og_locale":"en_GB","og_type":"article","og_title":"Bilgisayarl\u0131 Tomografi (BT) - Elite Hospital","og_description":"Yapay Zeka (AI) yeniden yap\u0131land\u0131rmas\u0131 ile y\u00fcksek tan\u0131 oran\u0131 sunan Philips incisive ct 128 SLICE Geli\u015fmi\u015f yapay zeka (AI) rekonstr\u00fcksiyon teknolojisi ile daha hassas g\u00f6r\u00fcnt\u00fc kalitesi ve azalt\u0131lm\u0131\u015f okuma s\u00fcreleri ile y\u00fcksek ve g\u00fcvenli tan\u0131 imkan\u0131 sunan &#8220;Philips incisive ct 128 Slice&#8221; cihaz\u0131 ile Tomografi \u00e7ekiminde sizlere en kaliteli hizmeti sunuyoruz. Bilgisayarl\u0131 Tomografi (BT) Y\u00fcksek Kaliteli &amp; \u00c7ok H\u0131zl\u0131 %80 Daha D\u00fc\u015f\u00fck Radyasyon %60 Y\u00fckseltilmi\u015f D\u00fc\u015f\u00fck Kontrast Oran\u0131 %85 Daha Sessiz","og_url":"https:\/\/www.elitenicosia.com\/en\/medikal-goruntuleme\/bilgisayarli-tomografi-bt\/","og_site_name":"Elite Hospital","article_publisher":"https:\/\/www.facebook.com\/elitenicosia\/","article_modified_time":"2024-03-28T15:23:27+00:00","og_image":[{"url":"https:\/\/www.elitenicosia.com\/wp-content\/uploads\/elementor\/thumbs\/Philips-Incisive-CT-128-qlvq4s0bdbobmwayz3ihsi5snf8y9ynygr74wdvtsw.png","type":"","width":"","height":""}],"twitter_card":"summary_large_image","twitter_site":"@elitehastanesi","twitter_misc":{"Estimated reading time":"4 minutes"},"schema":{"@context":"https:\/\/schema.org","@graph":[{"@type":"WebPage","@id":"https:\/\/www.elitenicosia.com\/medikal-goruntuleme\/bilgisayarli-tomografi-bt\/","url":"https:\/\/www.elitenicosia.com\/medikal-goruntuleme\/bilgisayarli-tomografi-bt\/","name":"Bilgisayarl\u0131 Tomografi (BT) - Elite Hospital","isPartOf":{"@id":"https:\/\/www.elitenicosia.com\/#website"},"primaryImageOfPage":{"@id":"https:\/\/www.elitenicosia.com\/medikal-goruntuleme\/bilgisayarli-tomografi-bt\/#primaryimage"},"image":{"@id":"https:\/\/www.elitenicosia.com\/medikal-goruntuleme\/bilgisayarli-tomografi-bt\/#primaryimage"},"thumbnailUrl":"https:\/\/www.elitenicosia.com\/wp-content\/uploads\/elementor\/thumbs\/Philips-Incisive-CT-128-qlvq4s0bdbobmwayz3ihsi5snf8y9ynygr74wdvtsw.png","datePublished":"2024-03-28T14:48:48+00:00","dateModified":"2024-03-28T15:23:27+00:00","breadcrumb":{"@id":"https:\/\/www.elitenicosia.com\/medikal-goruntuleme\/bilgisayarli-tomografi-bt\/#breadcrumb"},"inLanguage":"en-GB","potentialAction":[{"@type":"ReadAction","target":["https:\/\/www.elitenicosia.com\/medikal-goruntuleme\/bilgisayarli-tomografi-bt\/"]}]},{"@type":"ImageObject","inLanguage":"en-GB","@id":"https:\/\/www.elitenicosia.com\/medikal-goruntuleme\/bilgisayarli-tomografi-bt\/#primaryimage","url":"https:\/\/www.elitenicosia.com\/wp-content\/uploads\/elementor\/thumbs\/Philips-Incisive-CT-128-qlvq4s0bdbobmwayz3ihsi5snf8y9ynygr74wdvtsw.png","contentUrl":"https:\/\/www.elitenicosia.com\/wp-content\/uploads\/elementor\/thumbs\/Philips-Incisive-CT-128-qlvq4s0bdbobmwayz3ihsi5snf8y9ynygr74wdvtsw.png"},{"@type":"BreadcrumbList","@id":"https:\/\/www.elitenicosia.com\/medikal-goruntuleme\/bilgisayarli-tomografi-bt\/#breadcrumb","itemListElement":[{"@type":"ListItem","position":1,"name":"Ana sayfa","item":"https:\/\/www.elitenicosia.com\/"},{"@type":"ListItem","position":2,"name":"Medikal G\u00f6r\u00fcnt\u00fcleme","item":"https:\/\/www.elitenicosia.com\/medikal-goruntuleme\/"},{"@type":"ListItem","position":3,"name":"Bilgisayarl\u0131 Tomografi (BT)"}]},{"@type":"WebSite","@id":"https:\/\/www.elitenicosia.com\/#website","url":"https:\/\/www.elitenicosia.com\/","name":"Elite Hospital Lefko\u015fa","description":"K\u0131br\u0131s\u2019\u0131n \u0130LK ve TEK ara\u015ft\u0131rma hastanesi","publisher":{"@id":"https:\/\/www.elitenicosia.com\/#organization"},"potentialAction":[{"@type":"SearchAction","target":{"@type":"EntryPoint","urlTemplate":"https:\/\/www.elitenicosia.com\/?s={search_term_string}"},"query-input":{"@type":"PropertyValueSpecification","valueRequired":true,"valueName":"search_term_string"}}],"inLanguage":"en-GB"},{"@type":"Organization","@id":"https:\/\/www.elitenicosia.com\/#organization","name":"Elite Hospital","url":"https:\/\/www.elitenicosia.com\/","logo":{"@type":"ImageObject","inLanguage":"en-GB","@id":"https:\/\/www.elitenicosia.com\/#\/schema\/logo\/image\/","url":"https:\/\/www.elitenicosia.com\/wp-content\/uploads\/2019\/09\/Elite_Hospital_Logo.png","contentUrl":"https:\/\/www.elitenicosia.com\/wp-content\/uploads\/2019\/09\/Elite_Hospital_Logo.png","width":260,"height":260,"caption":"Elite Hospital"},"image":{"@id":"https:\/\/www.elitenicosia.com\/#\/schema\/logo\/image\/"},"sameAs":["https:\/\/www.facebook.com\/elitenicosia\/","https:\/\/x.com\/elitehastanesi","https:\/\/www.instagram.com\/elitehastanesi\/","https:\/\/www.youtube.com\/channel\/UCL_-OABAVRjDnQ77K4eGI4w\/"]}]}},"_links":{"self":[{"href":"https:\/\/www.elitenicosia.com\/en\/wp-json\/wp\/v2\/pages\/7613"}],"collection":[{"href":"https:\/\/www.elitenicosia.com\/en\/wp-json\/wp\/v2\/pages"}],"about":[{"href":"https:\/\/www.elitenicosia.com\/en\/wp-json\/wp\/v2\/types\/page"}],"author":[{"embeddable":true,"href":"https:\/\/www.elitenicosia.com\/en\/wp-json\/wp\/v2\/users\/1"}],"replies":[{"embeddable":true,"href":"https:\/\/www.elitenicosia.com\/en\/wp-json\/wp\/v2\/comments?post=7613"}],"version-history":[{"count":19,"href":"https:\/\/www.elitenicosia.com\/en\/wp-json\/wp\/v2\/pages\/7613\/revisions"}],"predecessor-version":[{"id":7665,"href":"https:\/\/www.elitenicosia.com\/en\/wp-json\/wp\/v2\/pages\/7613\/revisions\/7665"}],"up":[{"embeddable":true,"href":"https:\/\/www.elitenicosia.com\/en\/wp-json\/wp\/v2\/pages\/347"}],"wp:attachment":[{"href":"https:\/\/www.elitenicosia.com\/en\/wp-json\/wp\/v2\/media?parent=7613"}],"curies":[{"name":"wp","href":"https:\/\/api.w.org\/{rel}","templated":true}]}}