{"id":6680,"date":"2023-05-21T17:59:35","date_gmt":"2023-05-21T14:59:35","guid":{"rendered":"https:\/\/www.elitenicosia.com\/?page_id=6680"},"modified":"2023-06-25T18:25:30","modified_gmt":"2023-06-25T15:25:30","slug":"online-islemler","status":"publish","type":"page","link":"https:\/\/www.elitenicosia.com\/en\/online-islemler\/","title":{"rendered":"Online Transactions"},"content":{"rendered":"<div data-elementor-type=\"wp-page\" data-elementor-id=\"6680\" class=\"elementor elementor-6680\" data-elementor-settings=\"{&quot;ha_cmc_init_switcher&quot;:&quot;no&quot;}\">\n\t\t\t\t\t\t<section class=\"elementor-section elementor-top-section elementor-element elementor-element-123fc3c0 elementor-section-boxed elementor-section-height-default elementor-section-height-default\" data-id=\"123fc3c0\" data-element_type=\"section\" data-e-type=\"section\" data-settings=\"{&quot;background_background&quot;:&quot;classic&quot;,&quot;_ha_eqh_enable&quot;:false}\">\n\t\t\t\t\t\t<div class=\"elementor-container elementor-column-gap-default\">\n\t\t\t\t\t<div class=\"elementor-column elementor-col-100 elementor-top-column elementor-element elementor-element-3db52287\" data-id=\"3db52287\" data-element_type=\"column\" data-e-type=\"column\">\n\t\t\t<div class=\"elementor-widget-wrap elementor-element-populated\">\n\t\t\t\t\t\t<div class=\"elementor-element elementor-element-11a73987 ha-has-bg-overlay elementor-widget elementor-widget-heading\" data-id=\"11a73987\" data-element_type=\"widget\" data-e-type=\"widget\" data-widget_type=\"heading.default\">\n\t\t\t\t<div class=\"elementor-widget-container\">\n\t\t\t\t\t<h2 class=\"elementor-heading-title elementor-size-default\">Online Transactions<\/h2>\t\t\t\t<\/div>\n\t\t\t\t<\/div>\n\t\t\t\t<section class=\"elementor-section elementor-inner-section elementor-element elementor-element-54518466 elementor-section-boxed elementor-section-height-default elementor-section-height-default\" data-id=\"54518466\" data-element_type=\"section\" data-e-type=\"section\" data-settings=\"{&quot;_ha_eqh_enable&quot;:false}\">\n\t\t\t\t\t\t<div class=\"elementor-container elementor-column-gap-default\">\n\t\t\t\t\t<div class=\"elementor-column elementor-col-33 elementor-inner-column elementor-element elementor-element-c42af83\" data-id=\"c42af83\" data-element_type=\"column\" data-e-type=\"column\">\n\t\t\t<div class=\"elementor-widget-wrap elementor-element-populated\">\n\t\t\t\t\t\t<div class=\"elementor-element elementor-element-e7a38a2 ha-infobox-media-dir-top elementor-widget elementor-widget-ha-infobox happy-addon ha-infobox\" data-id=\"e7a38a2\" data-element_type=\"widget\" data-e-type=\"widget\" data-widget_type=\"ha-infobox.default\">\n\t\t\t\t<div class=\"elementor-widget-container\">\n\t\t\t\t\t\n\t\t\t\t\t<figure class=\"ha-infobox-figure ha-infobox-figure--icon\">\n\t\t\t\t<i class=\"fas fa-bong\"><\/i>\t\t\t<\/figure>\n\t\t\n\t\t<div class=\"ha-infobox-body\">\n\t\t\t<h2 class=\"ha-infobox-title\">Online Lab Results<\/h2>\n\t\t\t\t\t\t\t<div class=\"ha-infobox-text\">\n\t\t\t\t\t<p>Click on the link below and enter the necessary information to see the results of the laboratory tests and examinations you have had at our hospital.<\/p>\n\t\t\t\t<\/div>\n\t\t\t\n\t\t\t<a class=\"ha-btn ha-btn--link\" href=\"http:\/\/lab.elitenicosia.com\/\" target=\"_blank\" rel=\"nofollow\"><span class=\"ha-btn-text\">Lab Results<\/span><\/a>\t\t<\/div>\n\t\t\t\t\t\t<\/div>\n\t\t\t\t<\/div>\n\t\t\t\t\t<\/div>\n\t\t<\/div>\n\t\t\t\t<div class=\"elementor-column elementor-col-33 elementor-inner-column elementor-element elementor-element-47281be\" data-id=\"47281be\" data-element_type=\"column\" data-e-type=\"column\">\n\t\t\t<div class=\"elementor-widget-wrap elementor-element-populated\">\n\t\t\t\t\t\t<div class=\"elementor-element elementor-element-c5bdfc8 ha-infobox-media-dir-top elementor-widget elementor-widget-ha-infobox happy-addon ha-infobox\" data-id=\"c5bdfc8\" data-element_type=\"widget\" data-e-type=\"widget\" data-widget_type=\"ha-infobox.default\">\n\t\t\t\t<div class=\"elementor-widget-container\">\n\t\t\t\t\t\n\t\t\t\t\t<figure class=\"ha-infobox-figure ha-infobox-figure--icon\">\n\t\t\t\t<i class=\"fas fa-virus\"><\/i>\t\t\t<\/figure>\n\t\t\n\t\t<div class=\"ha-infobox-body\">\n\t\t\t<h2 class=\"ha-infobox-title\">Online Antigen Results<\/h2>\n\t\t\t\t\t\t\t<div class=\"ha-infobox-text\">\n\t\t\t\t\t<p>Click on the link below to see the antigen test results you have done in our hospital and enter the necessary information.<\/p>\n\t\t\t\t<\/div>\n\t\t\t\n\t\t\t<a class=\"ha-btn ha-btn--link\" href=\"http:\/\/pcr.elitenicosia.com\/\" target=\"_blank\" rel=\"nofollow\"><span class=\"ha-btn-text\">Antigen Results<\/span><\/a>\t\t<\/div>\n\t\t\t\t\t\t<\/div>\n\t\t\t\t<\/div>\n\t\t\t\t\t<\/div>\n\t\t<\/div>\n\t\t\t\t<div class=\"elementor-column elementor-col-33 elementor-inner-column elementor-element elementor-element-730de40\" data-id=\"730de40\" data-element_type=\"column\" data-e-type=\"column\">\n\t\t\t<div class=\"elementor-widget-wrap elementor-element-populated\">\n\t\t\t\t\t\t<div class=\"elementor-element elementor-element-b717f1a ha-infobox-media-dir-top elementor-widget elementor-widget-ha-infobox happy-addon ha-infobox\" data-id=\"b717f1a\" data-element_type=\"widget\" data-e-type=\"widget\" data-widget_type=\"ha-infobox.default\">\n\t\t\t\t<div class=\"elementor-widget-container\">\n\t\t\t\t\t\n\t\t\t\t\t<figure class=\"ha-infobox-figure ha-infobox-figure--icon\">\n\t\t\t\t<i class=\"fas fa-envelope\"><\/i>\t\t\t<\/figure>\n\t\t\n\t\t<div class=\"ha-infobox-body\">\n\t\t\t<h2 class=\"ha-infobox-title\">Contact Us<\/h2>\n\t\t\t\t\t\t\t<div class=\"ha-infobox-text\">\n\t\t\t\t\t<p>For more detailed information about the services we provide at our hospital, please click the link below and contact us.<\/p>\n\t\t\t\t<\/div>\n\t\t\t\n\t\t\t<a class=\"ha-btn ha-btn--link\" href=\"\/en\/online-islemler\/iletisim\/\"><span class=\"ha-btn-text\">Contact Page<\/span><\/a>\t\t<\/div>\n\t\t\t\t\t\t<\/div>\n\t\t\t\t<\/div>\n\t\t\t\t\t<\/div>\n\t\t<\/div>\n\t\t\t\t\t<\/div>\n\t\t<\/section>\n\t\t\t\t<div class=\"elementor-element elementor-element-24b9f04e elementor-widget elementor-widget-spacer\" data-id=\"24b9f04e\" data-element_type=\"widget\" data-e-type=\"widget\" data-widget_type=\"spacer.default\">\n\t\t\t\t<div class=\"elementor-widget-container\">\n\t\t\t\t\t\t\t<div class=\"elementor-spacer\">\n\t\t\t<div class=\"elementor-spacer-inner\"><\/div>\n\t\t<\/div>\n\t\t\t\t\t\t<\/div>\n\t\t\t\t<\/div>\n\t\t\t\t<section class=\"elementor-section elementor-inner-section elementor-element elementor-element-307e474 elementor-section-boxed elementor-section-height-default elementor-section-height-default\" data-id=\"307e474\" data-element_type=\"section\" data-e-type=\"section\" data-settings=\"{&quot;_ha_eqh_enable&quot;:false}\">\n\t\t\t\t\t\t<div class=\"elementor-container elementor-column-gap-default\">\n\t\t\t\t\t<div class=\"elementor-column elementor-col-33 elementor-inner-column elementor-element elementor-element-bb7f210\" data-id=\"bb7f210\" data-element_type=\"column\" data-e-type=\"column\">\n\t\t\t<div class=\"elementor-widget-wrap elementor-element-populated\">\n\t\t\t\t\t\t<div class=\"elementor-element elementor-element-35ee447 ha-infobox-media-dir-top elementor-widget elementor-widget-ha-infobox happy-addon ha-infobox\" data-id=\"35ee447\" data-element_type=\"widget\" data-e-type=\"widget\" data-widget_type=\"ha-infobox.default\">\n\t\t\t\t<div class=\"elementor-widget-container\">\n\t\t\t\t\t\n\t\t\t\t\t<figure class=\"ha-infobox-figure ha-infobox-figure--icon\">\n\t\t\t\t<i class=\"fas fa-grin-stars\"><\/i>\t\t\t<\/figure>\n\t\t\n\t\t<div class=\"ha-infobox-body\">\n\t\t\t<h2 class=\"ha-infobox-title\">Patient Satisfaction Survey <\/h2>\n\t\t\t\t\t\t\t<div class=\"ha-infobox-text\">\n\t\t\t\t\t<p>Are you satisfied with the service you receive from our hospital? If you have complaints or suggestions, share them with us!<\/p>\n\t\t\t\t<\/div>\n\t\t\t\n\t\t\t<a class=\"ha-btn ha-btn--link\" href=\"\/en\/online-islemler\/hasta-memnuniyeti-anketi\/\"><span class=\"ha-btn-text\">Patient Questionnaire <\/span><\/a>\t\t<\/div>\n\t\t\t\t\t\t<\/div>\n\t\t\t\t<\/div>\n\t\t\t\t\t<\/div>\n\t\t<\/div>\n\t\t\t\t<div class=\"elementor-column elementor-col-33 elementor-inner-column elementor-element elementor-element-7bd2e2b\" data-id=\"7bd2e2b\" data-element_type=\"column\" data-e-type=\"column\">\n\t\t\t<div class=\"elementor-widget-wrap elementor-element-populated\">\n\t\t\t\t\t\t<div class=\"elementor-element elementor-element-98a21a2 ha-infobox-media-dir-top elementor-widget elementor-widget-ha-infobox happy-addon ha-infobox\" data-id=\"98a21a2\" data-element_type=\"widget\" data-e-type=\"widget\" data-widget_type=\"ha-infobox.default\">\n\t\t\t\t<div class=\"elementor-widget-container\">\n\t\t\t\t\t\n\t\t\t\t\t<figure class=\"ha-infobox-figure ha-infobox-figure--icon\">\n\t\t\t\t<i class=\"fas fa-user-md\"><\/i>\t\t\t<\/figure>\n\t\t\n\t\t<div class=\"ha-infobox-body\">\n\t\t\t<h2 class=\"ha-infobox-title\">Do you want to work with us?<\/h2>\n\t\t\t\t\t\t\t<div class=\"ha-infobox-text\">\n\t\t\t\t\t<p>To apply for a job and leave a CV, visit our page with the link below and fill out the form.<\/p>\n\t\t\t\t<\/div>\n\t\t\t\n\t\t\t<a class=\"ha-btn ha-btn--link\" href=\"\/en\/online-islemler\/is-basvurusu\/\"><span class=\"ha-btn-text\">Job application<\/span><\/a>\t\t<\/div>\n\t\t\t\t\t\t<\/div>\n\t\t\t\t<\/div>\n\t\t\t\t\t<\/div>\n\t\t<\/div>\n\t\t\t\t<div class=\"elementor-column elementor-col-33 elementor-inner-column elementor-element elementor-element-648d4c4a\" data-id=\"648d4c4a\" data-element_type=\"column\" data-e-type=\"column\">\n\t\t\t<div class=\"elementor-widget-wrap elementor-element-populated\">\n\t\t\t\t\t\t<div class=\"elementor-element elementor-element-2a5369d8 ha-infobox-media-dir-top elementor-widget elementor-widget-ha-infobox happy-addon ha-infobox\" data-id=\"2a5369d8\" data-element_type=\"widget\" data-e-type=\"widget\" data-widget_type=\"ha-infobox.default\">\n\t\t\t\t<div class=\"elementor-widget-container\">\n\t\t\t\t\t\n\t\t\t\t\t<figure class=\"ha-infobox-figure ha-infobox-figure--icon\">\n\t\t\t\t<i class=\"fas fa-hand-holding-usd\"><\/i>\t\t\t<\/figure>\n\t\t\n\t\t<div class=\"ha-infobox-body\">\n\t\t\t<h2 class=\"ha-infobox-title\">Price Consultation<\/h2>\n\t\t\t\t\t\t\t<div class=\"ha-infobox-text\">\n\t\t\t\t\t<p>For more detailed information about the prices of the services we provide at our hospital, please visit this page.<\/p>\n\t\t\t\t<\/div>\n\t\t\t\n\t\t\t<a class=\"ha-btn ha-btn--link\" href=\"\/en\/online-islemler\/iletisim\/\"><span class=\"ha-btn-text\">Price Consultation<\/span><\/a>\t\t<\/div>\n\t\t\t\t\t\t<\/div>\n\t\t\t\t<\/div>\n\t\t\t\t\t<\/div>\n\t\t<\/div>\n\t\t\t\t\t<\/div>\n\t\t<\/section>\n\t\t\t\t\t<\/div>\n\t\t<\/div>\n\t\t\t\t\t<\/div>\n\t\t<\/section>\n\t\t\t\t<\/div>","protected":false},"excerpt":{"rendered":"<p>Online Transactions Online Laboratory Results Click on the link below to see the results of the laboratory tests and examinations you have had done in our hospital and enter the necessary information. Lab Results Online Antigen Results Click on the link below to see the results of the antigen test you have had done in our hospital and enter the necessary information. Antigen Results Contact Us For more detailed information about the services we provide in our hospital, please click on the link below and contact us. Contact Page Patient Satisfaction Survey Are you satisfied with the service you receive from our hospital? If you have any complaints or suggestions, please share them with us! Patient Survey Would You Like to Work With Us? Visit our page linked below to apply for a job and leave a CV and fill out the form. Job Application [\u2026]<\/p>","protected":false},"author":1,"featured_media":0,"parent":0,"menu_order":0,"comment_status":"closed","ping_status":"closed","template":"elementor_header_footer","meta":{"footnotes":""},"class_list":["post-6680","page","type-page","status-publish","hentry"],"yoast_head":"<!-- This site is optimized with the Yoast SEO plugin v24.4 - https:\/\/yoast.com\/wordpress\/plugins\/seo\/ -->\n<title>Online \u0130\u015flemler - Elite Hospital<\/title>\n<meta name=\"robots\" content=\"index, follow, max-snippet:-1, max-image-preview:large, max-video-preview:-1\" \/>\n<link rel=\"canonical\" href=\"https:\/\/www.elitenicosia.com\/en\/online-islemler\/\" \/>\n<meta property=\"og:locale\" content=\"en_GB\" \/>\n<meta property=\"og:type\" content=\"article\" \/>\n<meta property=\"og:title\" content=\"Online \u0130\u015flemler - Elite Hospital\" \/>\n<meta property=\"og:description\" content=\"Online \u0130\u015flemler Online Laboratuvar Sonu\u00e7lar\u0131 Hastanemizde yapt\u0131rd\u0131\u011f\u0131n\u0131z laboratuvar test ve tetkiklerinin sonu\u00e7lar\u0131n\u0131 g\u00f6rmek i\u00e7in a\u015fa\u011f\u0131daki linke t\u0131klay\u0131n ve gerekli bilgileri girin. Lab Sonu\u00e7lar\u0131 Online Antijen Sonu\u00e7lar\u0131 Hastanemizde yapt\u0131rd\u0131\u011f\u0131n\u0131z antijen test sonu\u00e7lar\u0131n\u0131 g\u00f6rmek i\u00e7in a\u015fa\u011f\u0131daki linke t\u0131klay\u0131n ve gerekli bilgileri girin. Antijen Sonu\u00e7lar\u0131 Bizimle \u0130leti\u015fime Ge\u00e7in Hastanemizde verdi\u011fimiz hizmetler hakk\u0131nda daha detayl\u0131 bilgi almak i\u00e7in l\u00fctfen a\u015fa\u011f\u0131daki linki t\u0131klay\u0131p bizimle ileti\u015fime ge\u00e7in. \u0130leti\u015fim Sayfas\u0131 Hasta Memnuniyeti Anketi Hastanemizden ald\u0131\u011f\u0131n\u0131z hizmetten memnun musunuz? \u015eikayet veya \u00f6nerileriniz varsa bizimle payla\u015f\u0131n! Hasta Anketi Bizimle \u00c7al\u0131\u015fmak \u0130stermisiniz? \u0130\u015f ba\u015fvurusunda bulunmak ve CV b\u0131rakmak i\u00e7in a\u015fa\u011f\u0131da linki verilen sayfam\u0131z\u0131 ziyaret edin ve formu doldurun. \u0130\u015f Ba\u015fvurusu [&hellip;]\" \/>\n<meta property=\"og:url\" content=\"https:\/\/www.elitenicosia.com\/en\/online-islemler\/\" \/>\n<meta property=\"og:site_name\" content=\"Elite Hospital\" \/>\n<meta property=\"article:publisher\" content=\"https:\/\/www.facebook.com\/elitenicosia\/\" \/>\n<meta property=\"article:modified_time\" content=\"2023-06-25T15:25:30+00:00\" \/>\n<meta name=\"twitter:card\" content=\"summary_large_image\" \/>\n<meta name=\"twitter:site\" content=\"@elitehastanesi\" \/>\n<meta name=\"twitter:label1\" content=\"Estimated reading time\" \/>\n\t<meta name=\"twitter:data1\" content=\"1 minute\" \/>\n<script type=\"application\/ld+json\" class=\"yoast-schema-graph\">{\"@context\":\"https:\/\/schema.org\",\"@graph\":[{\"@type\":\"WebPage\",\"@id\":\"https:\/\/www.elitenicosia.com\/online-islemler\/\",\"url\":\"https:\/\/www.elitenicosia.com\/online-islemler\/\",\"name\":\"Online \u0130\u015flemler - Elite Hospital\",\"isPartOf\":{\"@id\":\"https:\/\/www.elitenicosia.com\/#website\"},\"datePublished\":\"2023-05-21T14:59:35+00:00\",\"dateModified\":\"2023-06-25T15:25:30+00:00\",\"breadcrumb\":{\"@id\":\"https:\/\/www.elitenicosia.com\/online-islemler\/#breadcrumb\"},\"inLanguage\":\"en-GB\",\"potentialAction\":[{\"@type\":\"ReadAction\",\"target\":[\"https:\/\/www.elitenicosia.com\/online-islemler\/\"]}]},{\"@type\":\"BreadcrumbList\",\"@id\":\"https:\/\/www.elitenicosia.com\/online-islemler\/#breadcrumb\",\"itemListElement\":[{\"@type\":\"ListItem\",\"position\":1,\"name\":\"Ana sayfa\",\"item\":\"https:\/\/www.elitenicosia.com\/\"},{\"@type\":\"ListItem\",\"position\":2,\"name\":\"Online \u0130\u015flemler\"}]},{\"@type\":\"WebSite\",\"@id\":\"https:\/\/www.elitenicosia.com\/#website\",\"url\":\"https:\/\/www.elitenicosia.com\/\",\"name\":\"Elite Hospital Lefko\u015fa\",\"description\":\"K\u0131br\u0131s\u2019\u0131n \u0130LK ve TEK ara\u015ft\u0131rma hastanesi\",\"publisher\":{\"@id\":\"https:\/\/www.elitenicosia.com\/#organization\"},\"potentialAction\":[{\"@type\":\"SearchAction\",\"target\":{\"@type\":\"EntryPoint\",\"urlTemplate\":\"https:\/\/www.elitenicosia.com\/?s={search_term_string}\"},\"query-input\":{\"@type\":\"PropertyValueSpecification\",\"valueRequired\":true,\"valueName\":\"search_term_string\"}}],\"inLanguage\":\"en-GB\"},{\"@type\":\"Organization\",\"@id\":\"https:\/\/www.elitenicosia.com\/#organization\",\"name\":\"Elite Hospital\",\"url\":\"https:\/\/www.elitenicosia.com\/\",\"logo\":{\"@type\":\"ImageObject\",\"inLanguage\":\"en-GB\",\"@id\":\"https:\/\/www.elitenicosia.com\/#\/schema\/logo\/image\/\",\"url\":\"https:\/\/www.elitenicosia.com\/wp-content\/uploads\/2019\/09\/Elite_Hospital_Logo.png\",\"contentUrl\":\"https:\/\/www.elitenicosia.com\/wp-content\/uploads\/2019\/09\/Elite_Hospital_Logo.png\",\"width\":260,\"height\":260,\"caption\":\"Elite Hospital\"},\"image\":{\"@id\":\"https:\/\/www.elitenicosia.com\/#\/schema\/logo\/image\/\"},\"sameAs\":[\"https:\/\/www.facebook.com\/elitenicosia\/\",\"https:\/\/x.com\/elitehastanesi\",\"https:\/\/www.instagram.com\/elitehastanesi\/\",\"https:\/\/www.youtube.com\/channel\/UCL_-OABAVRjDnQ77K4eGI4w\/\"]}]}<\/script>\n<!-- \/ Yoast SEO plugin. -->","yoast_head_json":{"title":"Online \u0130\u015flemler - Elite Hospital","robots":{"index":"index","follow":"follow","max-snippet":"max-snippet:-1","max-image-preview":"max-image-preview:large","max-video-preview":"max-video-preview:-1"},"canonical":"https:\/\/www.elitenicosia.com\/en\/online-islemler\/","og_locale":"en_GB","og_type":"article","og_title":"Online \u0130\u015flemler - Elite Hospital","og_description":"Online \u0130\u015flemler Online Laboratuvar Sonu\u00e7lar\u0131 Hastanemizde yapt\u0131rd\u0131\u011f\u0131n\u0131z laboratuvar test ve tetkiklerinin sonu\u00e7lar\u0131n\u0131 g\u00f6rmek i\u00e7in a\u015fa\u011f\u0131daki linke t\u0131klay\u0131n ve gerekli bilgileri girin. Lab Sonu\u00e7lar\u0131 Online Antijen Sonu\u00e7lar\u0131 Hastanemizde yapt\u0131rd\u0131\u011f\u0131n\u0131z antijen test sonu\u00e7lar\u0131n\u0131 g\u00f6rmek i\u00e7in a\u015fa\u011f\u0131daki linke t\u0131klay\u0131n ve gerekli bilgileri girin. Antijen Sonu\u00e7lar\u0131 Bizimle \u0130leti\u015fime Ge\u00e7in Hastanemizde verdi\u011fimiz hizmetler hakk\u0131nda daha detayl\u0131 bilgi almak i\u00e7in l\u00fctfen a\u015fa\u011f\u0131daki linki t\u0131klay\u0131p bizimle ileti\u015fime ge\u00e7in. \u0130leti\u015fim Sayfas\u0131 Hasta Memnuniyeti Anketi Hastanemizden ald\u0131\u011f\u0131n\u0131z hizmetten memnun musunuz? \u015eikayet veya \u00f6nerileriniz varsa bizimle payla\u015f\u0131n! Hasta Anketi Bizimle \u00c7al\u0131\u015fmak \u0130stermisiniz? \u0130\u015f ba\u015fvurusunda bulunmak ve CV b\u0131rakmak i\u00e7in a\u015fa\u011f\u0131da linki verilen sayfam\u0131z\u0131 ziyaret edin ve formu doldurun. \u0130\u015f Ba\u015fvurusu [&hellip;]","og_url":"https:\/\/www.elitenicosia.com\/en\/online-islemler\/","og_site_name":"Elite Hospital","article_publisher":"https:\/\/www.facebook.com\/elitenicosia\/","article_modified_time":"2023-06-25T15:25:30+00:00","twitter_card":"summary_large_image","twitter_site":"@elitehastanesi","twitter_misc":{"Estimated reading time":"1 minute"},"schema":{"@context":"https:\/\/schema.org","@graph":[{"@type":"WebPage","@id":"https:\/\/www.elitenicosia.com\/online-islemler\/","url":"https:\/\/www.elitenicosia.com\/online-islemler\/","name":"Online \u0130\u015flemler - Elite Hospital","isPartOf":{"@id":"https:\/\/www.elitenicosia.com\/#website"},"datePublished":"2023-05-21T14:59:35+00:00","dateModified":"2023-06-25T15:25:30+00:00","breadcrumb":{"@id":"https:\/\/www.elitenicosia.com\/online-islemler\/#breadcrumb"},"inLanguage":"en-GB","potentialAction":[{"@type":"ReadAction","target":["https:\/\/www.elitenicosia.com\/online-islemler\/"]}]},{"@type":"BreadcrumbList","@id":"https:\/\/www.elitenicosia.com\/online-islemler\/#breadcrumb","itemListElement":[{"@type":"ListItem","position":1,"name":"Ana sayfa","item":"https:\/\/www.elitenicosia.com\/"},{"@type":"ListItem","position":2,"name":"Online \u0130\u015flemler"}]},{"@type":"WebSite","@id":"https:\/\/www.elitenicosia.com\/#website","url":"https:\/\/www.elitenicosia.com\/","name":"Elite Hospital Lefko\u015fa","description":"K\u0131br\u0131s\u2019\u0131n \u0130LK ve TEK ara\u015ft\u0131rma hastanesi","publisher":{"@id":"https:\/\/www.elitenicosia.com\/#organization"},"potentialAction":[{"@type":"SearchAction","target":{"@type":"EntryPoint","urlTemplate":"https:\/\/www.elitenicosia.com\/?s={search_term_string}"},"query-input":{"@type":"PropertyValueSpecification","valueRequired":true,"valueName":"search_term_string"}}],"inLanguage":"en-GB"},{"@type":"Organization","@id":"https:\/\/www.elitenicosia.com\/#organization","name":"Elite Hospital","url":"https:\/\/www.elitenicosia.com\/","logo":{"@type":"ImageObject","inLanguage":"en-GB","@id":"https:\/\/www.elitenicosia.com\/#\/schema\/logo\/image\/","url":"https:\/\/www.elitenicosia.com\/wp-content\/uploads\/2019\/09\/Elite_Hospital_Logo.png","contentUrl":"https:\/\/www.elitenicosia.com\/wp-content\/uploads\/2019\/09\/Elite_Hospital_Logo.png","width":260,"height":260,"caption":"Elite Hospital"},"image":{"@id":"https:\/\/www.elitenicosia.com\/#\/schema\/logo\/image\/"},"sameAs":["https:\/\/www.facebook.com\/elitenicosia\/","https:\/\/x.com\/elitehastanesi","https:\/\/www.instagram.com\/elitehastanesi\/","https:\/\/www.youtube.com\/channel\/UCL_-OABAVRjDnQ77K4eGI4w\/"]}]}},"_links":{"self":[{"href":"https:\/\/www.elitenicosia.com\/en\/wp-json\/wp\/v2\/pages\/6680"}],"collection":[{"href":"https:\/\/www.elitenicosia.com\/en\/wp-json\/wp\/v2\/pages"}],"about":[{"href":"https:\/\/www.elitenicosia.com\/en\/wp-json\/wp\/v2\/types\/page"}],"author":[{"embeddable":true,"href":"https:\/\/www.elitenicosia.com\/en\/wp-json\/wp\/v2\/users\/1"}],"replies":[{"embeddable":true,"href":"https:\/\/www.elitenicosia.com\/en\/wp-json\/wp\/v2\/comments?post=6680"}],"version-history":[{"count":113,"href":"https:\/\/www.elitenicosia.com\/en\/wp-json\/wp\/v2\/pages\/6680\/revisions"}],"predecessor-version":[{"id":7102,"href":"https:\/\/www.elitenicosia.com\/en\/wp-json\/wp\/v2\/pages\/6680\/revisions\/7102"}],"wp:attachment":[{"href":"https:\/\/www.elitenicosia.com\/en\/wp-json\/wp\/v2\/media?parent=6680"}],"curies":[{"name":"wp","href":"https:\/\/api.w.org\/{rel}","templated":true}]}}