{"id":4580,"date":"2020-11-07T20:20:23","date_gmt":"2020-11-07T17:20:23","guid":{"rendered":"https:\/\/www.elitenicosia.com\/?page_id=4580"},"modified":"2023-01-16T16:51:24","modified_gmt":"2023-01-16T13:51:24","slug":"noroloji","status":"publish","type":"page","link":"https:\/\/www.elitenicosia.com\/en\/noroloji\/","title":{"rendered":"neurology"},"content":{"rendered":"","protected":false},"excerpt":{"rendered":"","protected":false},"author":1,"featured_media":0,"parent":0,"menu_order":0,"comment_status":"closed","ping_status":"closed","template":"page_builder.php","meta":{"footnotes":""},"class_list":["post-4580","page","type-page","status-publish","hentry"],"yoast_head":"<!-- This site is optimized with the Yoast SEO plugin v24.4 - https:\/\/yoast.com\/wordpress\/plugins\/seo\/ -->\n<title>N\u00f6roloji - Elite Hospital<\/title>\n<meta name=\"robots\" content=\"index, follow, max-snippet:-1, max-image-preview:large, max-video-preview:-1\" \/>\n<link rel=\"canonical\" href=\"https:\/\/www.elitenicosia.com\/en\/noroloji\/\" \/>\n<meta property=\"og:locale\" content=\"en_GB\" \/>\n<meta property=\"og:type\" content=\"article\" \/>\n<meta property=\"og:title\" content=\"N\u00f6roloji - Elite Hospital\" \/>\n<meta property=\"og:url\" content=\"https:\/\/www.elitenicosia.com\/en\/noroloji\/\" \/>\n<meta property=\"og:site_name\" content=\"Elite Hospital\" \/>\n<meta property=\"article:publisher\" content=\"https:\/\/www.facebook.com\/elitenicosia\/\" \/>\n<meta property=\"article:modified_time\" content=\"2023-01-16T13:51:24+00:00\" \/>\n<meta name=\"twitter:card\" content=\"summary_large_image\" \/>\n<meta name=\"twitter:site\" content=\"@elitehastanesi\" \/>\n<script type=\"application\/ld+json\" class=\"yoast-schema-graph\">{\"@context\":\"https:\/\/schema.org\",\"@graph\":[{\"@type\":\"WebPage\",\"@id\":\"https:\/\/www.elitenicosia.com\/noroloji\/\",\"url\":\"https:\/\/www.elitenicosia.com\/noroloji\/\",\"name\":\"N\u00f6roloji - Elite Hospital\",\"isPartOf\":{\"@id\":\"https:\/\/www.elitenicosia.com\/#website\"},\"datePublished\":\"2020-11-07T17:20:23+00:00\",\"dateModified\":\"2023-01-16T13:51:24+00:00\",\"breadcrumb\":{\"@id\":\"https:\/\/www.elitenicosia.com\/noroloji\/#breadcrumb\"},\"inLanguage\":\"en-GB\",\"potentialAction\":[{\"@type\":\"ReadAction\",\"target\":[\"https:\/\/www.elitenicosia.com\/noroloji\/\"]}]},{\"@type\":\"BreadcrumbList\",\"@id\":\"https:\/\/www.elitenicosia.com\/noroloji\/#breadcrumb\",\"itemListElement\":[{\"@type\":\"ListItem\",\"position\":1,\"name\":\"Ana sayfa\",\"item\":\"https:\/\/www.elitenicosia.com\/\"},{\"@type\":\"ListItem\",\"position\":2,\"name\":\"N\u00f6roloji\"}]},{\"@type\":\"WebSite\",\"@id\":\"https:\/\/www.elitenicosia.com\/#website\",\"url\":\"https:\/\/www.elitenicosia.com\/\",\"name\":\"Elite Hospital Lefko\u015fa\",\"description\":\"K\u0131br\u0131s\u2019\u0131n \u0130LK ve TEK ara\u015ft\u0131rma hastanesi\",\"publisher\":{\"@id\":\"https:\/\/www.elitenicosia.com\/#organization\"},\"potentialAction\":[{\"@type\":\"SearchAction\",\"target\":{\"@type\":\"EntryPoint\",\"urlTemplate\":\"https:\/\/www.elitenicosia.com\/?s={search_term_string}\"},\"query-input\":{\"@type\":\"PropertyValueSpecification\",\"valueRequired\":true,\"valueName\":\"search_term_string\"}}],\"inLanguage\":\"en-GB\"},{\"@type\":\"Organization\",\"@id\":\"https:\/\/www.elitenicosia.com\/#organization\",\"name\":\"Elite Hospital\",\"url\":\"https:\/\/www.elitenicosia.com\/\",\"logo\":{\"@type\":\"ImageObject\",\"inLanguage\":\"en-GB\",\"@id\":\"https:\/\/www.elitenicosia.com\/#\/schema\/logo\/image\/\",\"url\":\"https:\/\/www.elitenicosia.com\/wp-content\/uploads\/2019\/09\/Elite_Hospital_Logo.png\",\"contentUrl\":\"https:\/\/www.elitenicosia.com\/wp-content\/uploads\/2019\/09\/Elite_Hospital_Logo.png\",\"width\":260,\"height\":260,\"caption\":\"Elite Hospital\"},\"image\":{\"@id\":\"https:\/\/www.elitenicosia.com\/#\/schema\/logo\/image\/\"},\"sameAs\":[\"https:\/\/www.facebook.com\/elitenicosia\/\",\"https:\/\/x.com\/elitehastanesi\",\"https:\/\/www.instagram.com\/elitehastanesi\/\",\"https:\/\/www.youtube.com\/channel\/UCL_-OABAVRjDnQ77K4eGI4w\/\"]}]}<\/script>\n<!-- \/ Yoast SEO plugin. -->","yoast_head_json":{"title":"N\u00f6roloji - Elite Hospital","robots":{"index":"index","follow":"follow","max-snippet":"max-snippet:-1","max-image-preview":"max-image-preview:large","max-video-preview":"max-video-preview:-1"},"canonical":"https:\/\/www.elitenicosia.com\/en\/noroloji\/","og_locale":"en_GB","og_type":"article","og_title":"N\u00f6roloji - Elite Hospital","og_url":"https:\/\/www.elitenicosia.com\/en\/noroloji\/","og_site_name":"Elite Hospital","article_publisher":"https:\/\/www.facebook.com\/elitenicosia\/","article_modified_time":"2023-01-16T13:51:24+00:00","twitter_card":"summary_large_image","twitter_site":"@elitehastanesi","schema":{"@context":"https:\/\/schema.org","@graph":[{"@type":"WebPage","@id":"https:\/\/www.elitenicosia.com\/noroloji\/","url":"https:\/\/www.elitenicosia.com\/noroloji\/","name":"N\u00f6roloji - Elite Hospital","isPartOf":{"@id":"https:\/\/www.elitenicosia.com\/#website"},"datePublished":"2020-11-07T17:20:23+00:00","dateModified":"2023-01-16T13:51:24+00:00","breadcrumb":{"@id":"https:\/\/www.elitenicosia.com\/noroloji\/#breadcrumb"},"inLanguage":"en-GB","potentialAction":[{"@type":"ReadAction","target":["https:\/\/www.elitenicosia.com\/noroloji\/"]}]},{"@type":"BreadcrumbList","@id":"https:\/\/www.elitenicosia.com\/noroloji\/#breadcrumb","itemListElement":[{"@type":"ListItem","position":1,"name":"Ana sayfa","item":"https:\/\/www.elitenicosia.com\/"},{"@type":"ListItem","position":2,"name":"N\u00f6roloji"}]},{"@type":"WebSite","@id":"https:\/\/www.elitenicosia.com\/#website","url":"https:\/\/www.elitenicosia.com\/","name":"Elite Hospital Lefko\u015fa","description":"K\u0131br\u0131s\u2019\u0131n \u0130LK ve TEK ara\u015ft\u0131rma hastanesi","publisher":{"@id":"https:\/\/www.elitenicosia.com\/#organization"},"potentialAction":[{"@type":"SearchAction","target":{"@type":"EntryPoint","urlTemplate":"https:\/\/www.elitenicosia.com\/?s={search_term_string}"},"query-input":{"@type":"PropertyValueSpecification","valueRequired":true,"valueName":"search_term_string"}}],"inLanguage":"en-GB"},{"@type":"Organization","@id":"https:\/\/www.elitenicosia.com\/#organization","name":"Elite Hospital","url":"https:\/\/www.elitenicosia.com\/","logo":{"@type":"ImageObject","inLanguage":"en-GB","@id":"https:\/\/www.elitenicosia.com\/#\/schema\/logo\/image\/","url":"https:\/\/www.elitenicosia.com\/wp-content\/uploads\/2019\/09\/Elite_Hospital_Logo.png","contentUrl":"https:\/\/www.elitenicosia.com\/wp-content\/uploads\/2019\/09\/Elite_Hospital_Logo.png","width":260,"height":260,"caption":"Elite Hospital"},"image":{"@id":"https:\/\/www.elitenicosia.com\/#\/schema\/logo\/image\/"},"sameAs":["https:\/\/www.facebook.com\/elitenicosia\/","https:\/\/x.com\/elitehastanesi","https:\/\/www.instagram.com\/elitehastanesi\/","https:\/\/www.youtube.com\/channel\/UCL_-OABAVRjDnQ77K4eGI4w\/"]}]}},"_links":{"self":[{"href":"https:\/\/www.elitenicosia.com\/en\/wp-json\/wp\/v2\/pages\/4580"}],"collection":[{"href":"https:\/\/www.elitenicosia.com\/en\/wp-json\/wp\/v2\/pages"}],"about":[{"href":"https:\/\/www.elitenicosia.com\/en\/wp-json\/wp\/v2\/types\/page"}],"author":[{"embeddable":true,"href":"https:\/\/www.elitenicosia.com\/en\/wp-json\/wp\/v2\/users\/1"}],"replies":[{"embeddable":true,"href":"https:\/\/www.elitenicosia.com\/en\/wp-json\/wp\/v2\/comments?post=4580"}],"version-history":[{"count":2,"href":"https:\/\/www.elitenicosia.com\/en\/wp-json\/wp\/v2\/pages\/4580\/revisions"}],"predecessor-version":[{"id":4593,"href":"https:\/\/www.elitenicosia.com\/en\/wp-json\/wp\/v2\/pages\/4580\/revisions\/4593"}],"wp:attachment":[{"href":"https:\/\/www.elitenicosia.com\/en\/wp-json\/wp\/v2\/media?parent=4580"}],"curies":[{"name":"wp","href":"https:\/\/api.w.org\/{rel}","templated":true}]}}