{"id":347,"date":"2019-08-07T17:27:54","date_gmt":"2019-08-07T14:27:54","guid":{"rendered":"https:\/\/www.elitenicosia.com\/?page_id=347"},"modified":"2024-04-20T14:59:47","modified_gmt":"2024-04-20T11:59:47","slug":"medikal-goruntuleme","status":"publish","type":"page","link":"https:\/\/www.elitenicosia.com\/en\/medikal-goruntuleme\/","title":{"rendered":"Medical Imaging"},"content":{"rendered":"<div data-elementor-type=\"wp-page\" data-elementor-id=\"347\" class=\"elementor elementor-347\" data-elementor-settings=\"{&quot;ha_cmc_init_switcher&quot;:&quot;no&quot;}\">\n\t\t\t\t\t\t<section class=\"elementor-section elementor-top-section elementor-element elementor-element-3e191884 elementor-columns-alignment-fix-enabled elementor-section-stretched elementor-section-full_width elementor-section-height-default elementor-section-height-default\" data-id=\"3e191884\" data-element_type=\"section\" data-e-type=\"section\" data-settings=\"{&quot;background_background&quot;:&quot;classic&quot;,&quot;stretch_section&quot;:&quot;section-stretched&quot;,&quot;_ha_eqh_enable&quot;:false}\">\n\t\t\t\t\t\t\t<div class=\"elementor-background-overlay\"><\/div>\n\t\t\t\t\t\t\t<div class=\"elementor-container elementor-column-gap-no\">\n\t\t\t\t\t<div class=\"elementor-column elementor-col-100 elementor-top-column elementor-element elementor-element-579e569c\" data-id=\"579e569c\" data-element_type=\"column\" data-e-type=\"column\">\n\t\t\t<div class=\"elementor-widget-wrap elementor-element-populated\">\n\t\t\t\t\t\t<section class=\"elementor-section elementor-inner-section elementor-element elementor-element-39e7870d elementor-columns-alignment-fix-enabled elementor-section-boxed elementor-section-height-default elementor-section-height-default\" data-id=\"39e7870d\" data-element_type=\"section\" data-e-type=\"section\" data-settings=\"{&quot;_ha_eqh_enable&quot;:false}\">\n\t\t\t\t\t\t<div class=\"elementor-container elementor-column-gap-default\">\n\t\t\t\t\t<div class=\"elementor-column elementor-col-100 elementor-inner-column elementor-element elementor-element-53ebe542\" data-id=\"53ebe542\" data-element_type=\"column\" data-e-type=\"column\">\n\t\t\t<div class=\"elementor-widget-wrap elementor-element-populated\">\n\t\t\t\t\t\t<div class=\"elementor-element elementor-element-4078ad78 ha-has-bg-overlay elementor-invisible elementor-widget elementor-widget-ha-icon-box happy-addon ha-icon-box\" data-id=\"4078ad78\" data-element_type=\"widget\" data-e-type=\"widget\" data-settings=\"{&quot;_animation&quot;:&quot;fadeIn&quot;}\" data-widget_type=\"ha-icon-box.default\">\n\t\t\t\t<div class=\"elementor-widget-container\">\n\t\t\t\n\t\t\n\t\t\t\t\t\t<span class=\"ha-icon-box-icon\">\n\t\t\t\t\t<i class=\"fa fa-binoculars\"><\/i>\t\t\t\t<\/span>\n\t\t<h2 class=\"ha-icon-box-title\">Elite Hospital offers high-standard services in the field of &quot;Medical Imaging&quot; with its advanced technology MR, Dexa and Ultrasound devices.<\/h2>\t\t<\/div>\n\t\t\t\t<\/div>\n\t\t\t\t\t<\/div>\n\t\t<\/div>\n\t\t\t\t\t<\/div>\n\t\t<\/section>\n\t\t\t\t<section class=\"elementor-section elementor-inner-section elementor-element elementor-element-5892adf6 elementor-columns-alignment-fix-enabled elementor-section-boxed elementor-section-height-default elementor-section-height-default\" data-id=\"5892adf6\" data-element_type=\"section\" data-e-type=\"section\" data-settings=\"{&quot;_ha_eqh_enable&quot;:false}\">\n\t\t\t\t\t\t<div class=\"elementor-container elementor-column-gap-default\">\n\t\t\t\t\t<div class=\"elementor-column elementor-col-25 elementor-inner-column elementor-element elementor-element-278a7870\" data-id=\"278a7870\" data-element_type=\"column\" data-e-type=\"column\">\n\t\t\t<div class=\"elementor-widget-wrap elementor-element-populated\">\n\t\t\t\t\t\t<div class=\"elementor-element elementor-element-557ee8dd ha-card--top ha-card--tablet-top ha-card--mobile-top ha-has-bg-overlay elementor-invisible elementor-widget elementor-widget-ha-card happy-addon ha-card\" data-id=\"557ee8dd\" data-element_type=\"widget\" data-e-type=\"widget\" data-settings=\"{&quot;_animation&quot;:&quot;fadeInLeft&quot;}\" data-widget_type=\"ha-card.default\">\n\t\t\t\t<div class=\"elementor-widget-container\">\n\t\t\t\t\t\n\t\t\t\t\t<figure class=\"ha-card-figure\">\n\t\t\t\t<img fetchpriority=\"high\" decoding=\"async\" width=\"500\" height=\"200\" data-srcset=\"https:\/\/www.elitenicosia.com\/wp-content\/uploads\/2019\/08\/buton_mr-cekimi.png 500w, https:\/\/www.elitenicosia.com\/wp-content\/uploads\/2019\/08\/buton_mr-cekimi-300x120.png 300w, https:\/\/www.elitenicosia.com\/wp-content\/uploads\/2019\/08\/buton_mr-cekimi-400x160.png 400w\" data-src=\"https:\/\/www.elitenicosia.com\/wp-content\/uploads\/2019\/08\/buton_mr-cekimi.png\" src=\"data:image\/svg+xml,%3Csvg%20xmlns=%22http:\/\/www.w3.org\/2000\/svg%22%20viewBox=%220%200%20500%20200%22%3E%3C\/svg%3E\" class=\"attachment-large size-large wp-image-1260 lazyload\" alt=\"\" sizes=\"(max-width: 500px) 100vw, 500px\" srcset=\"https:\/\/www.elitenicosia.com\/wp-content\/uploads\/2019\/08\/buton_mr-cekimi.png 500w, https:\/\/www.elitenicosia.com\/wp-content\/uploads\/2019\/08\/buton_mr-cekimi-300x120.png 300w, https:\/\/www.elitenicosia.com\/wp-content\/uploads\/2019\/08\/buton_mr-cekimi-400x160.png 400w\" \/>\t\t\t\t\t\t\t<\/figure>\n\t\t\n\t\t<div class=\"ha-card-body\">\n\n\t\t\t<h2 class=\"ha-card-title\">Fast MRI!<\/h2>\n\t\t\t\t\t\t\t<div class=\"ha-card-text\">\n\t\t\t\t\t<p>Most of the TRNC <b>FAST<\/b> and the highest <b>QUALITY<\/b> MRI scan!<br><br><\/p>\n\t\t\t\t<\/div>\n\t\t\t\n\t\t\t<a class=\"ha-btn\" href=\"\/en\/medikal-goruntuleme\/hizli-mr-cekimi\/\"><span class=\"ha-btn-text\">Detail<\/span><\/a>\t\t<\/div>\n\t\t\t\t\t\t<\/div>\n\t\t\t\t<\/div>\n\t\t\t\t\t<\/div>\n\t\t<\/div>\n\t\t\t\t<div class=\"elementor-column elementor-col-25 elementor-inner-column elementor-element elementor-element-69c50736\" data-id=\"69c50736\" data-element_type=\"column\" data-e-type=\"column\">\n\t\t\t<div class=\"elementor-widget-wrap elementor-element-populated\">\n\t\t\t\t\t\t<div class=\"elementor-element elementor-element-34000865 ha-card--top ha-card--tablet-top ha-card--mobile-top ha-has-bg-overlay elementor-invisible elementor-widget elementor-widget-ha-card happy-addon ha-card\" data-id=\"34000865\" data-element_type=\"widget\" data-e-type=\"widget\" data-settings=\"{&quot;_animation&quot;:&quot;fadeInUp&quot;}\" data-widget_type=\"ha-card.default\">\n\t\t\t\t<div class=\"elementor-widget-container\">\n\t\t\t\t\t\n\t\t\t\t\t<figure class=\"ha-card-figure\">\n\t\t\t\t<img decoding=\"async\" width=\"500\" height=\"200\" data-srcset=\"https:\/\/www.elitenicosia.com\/wp-content\/uploads\/2019\/08\/buton_ultrason-cekimi.png 500w, https:\/\/www.elitenicosia.com\/wp-content\/uploads\/2019\/08\/buton_ultrason-cekimi-300x120.png 300w, https:\/\/www.elitenicosia.com\/wp-content\/uploads\/2019\/08\/buton_ultrason-cekimi-400x160.png 400w\" data-src=\"https:\/\/www.elitenicosia.com\/wp-content\/uploads\/2019\/08\/buton_ultrason-cekimi.png\" src=\"data:image\/svg+xml,%3Csvg%20xmlns=%22http:\/\/www.w3.org\/2000\/svg%22%20viewBox=%220%200%20500%20200%22%3E%3C\/svg%3E\" class=\"attachment-large size-large wp-image-1261 lazyload\" alt=\"\" sizes=\"(max-width: 500px) 100vw, 500px\" srcset=\"https:\/\/www.elitenicosia.com\/wp-content\/uploads\/2019\/08\/buton_ultrason-cekimi.png 500w, https:\/\/www.elitenicosia.com\/wp-content\/uploads\/2019\/08\/buton_ultrason-cekimi-300x120.png 300w, https:\/\/www.elitenicosia.com\/wp-content\/uploads\/2019\/08\/buton_ultrason-cekimi-400x160.png 400w\" \/>\t\t\t\t\t\t\t<\/figure>\n\t\t\n\t\t<div class=\"ha-card-body\">\n\n\t\t\t<h2 class=\"ha-card-title\">Ultrasound Imaging<\/h2>\n\t\t\t\t\t\t\t<div class=\"ha-card-text\">\n\t\t\t\t\t<p><b>Ultrasonography<\/b> And <b>Color Doppler<\/b> ultrasonography examinations<\/p>\n\t\t\t\t<\/div>\n\t\t\t\n\t\t\t<a class=\"ha-btn\" href=\"\/en\/medikal-goruntuleme\/ultrason-ve-renkli-doppler\/\"><span class=\"ha-btn-text\">Detail<\/span><\/a>\t\t<\/div>\n\t\t\t\t\t\t<\/div>\n\t\t\t\t<\/div>\n\t\t\t\t\t<\/div>\n\t\t<\/div>\n\t\t\t\t<div class=\"elementor-column elementor-col-25 elementor-inner-column elementor-element elementor-element-1ca160f6\" data-id=\"1ca160f6\" data-element_type=\"column\" data-e-type=\"column\">\n\t\t\t<div class=\"elementor-widget-wrap elementor-element-populated\">\n\t\t\t\t\t\t<div class=\"elementor-element elementor-element-54666 ha-card--top ha-card--tablet-top ha-card--mobile-top ha-has-bg-overlay elementor-invisible elementor-widget elementor-widget-ha-card happy-addon ha-card\" data-id=\"54666\" data-element_type=\"widget\" data-e-type=\"widget\" data-settings=\"{&quot;_animation&quot;:&quot;fadeInUp&quot;}\" data-widget_type=\"ha-card.default\">\n\t\t\t\t<div class=\"elementor-widget-container\">\n\t\t\t\t\t\n\t\t\t\t\t<figure class=\"ha-card-figure\">\n\t\t\t\t<img decoding=\"async\" width=\"500\" height=\"200\" data-srcset=\"https:\/\/www.elitenicosia.com\/wp-content\/uploads\/2019\/08\/buton_dexa-cekimi.png 500w, https:\/\/www.elitenicosia.com\/wp-content\/uploads\/2019\/08\/buton_dexa-cekimi-300x120.png 300w, https:\/\/www.elitenicosia.com\/wp-content\/uploads\/2019\/08\/buton_dexa-cekimi-400x160.png 400w\" data-src=\"https:\/\/www.elitenicosia.com\/wp-content\/uploads\/2019\/08\/buton_dexa-cekimi.png\" src=\"data:image\/svg+xml,%3Csvg%20xmlns=%22http:\/\/www.w3.org\/2000\/svg%22%20viewBox=%220%200%20500%20200%22%3E%3C\/svg%3E\" class=\"attachment-large size-large wp-image-1259 lazyload\" alt=\"\" sizes=\"(max-width: 500px) 100vw, 500px\" srcset=\"https:\/\/www.elitenicosia.com\/wp-content\/uploads\/2019\/08\/buton_dexa-cekimi.png 500w, https:\/\/www.elitenicosia.com\/wp-content\/uploads\/2019\/08\/buton_dexa-cekimi-300x120.png 300w, https:\/\/www.elitenicosia.com\/wp-content\/uploads\/2019\/08\/buton_dexa-cekimi-400x160.png 400w\" \/>\t\t\t\t\t\t\t<\/figure>\n\t\t\n\t\t<div class=\"ha-card-body\">\n\n\t\t\t<h2 class=\"ha-card-title\">Body Measurement<\/h2>\n\t\t\t\t\t\t\t<div class=\"ha-card-text\">\n\t\t\t\t\t<p>Advanced technology <b>DEXA<\/b> professional with <b>BONE-MUSCLE-FAT<\/b> rate measurement<\/p>\n\t\t\t\t<\/div>\n\t\t\t\n\t\t\t<a class=\"ha-btn\" href=\"\/en\/medikal-goruntuleme\/dexa-vucut-olcumu\/\"><span class=\"ha-btn-text\">Detail<\/span><\/a>\t\t<\/div>\n\t\t\t\t\t\t<\/div>\n\t\t\t\t<\/div>\n\t\t\t\t\t<\/div>\n\t\t<\/div>\n\t\t\t\t<div class=\"elementor-column elementor-col-25 elementor-inner-column elementor-element elementor-element-c92063d\" data-id=\"c92063d\" data-element_type=\"column\" data-e-type=\"column\">\n\t\t\t<div class=\"elementor-widget-wrap elementor-element-populated\">\n\t\t\t\t\t\t<div class=\"elementor-element elementor-element-f39df7e ha-card--top ha-card--tablet-top ha-card--mobile-top ha-has-bg-overlay elementor-invisible elementor-widget elementor-widget-ha-card happy-addon ha-card\" data-id=\"f39df7e\" data-element_type=\"widget\" data-e-type=\"widget\" data-settings=\"{&quot;_animation&quot;:&quot;fadeInRight&quot;}\" data-widget_type=\"ha-card.default\">\n\t\t\t\t<div class=\"elementor-widget-container\">\n\t\t\t\t\t\n\t\t\t\t\t<figure class=\"ha-card-figure\">\n\t\t\t\t<img loading=\"lazy\" decoding=\"async\" width=\"500\" height=\"200\" data-srcset=\"https:\/\/www.elitenicosia.com\/wp-content\/uploads\/2024\/03\/buton_tomografi-cekimi.png 500w, https:\/\/www.elitenicosia.com\/wp-content\/uploads\/2024\/03\/buton_tomografi-cekimi-300x120.png 300w, https:\/\/www.elitenicosia.com\/wp-content\/uploads\/2024\/03\/buton_tomografi-cekimi-18x7.png 18w, https:\/\/www.elitenicosia.com\/wp-content\/uploads\/2024\/03\/buton_tomografi-cekimi-400x160.png 400w\" data-src=\"https:\/\/www.elitenicosia.com\/wp-content\/uploads\/2024\/03\/buton_tomografi-cekimi.png\" src=\"data:image\/svg+xml,%3Csvg%20xmlns=%22http:\/\/www.w3.org\/2000\/svg%22%20viewBox=%220%200%20500%20200%22%3E%3C\/svg%3E\" class=\"attachment-large size-large wp-image-7590 lazyload\" alt=\"\" sizes=\"(max-width: 500px) 100vw, 500px\" srcset=\"https:\/\/www.elitenicosia.com\/wp-content\/uploads\/2024\/03\/buton_tomografi-cekimi.png 500w, https:\/\/www.elitenicosia.com\/wp-content\/uploads\/2024\/03\/buton_tomografi-cekimi-300x120.png 300w, https:\/\/www.elitenicosia.com\/wp-content\/uploads\/2024\/03\/buton_tomografi-cekimi-18x7.png 18w, https:\/\/www.elitenicosia.com\/wp-content\/uploads\/2024\/03\/buton_tomografi-cekimi-400x160.png 400w\" \/>\t\t\t\t\t\t\t<\/figure>\n\t\t\n\t\t<div class=\"ha-card-body\">\n\n\t\t\t<h2 class=\"ha-card-title\">Tomography (CT)<\/h2>\n\t\t\t\t\t\t\t<div class=\"ha-card-text\">\n\t\t\t\t\t<p>New generation <b>AI Imaging<\/b> with higher diagnosis rate and lower <b>Radiation<\/b><\/p>\n\t\t\t\t<\/div>\n\t\t\t\n\t\t\t<a class=\"ha-btn\" href=\"\/en\/medikal-goruntuleme\/bilgisayarli-tomografi-bt\/\"><span class=\"ha-btn-text\">Detail<\/span><\/a>\t\t<\/div>\n\t\t\t\t\t\t<\/div>\n\t\t\t\t<\/div>\n\t\t\t\t\t<\/div>\n\t\t<\/div>\n\t\t\t\t\t<\/div>\n\t\t<\/section>\n\t\t\t\t\t<\/div>\n\t\t<\/div>\n\t\t\t\t\t<\/div>\n\t\t<\/section>\n\t\t\t\t<\/div>","protected":false},"excerpt":{"rendered":"<p>Elite Hospital ileri teknoloji \u00fcr\u00fcn\u00fc MR, Dexa ve Ultrason cihazlar\u0131 ile &#8220;Medikal G\u00f6r\u00fcnt\u00fcleme&#8221; alan\u0131nda y\u00fcksek standartlarda hizmetler sunuyor. H\u0131zl\u0131 MR \u00e7ekimi! KKTC&#8217;nin en HIZLI ve en y\u00fcksek KAL\u0130TEL\u0130 MR \u00e7ekimi! Detaylar Ultrason G\u00f6r\u00fcnt\u00fcleme Ultrasonografi ve Renkli Doppler ultrasonografi tetkikleri Detaylar V\u00fccut \u00d6l\u00e7\u00fcm\u00fc \u0130leri teknoloji DEXA cihaz\u0131 ile profesyonel KEM\u0130K-KAS-YA\u011e oran\u0131 \u00f6l\u00e7\u00fcm\u00fc Detaylar Tomografi (BT) Yeni Nesil AI G\u00f6r\u00fcnt\u00fcleme ile daha y\u00fcksek tan\u0131 oran\u0131 ve daha d\u00fc\u015f\u00fck Radyasyon Detaylar<\/p>","protected":false},"author":1,"featured_media":0,"parent":0,"menu_order":0,"comment_status":"closed","ping_status":"closed","template":"elementor_header_footer","meta":{"footnotes":""},"class_list":["post-347","page","type-page","status-publish","hentry"],"yoast_head":"<!-- This site is optimized with the Yoast SEO plugin v24.4 - https:\/\/yoast.com\/wordpress\/plugins\/seo\/ -->\n<title>Elite Hospital - Medikal G\u00f6r\u00fcnt\u00fcleme<\/title>\n<meta name=\"description\" content=\"Elite Hospital son teknoloji MR, Dexa ve Ultrason cihazlar\u0131 ile &quot;Medikal G\u00f6r\u00fcnt\u00fcleme&quot; alan\u0131nda y\u00fcksek standartlarda hizmetler sunuyor.\" \/>\n<meta name=\"robots\" content=\"index, follow, max-snippet:-1, max-image-preview:large, max-video-preview:-1\" \/>\n<link rel=\"canonical\" href=\"https:\/\/www.elitenicosia.com\/en\/medikal-goruntuleme\/\" \/>\n<meta property=\"og:locale\" content=\"en_GB\" \/>\n<meta property=\"og:type\" content=\"article\" \/>\n<meta property=\"og:title\" content=\"Elite Hospital - Medikal G\u00f6r\u00fcnt\u00fcleme\" \/>\n<meta property=\"og:description\" content=\"Elite Hospital son teknoloji MR, Dexa ve Ultrason cihazlar\u0131 ile &quot;Medikal G\u00f6r\u00fcnt\u00fcleme&quot; alan\u0131nda y\u00fcksek standartlarda hizmetler sunuyor.\" \/>\n<meta property=\"og:url\" content=\"https:\/\/www.elitenicosia.com\/en\/medikal-goruntuleme\/\" \/>\n<meta property=\"og:site_name\" content=\"Elite Hospital\" \/>\n<meta property=\"article:publisher\" content=\"https:\/\/www.facebook.com\/elitenicosia\/\" \/>\n<meta property=\"article:modified_time\" content=\"2024-04-20T11:59:47+00:00\" \/>\n<meta property=\"og:image\" content=\"https:\/\/www.elitenicosia.com\/wp-content\/uploads\/2019\/08\/buton_mr-cekimi.png\" \/>\n<meta name=\"twitter:card\" content=\"summary_large_image\" \/>\n<meta name=\"twitter:site\" content=\"@elitehastanesi\" \/>\n<meta name=\"twitter:label1\" content=\"Estimated reading time\" \/>\n\t<meta name=\"twitter:data1\" content=\"2 minutes\" \/>\n<script type=\"application\/ld+json\" class=\"yoast-schema-graph\">{\"@context\":\"https:\/\/schema.org\",\"@graph\":[{\"@type\":\"WebPage\",\"@id\":\"https:\/\/www.elitenicosia.com\/medikal-goruntuleme\/\",\"url\":\"https:\/\/www.elitenicosia.com\/medikal-goruntuleme\/\",\"name\":\"Elite Hospital - Medikal G\u00f6r\u00fcnt\u00fcleme\",\"isPartOf\":{\"@id\":\"https:\/\/www.elitenicosia.com\/#website\"},\"primaryImageOfPage\":{\"@id\":\"https:\/\/www.elitenicosia.com\/medikal-goruntuleme\/#primaryimage\"},\"image\":{\"@id\":\"https:\/\/www.elitenicosia.com\/medikal-goruntuleme\/#primaryimage\"},\"thumbnailUrl\":\"https:\/\/www.elitenicosia.com\/wp-content\/uploads\/2019\/08\/buton_mr-cekimi.png\",\"datePublished\":\"2019-08-07T14:27:54+00:00\",\"dateModified\":\"2024-04-20T11:59:47+00:00\",\"description\":\"Elite Hospital son teknoloji MR, Dexa ve Ultrason cihazlar\u0131 ile \\\"Medikal G\u00f6r\u00fcnt\u00fcleme\\\" alan\u0131nda y\u00fcksek standartlarda hizmetler sunuyor.\",\"breadcrumb\":{\"@id\":\"https:\/\/www.elitenicosia.com\/medikal-goruntuleme\/#breadcrumb\"},\"inLanguage\":\"en-GB\",\"potentialAction\":[{\"@type\":\"ReadAction\",\"target\":[\"https:\/\/www.elitenicosia.com\/medikal-goruntuleme\/\"]}]},{\"@type\":\"ImageObject\",\"inLanguage\":\"en-GB\",\"@id\":\"https:\/\/www.elitenicosia.com\/medikal-goruntuleme\/#primaryimage\",\"url\":\"https:\/\/www.elitenicosia.com\/wp-content\/uploads\/2019\/08\/buton_mr-cekimi.png\",\"contentUrl\":\"https:\/\/www.elitenicosia.com\/wp-content\/uploads\/2019\/08\/buton_mr-cekimi.png\"},{\"@type\":\"BreadcrumbList\",\"@id\":\"https:\/\/www.elitenicosia.com\/medikal-goruntuleme\/#breadcrumb\",\"itemListElement\":[{\"@type\":\"ListItem\",\"position\":1,\"name\":\"Ana sayfa\",\"item\":\"https:\/\/www.elitenicosia.com\/\"},{\"@type\":\"ListItem\",\"position\":2,\"name\":\"Medikal G\u00f6r\u00fcnt\u00fcleme\"}]},{\"@type\":\"WebSite\",\"@id\":\"https:\/\/www.elitenicosia.com\/#website\",\"url\":\"https:\/\/www.elitenicosia.com\/\",\"name\":\"Elite Hospital Lefko\u015fa\",\"description\":\"K\u0131br\u0131s\u2019\u0131n \u0130LK ve TEK ara\u015ft\u0131rma hastanesi\",\"publisher\":{\"@id\":\"https:\/\/www.elitenicosia.com\/#organization\"},\"potentialAction\":[{\"@type\":\"SearchAction\",\"target\":{\"@type\":\"EntryPoint\",\"urlTemplate\":\"https:\/\/www.elitenicosia.com\/?s={search_term_string}\"},\"query-input\":{\"@type\":\"PropertyValueSpecification\",\"valueRequired\":true,\"valueName\":\"search_term_string\"}}],\"inLanguage\":\"en-GB\"},{\"@type\":\"Organization\",\"@id\":\"https:\/\/www.elitenicosia.com\/#organization\",\"name\":\"Elite Hospital\",\"url\":\"https:\/\/www.elitenicosia.com\/\",\"logo\":{\"@type\":\"ImageObject\",\"inLanguage\":\"en-GB\",\"@id\":\"https:\/\/www.elitenicosia.com\/#\/schema\/logo\/image\/\",\"url\":\"https:\/\/www.elitenicosia.com\/wp-content\/uploads\/2019\/09\/Elite_Hospital_Logo.png\",\"contentUrl\":\"https:\/\/www.elitenicosia.com\/wp-content\/uploads\/2019\/09\/Elite_Hospital_Logo.png\",\"width\":260,\"height\":260,\"caption\":\"Elite Hospital\"},\"image\":{\"@id\":\"https:\/\/www.elitenicosia.com\/#\/schema\/logo\/image\/\"},\"sameAs\":[\"https:\/\/www.facebook.com\/elitenicosia\/\",\"https:\/\/x.com\/elitehastanesi\",\"https:\/\/www.instagram.com\/elitehastanesi\/\",\"https:\/\/www.youtube.com\/channel\/UCL_-OABAVRjDnQ77K4eGI4w\/\"]}]}<\/script>\n<!-- \/ Yoast SEO plugin. -->","yoast_head_json":{"title":"Elite Hospital - Medikal G\u00f6r\u00fcnt\u00fcleme","description":"Elite Hospital son teknoloji MR, Dexa ve Ultrason cihazlar\u0131 ile \"Medikal G\u00f6r\u00fcnt\u00fcleme\" alan\u0131nda y\u00fcksek standartlarda hizmetler sunuyor.","robots":{"index":"index","follow":"follow","max-snippet":"max-snippet:-1","max-image-preview":"max-image-preview:large","max-video-preview":"max-video-preview:-1"},"canonical":"https:\/\/www.elitenicosia.com\/en\/medikal-goruntuleme\/","og_locale":"en_GB","og_type":"article","og_title":"Elite Hospital - Medikal G\u00f6r\u00fcnt\u00fcleme","og_description":"Elite Hospital son teknoloji MR, Dexa ve Ultrason cihazlar\u0131 ile \"Medikal G\u00f6r\u00fcnt\u00fcleme\" alan\u0131nda y\u00fcksek standartlarda hizmetler sunuyor.","og_url":"https:\/\/www.elitenicosia.com\/en\/medikal-goruntuleme\/","og_site_name":"Elite Hospital","article_publisher":"https:\/\/www.facebook.com\/elitenicosia\/","article_modified_time":"2024-04-20T11:59:47+00:00","og_image":[{"url":"https:\/\/www.elitenicosia.com\/wp-content\/uploads\/2019\/08\/buton_mr-cekimi.png","type":"","width":"","height":""}],"twitter_card":"summary_large_image","twitter_site":"@elitehastanesi","twitter_misc":{"Estimated reading time":"2 minutes"},"schema":{"@context":"https:\/\/schema.org","@graph":[{"@type":"WebPage","@id":"https:\/\/www.elitenicosia.com\/medikal-goruntuleme\/","url":"https:\/\/www.elitenicosia.com\/medikal-goruntuleme\/","name":"Elite Hospital - Medikal G\u00f6r\u00fcnt\u00fcleme","isPartOf":{"@id":"https:\/\/www.elitenicosia.com\/#website"},"primaryImageOfPage":{"@id":"https:\/\/www.elitenicosia.com\/medikal-goruntuleme\/#primaryimage"},"image":{"@id":"https:\/\/www.elitenicosia.com\/medikal-goruntuleme\/#primaryimage"},"thumbnailUrl":"https:\/\/www.elitenicosia.com\/wp-content\/uploads\/2019\/08\/buton_mr-cekimi.png","datePublished":"2019-08-07T14:27:54+00:00","dateModified":"2024-04-20T11:59:47+00:00","description":"Elite Hospital son teknoloji MR, Dexa ve Ultrason cihazlar\u0131 ile \"Medikal G\u00f6r\u00fcnt\u00fcleme\" alan\u0131nda y\u00fcksek standartlarda hizmetler sunuyor.","breadcrumb":{"@id":"https:\/\/www.elitenicosia.com\/medikal-goruntuleme\/#breadcrumb"},"inLanguage":"en-GB","potentialAction":[{"@type":"ReadAction","target":["https:\/\/www.elitenicosia.com\/medikal-goruntuleme\/"]}]},{"@type":"ImageObject","inLanguage":"en-GB","@id":"https:\/\/www.elitenicosia.com\/medikal-goruntuleme\/#primaryimage","url":"https:\/\/www.elitenicosia.com\/wp-content\/uploads\/2019\/08\/buton_mr-cekimi.png","contentUrl":"https:\/\/www.elitenicosia.com\/wp-content\/uploads\/2019\/08\/buton_mr-cekimi.png"},{"@type":"BreadcrumbList","@id":"https:\/\/www.elitenicosia.com\/medikal-goruntuleme\/#breadcrumb","itemListElement":[{"@type":"ListItem","position":1,"name":"Ana sayfa","item":"https:\/\/www.elitenicosia.com\/"},{"@type":"ListItem","position":2,"name":"Medikal G\u00f6r\u00fcnt\u00fcleme"}]},{"@type":"WebSite","@id":"https:\/\/www.elitenicosia.com\/#website","url":"https:\/\/www.elitenicosia.com\/","name":"Elite Hospital Lefko\u015fa","description":"K\u0131br\u0131s\u2019\u0131n \u0130LK ve TEK ara\u015ft\u0131rma hastanesi","publisher":{"@id":"https:\/\/www.elitenicosia.com\/#organization"},"potentialAction":[{"@type":"SearchAction","target":{"@type":"EntryPoint","urlTemplate":"https:\/\/www.elitenicosia.com\/?s={search_term_string}"},"query-input":{"@type":"PropertyValueSpecification","valueRequired":true,"valueName":"search_term_string"}}],"inLanguage":"en-GB"},{"@type":"Organization","@id":"https:\/\/www.elitenicosia.com\/#organization","name":"Elite Hospital","url":"https:\/\/www.elitenicosia.com\/","logo":{"@type":"ImageObject","inLanguage":"en-GB","@id":"https:\/\/www.elitenicosia.com\/#\/schema\/logo\/image\/","url":"https:\/\/www.elitenicosia.com\/wp-content\/uploads\/2019\/09\/Elite_Hospital_Logo.png","contentUrl":"https:\/\/www.elitenicosia.com\/wp-content\/uploads\/2019\/09\/Elite_Hospital_Logo.png","width":260,"height":260,"caption":"Elite Hospital"},"image":{"@id":"https:\/\/www.elitenicosia.com\/#\/schema\/logo\/image\/"},"sameAs":["https:\/\/www.facebook.com\/elitenicosia\/","https:\/\/x.com\/elitehastanesi","https:\/\/www.instagram.com\/elitehastanesi\/","https:\/\/www.youtube.com\/channel\/UCL_-OABAVRjDnQ77K4eGI4w\/"]}]}},"_links":{"self":[{"href":"https:\/\/www.elitenicosia.com\/en\/wp-json\/wp\/v2\/pages\/347"}],"collection":[{"href":"https:\/\/www.elitenicosia.com\/en\/wp-json\/wp\/v2\/pages"}],"about":[{"href":"https:\/\/www.elitenicosia.com\/en\/wp-json\/wp\/v2\/types\/page"}],"author":[{"embeddable":true,"href":"https:\/\/www.elitenicosia.com\/en\/wp-json\/wp\/v2\/users\/1"}],"replies":[{"embeddable":true,"href":"https:\/\/www.elitenicosia.com\/en\/wp-json\/wp\/v2\/comments?post=347"}],"version-history":[{"count":42,"href":"https:\/\/www.elitenicosia.com\/en\/wp-json\/wp\/v2\/pages\/347\/revisions"}],"predecessor-version":[{"id":7678,"href":"https:\/\/www.elitenicosia.com\/en\/wp-json\/wp\/v2\/pages\/347\/revisions\/7678"}],"wp:attachment":[{"href":"https:\/\/www.elitenicosia.com\/en\/wp-json\/wp\/v2\/media?parent=347"}],"curies":[{"name":"wp","href":"https:\/\/api.w.org\/{rel}","templated":true}]}}