{"id":1465,"date":"2019-08-22T16:16:03","date_gmt":"2019-08-22T13:16:03","guid":{"rendered":"https:\/\/www.elitenicosia.com\/?page_id=1465"},"modified":"2019-09-08T22:29:38","modified_gmt":"2019-09-08T19:29:38","slug":"dexa-vucut-olcumu","status":"publish","type":"page","link":"https:\/\/www.elitenicosia.com\/en\/medikal-goruntuleme\/dexa-vucut-olcumu\/","title":{"rendered":"DEXA &#8211; V\u00fccut \u00d6l\u00e7\u00fcm\u00fc"},"content":{"rendered":"<div data-elementor-type=\"wp-page\" data-elementor-id=\"1465\" class=\"elementor elementor-1465\" data-elementor-settings=\"{&quot;ha_cmc_init_switcher&quot;:&quot;no&quot;}\">\n\t\t\t\t\t\t<section class=\"elementor-section elementor-top-section elementor-element elementor-element-de78bc7 elementor-section-boxed elementor-section-height-default elementor-section-height-default\" data-id=\"de78bc7\" data-element_type=\"section\" data-e-type=\"section\" data-settings=\"{&quot;background_background&quot;:&quot;classic&quot;,&quot;_ha_eqh_enable&quot;:false}\">\n\t\t\t\t\t\t<div class=\"elementor-container elementor-column-gap-default\">\n\t\t\t\t\t<div class=\"elementor-column elementor-col-100 elementor-top-column elementor-element elementor-element-9278cc6\" data-id=\"9278cc6\" data-element_type=\"column\" data-e-type=\"column\">\n\t\t\t<div class=\"elementor-widget-wrap elementor-element-populated\">\n\t\t\t\t\t\t<div class=\"elementor-element elementor-element-9088522 ha-has-bg-overlay elementor-widget elementor-widget-text-editor\" data-id=\"9088522\" data-element_type=\"widget\" data-e-type=\"widget\" data-widget_type=\"text-editor.default\">\n\t\t\t\t<div class=\"elementor-widget-container\">\n\t\t\t\t\t\t\t\t\t<p style=\"text-align: center;\">THE WORLD&#039;S MOST ADVANCED SYSTEM IN BODY MEASUREMENT NORLAND XR-800 IS NOW AT ELITE HOSPITAL!<\/p>\t\t\t\t\t\t\t\t<\/div>\n\t\t\t\t<\/div>\n\t\t\t\t<section class=\"elementor-section elementor-inner-section elementor-element elementor-element-ab133cc elementor-section-boxed elementor-section-height-default elementor-section-height-default\" data-id=\"ab133cc\" data-element_type=\"section\" data-e-type=\"section\" data-settings=\"{&quot;_ha_eqh_enable&quot;:false}\">\n\t\t\t\t\t\t<div class=\"elementor-container elementor-column-gap-default\">\n\t\t\t\t\t<div class=\"elementor-column elementor-col-50 elementor-inner-column elementor-element elementor-element-442b05a\" data-id=\"442b05a\" data-element_type=\"column\" data-e-type=\"column\">\n\t\t\t<div class=\"elementor-widget-wrap elementor-element-populated\">\n\t\t\t\t\t\t<div class=\"elementor-element elementor-element-c281015 animated-slow elementor-invisible elementor-widget elementor-widget-heading\" data-id=\"c281015\" data-element_type=\"widget\" data-e-type=\"widget\" data-settings=\"{&quot;_animation&quot;:&quot;fadeIn&quot;}\" data-widget_type=\"heading.default\">\n\t\t\t\t<div class=\"elementor-widget-container\">\n\t\t\t\t\t<h3 class=\"elementor-heading-title elementor-size-default\">Revolution in Body Composition Measurement!<\/h3>\t\t\t\t<\/div>\n\t\t\t\t<\/div>\n\t\t\t\t<div class=\"elementor-element elementor-element-39ee584 animated-slow elementor-invisible elementor-widget elementor-widget-heading\" data-id=\"39ee584\" data-element_type=\"widget\" data-e-type=\"widget\" data-settings=\"{&quot;_animation&quot;:&quot;fadeIn&quot;}\" data-widget_type=\"heading.default\">\n\t\t\t\t<div class=\"elementor-widget-container\">\n\t\t\t\t\t<h1 class=\"elementor-heading-title elementor-size-default\">Definite<br> &amp; Accurate Measurement!<\/h1>\t\t\t\t<\/div>\n\t\t\t\t<\/div>\n\t\t\t\t<div class=\"elementor-element elementor-element-63e10db elementor-align-start elementor-icon-list--layout-traditional elementor-list-item-link-full_width elementor-widget elementor-widget-icon-list\" data-id=\"63e10db\" data-element_type=\"widget\" data-e-type=\"widget\" data-widget_type=\"icon-list.default\">\n\t\t\t\t<div class=\"elementor-widget-container\">\n\t\t\t\t\t\t\t<ul class=\"elementor-icon-list-items\">\n\t\t\t\t\t\t\t<li class=\"elementor-icon-list-item\">\n\t\t\t\t\t\t\t\t\t\t\t<span class=\"elementor-icon-list-icon\">\n\t\t\t\t\t\t\t<i aria-hidden=\"true\" class=\"far fa-dot-circle\"><\/i>\t\t\t\t\t\t<\/span>\n\t\t\t\t\t\t\t\t\t\t<span class=\"elementor-icon-list-text\">FDA Approved<\/span>\n\t\t\t\t\t\t\t\t\t<\/li>\n\t\t\t\t\t\t<\/ul>\n\t\t\t\t\t\t<\/div>\n\t\t\t\t<\/div>\n\t\t\t\t<div class=\"elementor-element elementor-element-4227b31 elementor-align-start elementor-icon-list--layout-traditional elementor-list-item-link-full_width elementor-widget elementor-widget-icon-list\" data-id=\"4227b31\" data-element_type=\"widget\" data-e-type=\"widget\" data-widget_type=\"icon-list.default\">\n\t\t\t\t<div class=\"elementor-widget-container\">\n\t\t\t\t\t\t\t<ul class=\"elementor-icon-list-items\">\n\t\t\t\t\t\t\t<li class=\"elementor-icon-list-item\">\n\t\t\t\t\t\t\t\t\t\t\t<span class=\"elementor-icon-list-icon\">\n\t\t\t\t\t\t\t<i aria-hidden=\"true\" class=\"far fa-dot-circle\"><\/i>\t\t\t\t\t\t<\/span>\n\t\t\t\t\t\t\t\t\t\t<span class=\"elementor-icon-list-text\">Muscle, Bone and Fat Tissue Measurement<\/span>\n\t\t\t\t\t\t\t\t\t<\/li>\n\t\t\t\t\t\t<\/ul>\n\t\t\t\t\t\t<\/div>\n\t\t\t\t<\/div>\n\t\t\t\t<div class=\"elementor-element elementor-element-088cc6a elementor-align-start elementor-icon-list--layout-traditional elementor-list-item-link-full_width elementor-widget elementor-widget-icon-list\" data-id=\"088cc6a\" data-element_type=\"widget\" data-e-type=\"widget\" data-widget_type=\"icon-list.default\">\n\t\t\t\t<div class=\"elementor-widget-container\">\n\t\t\t\t\t\t\t<ul class=\"elementor-icon-list-items\">\n\t\t\t\t\t\t\t<li class=\"elementor-icon-list-item\">\n\t\t\t\t\t\t\t\t\t\t\t<span class=\"elementor-icon-list-icon\">\n\t\t\t\t\t\t\t<i aria-hidden=\"true\" class=\"far fa-dot-circle\"><\/i>\t\t\t\t\t\t<\/span>\n\t\t\t\t\t\t\t\t\t\t<span class=\"elementor-icon-list-text\">Zero margin of error<\/span>\n\t\t\t\t\t\t\t\t\t<\/li>\n\t\t\t\t\t\t<\/ul>\n\t\t\t\t\t\t<\/div>\n\t\t\t\t<\/div>\n\t\t\t\t<div class=\"elementor-element elementor-element-e389c18 elementor-widget elementor-widget-image\" data-id=\"e389c18\" data-element_type=\"widget\" data-e-type=\"widget\" data-widget_type=\"image.default\">\n\t\t\t\t<div class=\"elementor-widget-container\">\n\t\t\t\t\t\t\t\t\t\t\t\t\t\t\t\t<a href=\"https:\/\/www.elitenicosia.com\/wp-content\/uploads\/2019\/08\/DEXA_tanitim.png\" data-elementor-open-lightbox=\"yes\" data-elementor-lightbox-title=\"DEXA_tanitim\" data-e-action-hash=\"#elementor-action%3Aaction%3Dlightbox%26settings%3DeyJpZCI6MTQ2NywidXJsIjoiaHR0cHM6XC9cL3d3dy5lbGl0ZW5pY29zaWEuY29tXC93cC1jb250ZW50XC91cGxvYWRzXC8yMDE5XC8wOFwvREVYQV90YW5pdGltLnBuZyJ9\">\n\t\t\t\t\t\t\t<img decoding=\"async\" src=\"https:\/\/www.elitenicosia.com\/wp-content\/uploads\/elementor\/thumbs\/DEXA_tanitim-odhv5f1g0zgb7mjd1tkpebmbyf73onhupm4w47mzs0.png\" title=\"DEXA_promotion\" alt=\"DEXA_promotion\" loading=\"lazy\" \/>\t\t\t\t\t\t\t\t<\/a>\n\t\t\t\t\t\t\t\t\t\t\t\t\t\t\t<\/div>\n\t\t\t\t<\/div>\n\t\t\t\t\t<\/div>\n\t\t<\/div>\n\t\t\t\t<div class=\"elementor-column elementor-col-50 elementor-inner-column elementor-element elementor-element-395c0d0\" data-id=\"395c0d0\" data-element_type=\"column\" data-e-type=\"column\">\n\t\t\t<div class=\"elementor-widget-wrap elementor-element-populated\">\n\t\t\t\t\t\t<div class=\"elementor-element elementor-element-13f8ee9 elementor-widget elementor-widget-image\" data-id=\"13f8ee9\" data-element_type=\"widget\" data-e-type=\"widget\" data-widget_type=\"image.default\">\n\t\t\t\t<div class=\"elementor-widget-container\">\n\t\t\t\t\t\t\t\t\t\t\t\t\t\t\t\t<a href=\"https:\/\/www.elitenicosia.com\/wp-content\/uploads\/2019\/08\/dexa_olcum.png\" data-elementor-open-lightbox=\"yes\" data-elementor-lightbox-title=\"dexa_olcum\" data-e-action-hash=\"#elementor-action%3Aaction%3Dlightbox%26settings%3DeyJpZCI6MTQ2OSwidXJsIjoiaHR0cHM6XC9cL3d3dy5lbGl0ZW5pY29zaWEuY29tXC93cC1jb250ZW50XC91cGxvYWRzXC8yMDE5XC8wOFwvZGV4YV9vbGN1bS5wbmcifQ%3D%3D\">\n\t\t\t\t\t\t\t<img fetchpriority=\"high\" decoding=\"async\" width=\"669\" height=\"860\" data-srcset=\"https:\/\/www.elitenicosia.com\/wp-content\/uploads\/2019\/08\/dexa_olcum.png 669w, https:\/\/www.elitenicosia.com\/wp-content\/uploads\/2019\/08\/dexa_olcum-233x300.png 233w, https:\/\/www.elitenicosia.com\/wp-content\/uploads\/2019\/08\/dexa_olcum-400x514.png 400w, https:\/\/www.elitenicosia.com\/wp-content\/uploads\/2019\/08\/dexa_olcum-467x600.png 467w\" data-src=\"https:\/\/www.elitenicosia.com\/wp-content\/uploads\/2019\/08\/dexa_olcum.png\" src=\"\/\/www.w3.org\/2000\/svg%22%20viewBox=%220%200%20669%20860%22%3E%3C\/svg%3E\" class=\"attachment-large size-large wp-image-1469 lazyload\" alt=\"\" sizes=\"(max-width: 669px) 100vw, 669px\" srcset=\"https:\/\/www.elitenicosia.com\/wp-content\/uploads\/2019\/08\/dexa_olcum.png 669w, https:\/\/www.elitenicosia.com\/wp-content\/uploads\/2019\/08\/dexa_olcum-233x300.png 233w, https:\/\/www.elitenicosia.com\/wp-content\/uploads\/2019\/08\/dexa_olcum-400x514.png 400w, https:\/\/www.elitenicosia.com\/wp-content\/uploads\/2019\/08\/dexa_olcum-467x600.png 467w\" \/>\t\t\t\t\t\t\t\t<\/a>\n\t\t\t\t\t\t\t\t\t\t\t\t\t\t\t<\/div>\n\t\t\t\t<\/div>\n\t\t\t\t\t<\/div>\n\t\t<\/div>\n\t\t\t\t\t<\/div>\n\t\t<\/section>\n\t\t\t\t\t<\/div>\n\t\t<\/div>\n\t\t\t\t\t<\/div>\n\t\t<\/section>\n\t\t\t\t<\/div>","protected":false},"excerpt":{"rendered":"<p>V\u00dcCUT \u00d6L\u00c7\u00dcM\u00dcNDE D\u00dcNYANIN EN GEL\u0130\u015eM\u0130\u015e S\u0130STEM\u0130 NORLAND XR-800 \u015e\u0130MD\u0130 EL\u0130TE HOSP\u0130TAL&#8217;de! V\u00fccut Kompozisyonu \u00d6l\u00e7\u00fcm\u00fcnde Devrim! Kesin &amp; Hatas\u0131z \u00d6l\u00e7\u00fcm! FDA Onayl\u0131 Kas, Kemik ve Ya\u011f Dokusu \u00d6l\u00e7\u00fcm\u00fc S\u0131f\u0131r Hata Pay\u0131<\/p>","protected":false},"author":1,"featured_media":0,"parent":347,"menu_order":0,"comment_status":"closed","ping_status":"closed","template":"elementor_header_footer","meta":{"footnotes":""},"class_list":["post-1465","page","type-page","status-publish","hentry"],"yoast_head":"<!-- This site is optimized with the Yoast SEO plugin v24.4 - https:\/\/yoast.com\/wordpress\/plugins\/seo\/ -->\n<title>Elite Hospital - DEXA - V\u00fccut \u00d6l\u00e7\u00fcm\u00fc<\/title>\n<meta name=\"description\" content=\"\u0130leri teknoloji DEXA cihaz\u0131 ile profesyonel KEM\u0130K-KAS-YA\u011e oran\u0131 \u00f6l\u00e7\u00fcm\u00fc Elite Hospital&#039;de!\" \/>\n<meta name=\"robots\" content=\"index, follow, max-snippet:-1, max-image-preview:large, max-video-preview:-1\" \/>\n<link rel=\"canonical\" href=\"https:\/\/www.elitenicosia.com\/en\/medikal-goruntuleme\/dexa-vucut-olcumu\/\" \/>\n<meta property=\"og:locale\" content=\"en_GB\" \/>\n<meta property=\"og:type\" content=\"article\" \/>\n<meta property=\"og:title\" content=\"Elite Hospital - DEXA - V\u00fccut \u00d6l\u00e7\u00fcm\u00fc\" \/>\n<meta property=\"og:description\" content=\"\u0130leri teknoloji DEXA cihaz\u0131 ile profesyonel KEM\u0130K-KAS-YA\u011e oran\u0131 \u00f6l\u00e7\u00fcm\u00fc Elite Hospital&#039;de!\" \/>\n<meta property=\"og:url\" content=\"https:\/\/www.elitenicosia.com\/en\/medikal-goruntuleme\/dexa-vucut-olcumu\/\" \/>\n<meta property=\"og:site_name\" content=\"Elite Hospital\" \/>\n<meta property=\"article:publisher\" content=\"https:\/\/www.facebook.com\/elitenicosia\/\" \/>\n<meta property=\"article:modified_time\" content=\"2019-09-08T19:29:38+00:00\" \/>\n<meta property=\"og:image\" content=\"https:\/\/www.elitenicosia.com\/wp-content\/uploads\/elementor\/thumbs\/DEXA_tanitim-odbj7mtmxgcqdjwa2bqxmiury2glou3pir7qy0fp9c.png\" \/>\n<meta name=\"twitter:card\" content=\"summary_large_image\" \/>\n<meta name=\"twitter:site\" content=\"@elitehastanesi\" \/>\n<script type=\"application\/ld+json\" class=\"yoast-schema-graph\">{\"@context\":\"https:\/\/schema.org\",\"@graph\":[{\"@type\":\"WebPage\",\"@id\":\"https:\/\/www.elitenicosia.com\/medikal-goruntuleme\/dexa-vucut-olcumu\/\",\"url\":\"https:\/\/www.elitenicosia.com\/medikal-goruntuleme\/dexa-vucut-olcumu\/\",\"name\":\"Elite Hospital - DEXA - V\u00fccut \u00d6l\u00e7\u00fcm\u00fc\",\"isPartOf\":{\"@id\":\"https:\/\/www.elitenicosia.com\/#website\"},\"primaryImageOfPage\":{\"@id\":\"https:\/\/www.elitenicosia.com\/medikal-goruntuleme\/dexa-vucut-olcumu\/#primaryimage\"},\"image\":{\"@id\":\"https:\/\/www.elitenicosia.com\/medikal-goruntuleme\/dexa-vucut-olcumu\/#primaryimage\"},\"thumbnailUrl\":\"https:\/\/www.elitenicosia.com\/wp-content\/uploads\/elementor\/thumbs\/DEXA_tanitim-odbj7mtmxgcqdjwa2bqxmiury2glou3pir7qy0fp9c.png\",\"datePublished\":\"2019-08-22T13:16:03+00:00\",\"dateModified\":\"2019-09-08T19:29:38+00:00\",\"description\":\"\u0130leri teknoloji DEXA cihaz\u0131 ile profesyonel KEM\u0130K-KAS-YA\u011e oran\u0131 \u00f6l\u00e7\u00fcm\u00fc Elite Hospital'de!\",\"breadcrumb\":{\"@id\":\"https:\/\/www.elitenicosia.com\/medikal-goruntuleme\/dexa-vucut-olcumu\/#breadcrumb\"},\"inLanguage\":\"en-GB\",\"potentialAction\":[{\"@type\":\"ReadAction\",\"target\":[\"https:\/\/www.elitenicosia.com\/medikal-goruntuleme\/dexa-vucut-olcumu\/\"]}]},{\"@type\":\"ImageObject\",\"inLanguage\":\"en-GB\",\"@id\":\"https:\/\/www.elitenicosia.com\/medikal-goruntuleme\/dexa-vucut-olcumu\/#primaryimage\",\"url\":\"https:\/\/www.elitenicosia.com\/wp-content\/uploads\/elementor\/thumbs\/DEXA_tanitim-odbj7mtmxgcqdjwa2bqxmiury2glou3pir7qy0fp9c.png\",\"contentUrl\":\"https:\/\/www.elitenicosia.com\/wp-content\/uploads\/elementor\/thumbs\/DEXA_tanitim-odbj7mtmxgcqdjwa2bqxmiury2glou3pir7qy0fp9c.png\"},{\"@type\":\"BreadcrumbList\",\"@id\":\"https:\/\/www.elitenicosia.com\/medikal-goruntuleme\/dexa-vucut-olcumu\/#breadcrumb\",\"itemListElement\":[{\"@type\":\"ListItem\",\"position\":1,\"name\":\"Ana sayfa\",\"item\":\"https:\/\/www.elitenicosia.com\/\"},{\"@type\":\"ListItem\",\"position\":2,\"name\":\"Medikal G\u00f6r\u00fcnt\u00fcleme\",\"item\":\"https:\/\/www.elitenicosia.com\/medikal-goruntuleme\/\"},{\"@type\":\"ListItem\",\"position\":3,\"name\":\"DEXA &#8211; V\u00fccut \u00d6l\u00e7\u00fcm\u00fc\"}]},{\"@type\":\"WebSite\",\"@id\":\"https:\/\/www.elitenicosia.com\/#website\",\"url\":\"https:\/\/www.elitenicosia.com\/\",\"name\":\"Elite Hospital Lefko\u015fa\",\"description\":\"K\u0131br\u0131s\u2019\u0131n \u0130LK ve TEK ara\u015ft\u0131rma hastanesi\",\"publisher\":{\"@id\":\"https:\/\/www.elitenicosia.com\/#organization\"},\"potentialAction\":[{\"@type\":\"SearchAction\",\"target\":{\"@type\":\"EntryPoint\",\"urlTemplate\":\"https:\/\/www.elitenicosia.com\/?s={search_term_string}\"},\"query-input\":{\"@type\":\"PropertyValueSpecification\",\"valueRequired\":true,\"valueName\":\"search_term_string\"}}],\"inLanguage\":\"en-GB\"},{\"@type\":\"Organization\",\"@id\":\"https:\/\/www.elitenicosia.com\/#organization\",\"name\":\"Elite Hospital\",\"url\":\"https:\/\/www.elitenicosia.com\/\",\"logo\":{\"@type\":\"ImageObject\",\"inLanguage\":\"en-GB\",\"@id\":\"https:\/\/www.elitenicosia.com\/#\/schema\/logo\/image\/\",\"url\":\"https:\/\/www.elitenicosia.com\/wp-content\/uploads\/2019\/09\/Elite_Hospital_Logo.png\",\"contentUrl\":\"https:\/\/www.elitenicosia.com\/wp-content\/uploads\/2019\/09\/Elite_Hospital_Logo.png\",\"width\":260,\"height\":260,\"caption\":\"Elite Hospital\"},\"image\":{\"@id\":\"https:\/\/www.elitenicosia.com\/#\/schema\/logo\/image\/\"},\"sameAs\":[\"https:\/\/www.facebook.com\/elitenicosia\/\",\"https:\/\/x.com\/elitehastanesi\",\"https:\/\/www.instagram.com\/elitehastanesi\/\",\"https:\/\/www.youtube.com\/channel\/UCL_-OABAVRjDnQ77K4eGI4w\/\"]}]}<\/script>\n<!-- \/ Yoast SEO plugin. -->","yoast_head_json":{"title":"Elite Hospital - DEXA - V\u00fccut \u00d6l\u00e7\u00fcm\u00fc","description":"\u0130leri teknoloji DEXA cihaz\u0131 ile profesyonel KEM\u0130K-KAS-YA\u011e oran\u0131 \u00f6l\u00e7\u00fcm\u00fc Elite Hospital'de!","robots":{"index":"index","follow":"follow","max-snippet":"max-snippet:-1","max-image-preview":"max-image-preview:large","max-video-preview":"max-video-preview:-1"},"canonical":"https:\/\/www.elitenicosia.com\/en\/medikal-goruntuleme\/dexa-vucut-olcumu\/","og_locale":"en_GB","og_type":"article","og_title":"Elite Hospital - DEXA - V\u00fccut \u00d6l\u00e7\u00fcm\u00fc","og_description":"\u0130leri teknoloji DEXA cihaz\u0131 ile profesyonel KEM\u0130K-KAS-YA\u011e oran\u0131 \u00f6l\u00e7\u00fcm\u00fc Elite Hospital'de!","og_url":"https:\/\/www.elitenicosia.com\/en\/medikal-goruntuleme\/dexa-vucut-olcumu\/","og_site_name":"Elite Hospital","article_publisher":"https:\/\/www.facebook.com\/elitenicosia\/","article_modified_time":"2019-09-08T19:29:38+00:00","og_image":[{"url":"https:\/\/www.elitenicosia.com\/wp-content\/uploads\/elementor\/thumbs\/DEXA_tanitim-odbj7mtmxgcqdjwa2bqxmiury2glou3pir7qy0fp9c.png","type":"","width":"","height":""}],"twitter_card":"summary_large_image","twitter_site":"@elitehastanesi","schema":{"@context":"https:\/\/schema.org","@graph":[{"@type":"WebPage","@id":"https:\/\/www.elitenicosia.com\/medikal-goruntuleme\/dexa-vucut-olcumu\/","url":"https:\/\/www.elitenicosia.com\/medikal-goruntuleme\/dexa-vucut-olcumu\/","name":"Elite Hospital - DEXA - V\u00fccut \u00d6l\u00e7\u00fcm\u00fc","isPartOf":{"@id":"https:\/\/www.elitenicosia.com\/#website"},"primaryImageOfPage":{"@id":"https:\/\/www.elitenicosia.com\/medikal-goruntuleme\/dexa-vucut-olcumu\/#primaryimage"},"image":{"@id":"https:\/\/www.elitenicosia.com\/medikal-goruntuleme\/dexa-vucut-olcumu\/#primaryimage"},"thumbnailUrl":"https:\/\/www.elitenicosia.com\/wp-content\/uploads\/elementor\/thumbs\/DEXA_tanitim-odbj7mtmxgcqdjwa2bqxmiury2glou3pir7qy0fp9c.png","datePublished":"2019-08-22T13:16:03+00:00","dateModified":"2019-09-08T19:29:38+00:00","description":"\u0130leri teknoloji DEXA cihaz\u0131 ile profesyonel KEM\u0130K-KAS-YA\u011e oran\u0131 \u00f6l\u00e7\u00fcm\u00fc Elite Hospital'de!","breadcrumb":{"@id":"https:\/\/www.elitenicosia.com\/medikal-goruntuleme\/dexa-vucut-olcumu\/#breadcrumb"},"inLanguage":"en-GB","potentialAction":[{"@type":"ReadAction","target":["https:\/\/www.elitenicosia.com\/medikal-goruntuleme\/dexa-vucut-olcumu\/"]}]},{"@type":"ImageObject","inLanguage":"en-GB","@id":"https:\/\/www.elitenicosia.com\/medikal-goruntuleme\/dexa-vucut-olcumu\/#primaryimage","url":"https:\/\/www.elitenicosia.com\/wp-content\/uploads\/elementor\/thumbs\/DEXA_tanitim-odbj7mtmxgcqdjwa2bqxmiury2glou3pir7qy0fp9c.png","contentUrl":"https:\/\/www.elitenicosia.com\/wp-content\/uploads\/elementor\/thumbs\/DEXA_tanitim-odbj7mtmxgcqdjwa2bqxmiury2glou3pir7qy0fp9c.png"},{"@type":"BreadcrumbList","@id":"https:\/\/www.elitenicosia.com\/medikal-goruntuleme\/dexa-vucut-olcumu\/#breadcrumb","itemListElement":[{"@type":"ListItem","position":1,"name":"Ana sayfa","item":"https:\/\/www.elitenicosia.com\/"},{"@type":"ListItem","position":2,"name":"Medikal G\u00f6r\u00fcnt\u00fcleme","item":"https:\/\/www.elitenicosia.com\/medikal-goruntuleme\/"},{"@type":"ListItem","position":3,"name":"DEXA &#8211; V\u00fccut \u00d6l\u00e7\u00fcm\u00fc"}]},{"@type":"WebSite","@id":"https:\/\/www.elitenicosia.com\/#website","url":"https:\/\/www.elitenicosia.com\/","name":"Elite Hospital Lefko\u015fa","description":"K\u0131br\u0131s\u2019\u0131n \u0130LK ve TEK ara\u015ft\u0131rma hastanesi","publisher":{"@id":"https:\/\/www.elitenicosia.com\/#organization"},"potentialAction":[{"@type":"SearchAction","target":{"@type":"EntryPoint","urlTemplate":"https:\/\/www.elitenicosia.com\/?s={search_term_string}"},"query-input":{"@type":"PropertyValueSpecification","valueRequired":true,"valueName":"search_term_string"}}],"inLanguage":"en-GB"},{"@type":"Organization","@id":"https:\/\/www.elitenicosia.com\/#organization","name":"Elite Hospital","url":"https:\/\/www.elitenicosia.com\/","logo":{"@type":"ImageObject","inLanguage":"en-GB","@id":"https:\/\/www.elitenicosia.com\/#\/schema\/logo\/image\/","url":"https:\/\/www.elitenicosia.com\/wp-content\/uploads\/2019\/09\/Elite_Hospital_Logo.png","contentUrl":"https:\/\/www.elitenicosia.com\/wp-content\/uploads\/2019\/09\/Elite_Hospital_Logo.png","width":260,"height":260,"caption":"Elite Hospital"},"image":{"@id":"https:\/\/www.elitenicosia.com\/#\/schema\/logo\/image\/"},"sameAs":["https:\/\/www.facebook.com\/elitenicosia\/","https:\/\/x.com\/elitehastanesi","https:\/\/www.instagram.com\/elitehastanesi\/","https:\/\/www.youtube.com\/channel\/UCL_-OABAVRjDnQ77K4eGI4w\/"]}]}},"_links":{"self":[{"href":"https:\/\/www.elitenicosia.com\/en\/wp-json\/wp\/v2\/pages\/1465"}],"collection":[{"href":"https:\/\/www.elitenicosia.com\/en\/wp-json\/wp\/v2\/pages"}],"about":[{"href":"https:\/\/www.elitenicosia.com\/en\/wp-json\/wp\/v2\/types\/page"}],"author":[{"embeddable":true,"href":"https:\/\/www.elitenicosia.com\/en\/wp-json\/wp\/v2\/users\/1"}],"replies":[{"embeddable":true,"href":"https:\/\/www.elitenicosia.com\/en\/wp-json\/wp\/v2\/comments?post=1465"}],"version-history":[{"count":10,"href":"https:\/\/www.elitenicosia.com\/en\/wp-json\/wp\/v2\/pages\/1465\/revisions"}],"predecessor-version":[{"id":2191,"href":"https:\/\/www.elitenicosia.com\/en\/wp-json\/wp\/v2\/pages\/1465\/revisions\/2191"}],"up":[{"embeddable":true,"href":"https:\/\/www.elitenicosia.com\/en\/wp-json\/wp\/v2\/pages\/347"}],"wp:attachment":[{"href":"https:\/\/www.elitenicosia.com\/en\/wp-json\/wp\/v2\/media?parent=1465"}],"curies":[{"name":"wp","href":"https:\/\/api.w.org\/{rel}","templated":true}]}}