{"id":1393,"date":"2019-08-21T23:23:59","date_gmt":"2019-08-21T20:23:59","guid":{"rendered":"https:\/\/www.elitenicosia.com\/?page_id=1393"},"modified":"2021-09-24T23:27:10","modified_gmt":"2021-09-24T20:27:10","slug":"hizli-mr-cekimi","status":"publish","type":"page","link":"https:\/\/www.elitenicosia.com\/en\/medikal-goruntuleme\/hizli-mr-cekimi\/","title":{"rendered":"Rapid MRI"},"content":{"rendered":"<div data-elementor-type=\"wp-page\" data-elementor-id=\"1393\" class=\"elementor elementor-1393\" data-elementor-settings=\"{&quot;ha_cmc_init_switcher&quot;:&quot;no&quot;}\">\n\t\t\t\t\t\t<section class=\"elementor-section elementor-top-section elementor-element elementor-element-83626bb elementor-section-boxed elementor-section-height-default elementor-section-height-default\" data-id=\"83626bb\" data-element_type=\"section\" data-e-type=\"section\" data-settings=\"{&quot;background_background&quot;:&quot;classic&quot;,&quot;_ha_eqh_enable&quot;:false}\">\n\t\t\t\t\t\t<div class=\"elementor-container elementor-column-gap-default\">\n\t\t\t\t\t<div class=\"elementor-column elementor-col-100 elementor-top-column elementor-element elementor-element-37e1776\" data-id=\"37e1776\" data-element_type=\"column\" data-e-type=\"column\">\n\t\t\t<div class=\"elementor-widget-wrap elementor-element-populated\">\n\t\t\t\t\t\t<div class=\"elementor-element elementor-element-ba7ff54 ha-has-bg-overlay elementor-widget elementor-widget-text-editor\" data-id=\"ba7ff54\" data-element_type=\"widget\" data-e-type=\"widget\" data-widget_type=\"text-editor.default\">\n\t\t\t\t<div class=\"elementor-widget-container\">\n\t\t\t\t\t\t\t\t\t<p style=\"text-align: center;\">The World&#039;s First and Only Digital Wideband MR System. Only at Elite Hospital in Cyprus!<\/p>\t\t\t\t\t\t\t\t<\/div>\n\t\t\t\t<\/div>\n\t\t\t\t<div class=\"elementor-element elementor-element-fb32929 elementor-widget elementor-widget-text-editor\" data-id=\"fb32929\" data-element_type=\"widget\" data-e-type=\"widget\" data-widget_type=\"text-editor.default\">\n\t\t\t\t<div class=\"elementor-widget-container\">\n\t\t\t\t\t\t\t\t\t<p>Philips Ingenia Provida Wideband MRI system, one of the new imaging technologies <b>1.5 tesla<\/b> It is an extremely fast device, as well as providing the most advanced and top-level imaging among imaging methods.<\/p>\n<p>It gives access to a wide range of advanced applications for brain, body, oncology and heart examinations.<\/p>\n<p>Cranial MRI is usually <b>8 minutes<\/b> completed in such a short time. This is also an excellent time for patients. <\/p>\n<p>Equipped with adequate and special programs for each region, this device easily adapts to different patient anatomies. Thanks to its thin and flexible coils, it scans all body shapes both efficiently and comfortably.<\/p>\n<p>For MRI, the patient wears metal-free clothing or a patient gown. Thanks to its large interior volume, it also provides a great advantage for patients with ailments such as panic attacks and claustrophobia.<\/p>\t\t\t\t\t\t\t\t<\/div>\n\t\t\t\t<\/div>\n\t\t\t\t<section class=\"elementor-section elementor-inner-section elementor-element elementor-element-449ac57 elementor-section-boxed elementor-section-height-default elementor-section-height-default\" data-id=\"449ac57\" data-element_type=\"section\" data-e-type=\"section\" data-settings=\"{&quot;_ha_eqh_enable&quot;:false}\">\n\t\t\t\t\t\t<div class=\"elementor-container elementor-column-gap-default\">\n\t\t\t\t\t<div class=\"elementor-column elementor-col-50 elementor-inner-column elementor-element elementor-element-d0a11cb\" data-id=\"d0a11cb\" data-element_type=\"column\" data-e-type=\"column\">\n\t\t\t<div class=\"elementor-widget-wrap elementor-element-populated\">\n\t\t\t\t\t\t<div class=\"elementor-element elementor-element-422a0db animated-slow elementor-invisible elementor-widget elementor-widget-heading\" data-id=\"422a0db\" data-element_type=\"widget\" data-e-type=\"widget\" data-settings=\"{&quot;_animation&quot;:&quot;fadeIn&quot;}\" data-widget_type=\"heading.default\">\n\t\t\t\t<div class=\"elementor-widget-container\">\n\t\t\t\t\t<h3 class=\"elementor-heading-title elementor-size-default\">MRI is so Easy Now!<\/h3>\t\t\t\t<\/div>\n\t\t\t\t<\/div>\n\t\t\t\t<div class=\"elementor-element elementor-element-4f80e63 animated-slow elementor-invisible elementor-widget elementor-widget-heading\" data-id=\"4f80e63\" data-element_type=\"widget\" data-e-type=\"widget\" data-settings=\"{&quot;_animation&quot;:&quot;fadeIn&quot;}\" data-widget_type=\"heading.default\">\n\t\t\t\t<div class=\"elementor-widget-container\">\n\t\t\t\t\t<h1 class=\"elementor-heading-title elementor-size-default\">High quality<br> &amp; Too fast<\/h1>\t\t\t\t<\/div>\n\t\t\t\t<\/div>\n\t\t\t\t<div class=\"elementor-element elementor-element-f60962a elementor-align-start elementor-icon-list--layout-traditional elementor-list-item-link-full_width elementor-widget elementor-widget-icon-list\" data-id=\"f60962a\" data-element_type=\"widget\" data-e-type=\"widget\" data-widget_type=\"icon-list.default\">\n\t\t\t\t<div class=\"elementor-widget-container\">\n\t\t\t\t\t\t\t<ul class=\"elementor-icon-list-items\">\n\t\t\t\t\t\t\t<li class=\"elementor-icon-list-item\">\n\t\t\t\t\t\t\t\t\t\t\t<span class=\"elementor-icon-list-icon\">\n\t\t\t\t\t\t\t<i aria-hidden=\"true\" class=\"far fa-dot-circle\"><\/i>\t\t\t\t\t\t<\/span>\n\t\t\t\t\t\t\t\t\t\t<span class=\"elementor-icon-list-text\">1.5 Tesla Magnetic Resonance<\/span>\n\t\t\t\t\t\t\t\t\t<\/li>\n\t\t\t\t\t\t<\/ul>\n\t\t\t\t\t\t<\/div>\n\t\t\t\t<\/div>\n\t\t\t\t<div class=\"elementor-element elementor-element-de47258 elementor-align-start elementor-icon-list--layout-traditional elementor-list-item-link-full_width elementor-widget elementor-widget-icon-list\" data-id=\"de47258\" data-element_type=\"widget\" data-e-type=\"widget\" data-widget_type=\"icon-list.default\">\n\t\t\t\t<div class=\"elementor-widget-container\">\n\t\t\t\t\t\t\t<ul class=\"elementor-icon-list-items\">\n\t\t\t\t\t\t\t<li class=\"elementor-icon-list-item\">\n\t\t\t\t\t\t\t\t\t\t\t<span class=\"elementor-icon-list-icon\">\n\t\t\t\t\t\t\t<i aria-hidden=\"true\" class=\"far fa-dot-circle\"><\/i>\t\t\t\t\t\t<\/span>\n\t\t\t\t\t\t\t\t\t\t<span class=\"elementor-icon-list-text\">Spacious Interior (rear open)<\/span>\n\t\t\t\t\t\t\t\t\t<\/li>\n\t\t\t\t\t\t<\/ul>\n\t\t\t\t\t\t<\/div>\n\t\t\t\t<\/div>\n\t\t\t\t<div class=\"elementor-element elementor-element-98c4a2f elementor-align-start elementor-icon-list--layout-traditional elementor-list-item-link-full_width elementor-widget elementor-widget-icon-list\" data-id=\"98c4a2f\" data-element_type=\"widget\" data-e-type=\"widget\" data-widget_type=\"icon-list.default\">\n\t\t\t\t<div class=\"elementor-widget-container\">\n\t\t\t\t\t\t\t<ul class=\"elementor-icon-list-items\">\n\t\t\t\t\t\t\t<li class=\"elementor-icon-list-item\">\n\t\t\t\t\t\t\t\t\t\t\t<span class=\"elementor-icon-list-icon\">\n\t\t\t\t\t\t\t<i aria-hidden=\"true\" class=\"far fa-dot-circle\"><\/i>\t\t\t\t\t\t<\/span>\n\t\t\t\t\t\t\t\t\t\t<span class=\"elementor-icon-list-text\">High Capture Quality<\/span>\n\t\t\t\t\t\t\t\t\t<\/li>\n\t\t\t\t\t\t<\/ul>\n\t\t\t\t\t\t<\/div>\n\t\t\t\t<\/div>\n\t\t\t\t<div class=\"elementor-element elementor-element-636dbe9 elementor-widget elementor-widget-image\" data-id=\"636dbe9\" data-element_type=\"widget\" data-e-type=\"widget\" data-widget_type=\"image.default\">\n\t\t\t\t<div class=\"elementor-widget-container\">\n\t\t\t\t\t\t\t\t\t\t\t\t\t\t\t\t<a href=\"https:\/\/www.elitenicosia.com\/wp-content\/uploads\/2019\/08\/MR_tanitim.png\" data-elementor-open-lightbox=\"yes\" data-elementor-lightbox-title=\"MR_tanitim\" data-e-action-hash=\"#elementor-action%3Aaction%3Dlightbox%26settings%3DeyJpZCI6MTQ2MiwidXJsIjoiaHR0cHM6XC9cL3d3dy5lbGl0ZW5pY29zaWEuY29tXC93cC1jb250ZW50XC91cGxvYWRzXC8yMDE5XC8wOFwvTVJfdGFuaXRpbS5wbmcifQ%3D%3D\">\n\t\t\t\t\t\t\t<img decoding=\"async\" src=\"https:\/\/www.elitenicosia.com\/wp-content\/uploads\/elementor\/thumbs\/MR_tanitim-odhv8t8gpg3l4xlv8ae7egs96igthayyiey0i6ltb4.png\" title=\"MR_introduction\" alt=\"MR_introduction\" loading=\"lazy\" \/>\t\t\t\t\t\t\t\t<\/a>\n\t\t\t\t\t\t\t\t\t\t\t\t\t\t\t<\/div>\n\t\t\t\t<\/div>\n\t\t\t\t\t<\/div>\n\t\t<\/div>\n\t\t\t\t<div class=\"elementor-column elementor-col-50 elementor-inner-column elementor-element elementor-element-9110e1e\" data-id=\"9110e1e\" data-element_type=\"column\" data-e-type=\"column\">\n\t\t\t<div class=\"elementor-widget-wrap elementor-element-populated\">\n\t\t\t\t\t\t<div class=\"elementor-element elementor-element-c6b66df elementor-widget elementor-widget-image\" data-id=\"c6b66df\" data-element_type=\"widget\" data-e-type=\"widget\" data-widget_type=\"image.default\">\n\t\t\t\t<div class=\"elementor-widget-container\">\n\t\t\t\t\t\t\t\t\t\t\t\t\t\t\t\t<a href=\"https:\/\/www.elitenicosia.com\/wp-content\/uploads\/2019\/08\/mr_cekimi.png\" data-elementor-open-lightbox=\"yes\" data-elementor-lightbox-title=\"mr_cekimi\" data-e-action-hash=\"#elementor-action%3Aaction%3Dlightbox%26settings%3DeyJpZCI6MTQ3OCwidXJsIjoiaHR0cHM6XC9cL3d3dy5lbGl0ZW5pY29zaWEuY29tXC93cC1jb250ZW50XC91cGxvYWRzXC8yMDE5XC8wOFwvbXJfY2VraW1pLnBuZyJ9\">\n\t\t\t\t\t\t\t<img fetchpriority=\"high\" decoding=\"async\" width=\"669\" height=\"860\" data-srcset=\"https:\/\/www.elitenicosia.com\/wp-content\/uploads\/2019\/08\/mr_cekimi.png 669w, https:\/\/www.elitenicosia.com\/wp-content\/uploads\/2019\/08\/mr_cekimi-233x300.png 233w, https:\/\/www.elitenicosia.com\/wp-content\/uploads\/2019\/08\/mr_cekimi-400x514.png 400w, https:\/\/www.elitenicosia.com\/wp-content\/uploads\/2019\/08\/mr_cekimi-467x600.png 467w\" data-src=\"https:\/\/www.elitenicosia.com\/wp-content\/uploads\/2019\/08\/mr_cekimi.png\" src=\"\/\/www.w3.org\/2000\/svg%22%20viewBox=%220%200%20669%20860%22%3E%3C\/svg%3E\" class=\"attachment-large size-large wp-image-1478 lazyload\" alt=\"\" sizes=\"(max-width: 669px) 100vw, 669px\" srcset=\"https:\/\/www.elitenicosia.com\/wp-content\/uploads\/2019\/08\/mr_cekimi.png 669w, https:\/\/www.elitenicosia.com\/wp-content\/uploads\/2019\/08\/mr_cekimi-233x300.png 233w, https:\/\/www.elitenicosia.com\/wp-content\/uploads\/2019\/08\/mr_cekimi-400x514.png 400w, https:\/\/www.elitenicosia.com\/wp-content\/uploads\/2019\/08\/mr_cekimi-467x600.png 467w\" \/>\t\t\t\t\t\t\t\t<\/a>\n\t\t\t\t\t\t\t\t\t\t\t\t\t\t\t<\/div>\n\t\t\t\t<\/div>\n\t\t\t\t\t<\/div>\n\t\t<\/div>\n\t\t\t\t\t<\/div>\n\t\t<\/section>\n\t\t\t\t\t<\/div>\n\t\t<\/div>\n\t\t\t\t\t<\/div>\n\t\t<\/section>\n\t\t\t\t<\/div>","protected":false},"excerpt":{"rendered":"<p>D\u00fcnyan\u0131n \u0130lk ve Tek Dijital Geni\u015f Bantl\u0131 MR Sistemi. K\u0131br\u0131s\u2019ta Sadece Elite HospItal\u2019dE! Yeni g\u00f6r\u00fcnt\u00fcleme teknolojilerinden biri olan&nbsp;Philips Ingenia Provida Geni\u015f Bantl\u0131 MRI sistemi 1.5 tesla g\u00fcc\u00fcnde olup, g\u00f6r\u00fcnt\u00fcleme y\u00f6ntemleri i\u00e7inde en ileri ve en \u00fcst basamak g\u00f6r\u00fcnt\u00fcleme sa\u011flamas\u0131n\u0131n yan\u0131 s\u0131ra son derece h\u0131zl\u0131 bir cihazd\u0131r. Beyin, v\u00fccut, onkoloji ve kalp muayeneleri i\u00e7in geni\u015f bir yelpazede geli\u015fmi\u015f uygulamalara eri\u015fim verir. Kranial MR incelemesi genellikle 8 dakika gibi k\u0131sa bir s\u00fcrede tamamlanmaktad\u0131r. Bu da hastalar i\u00e7in m\u00fckemmel bir s\u00fcredir. Her b\u00f6lge i\u00e7in yeterli ve \u00f6zel programlarla donanm\u0131\u015f bu cihaz farkl\u0131 hasta anatomilerine kolayca uyum sa\u011flar. \u0130nce ve esnek bobinleri sayesinde t\u00fcm [&hellip;]<\/p>","protected":false},"author":1,"featured_media":0,"parent":347,"menu_order":0,"comment_status":"closed","ping_status":"closed","template":"elementor_header_footer","meta":{"footnotes":""},"class_list":["post-1393","page","type-page","status-publish","hentry"],"yoast_head":"<!-- This site is optimized with the Yoast SEO plugin v24.4 - https:\/\/yoast.com\/wordpress\/plugins\/seo\/ -->\n<title>Elite Hospital - H\u0131zl\u0131 ve Kaliteli MR \u00c7ekimi<\/title>\n<meta name=\"description\" content=\"KKTC&#039;nin en HIZLI ve en y\u00fcksek KAL\u0130TEL\u0130 MR \u00e7ekimi Elite Hospital&#039;de!\" \/>\n<meta name=\"robots\" content=\"index, follow, max-snippet:-1, max-image-preview:large, max-video-preview:-1\" \/>\n<link rel=\"canonical\" href=\"https:\/\/www.elitenicosia.com\/en\/medikal-goruntuleme\/hizli-mr-cekimi\/\" \/>\n<meta property=\"og:locale\" content=\"en_GB\" \/>\n<meta property=\"og:type\" content=\"article\" \/>\n<meta property=\"og:title\" content=\"Elite Hospital - H\u0131zl\u0131 ve Kaliteli MR \u00c7ekimi\" \/>\n<meta property=\"og:description\" content=\"KKTC&#039;nin en HIZLI ve en y\u00fcksek KAL\u0130TEL\u0130 MR \u00e7ekimi Elite Hospital&#039;de!\" \/>\n<meta property=\"og:url\" content=\"https:\/\/www.elitenicosia.com\/en\/medikal-goruntuleme\/hizli-mr-cekimi\/\" \/>\n<meta property=\"og:site_name\" content=\"Elite Hospital\" \/>\n<meta property=\"article:publisher\" content=\"https:\/\/www.facebook.com\/elitenicosia\/\" \/>\n<meta property=\"article:modified_time\" content=\"2021-09-24T20:27:10+00:00\" \/>\n<meta property=\"og:image\" content=\"https:\/\/www.elitenicosia.com\/wp-content\/uploads\/elementor\/thumbs\/MR_tanitim-odhv8t8gpg3l4xlv8ae7egs96igthayyiey089dn9c.png\" \/>\n<meta name=\"twitter:card\" content=\"summary_large_image\" \/>\n<meta name=\"twitter:site\" content=\"@elitehastanesi\" \/>\n<meta name=\"twitter:label1\" content=\"Estimated reading time\" \/>\n\t<meta name=\"twitter:data1\" content=\"2 minutes\" \/>\n<script type=\"application\/ld+json\" class=\"yoast-schema-graph\">{\"@context\":\"https:\/\/schema.org\",\"@graph\":[{\"@type\":\"WebPage\",\"@id\":\"https:\/\/www.elitenicosia.com\/medikal-goruntuleme\/hizli-mr-cekimi\/\",\"url\":\"https:\/\/www.elitenicosia.com\/medikal-goruntuleme\/hizli-mr-cekimi\/\",\"name\":\"Elite Hospital - H\u0131zl\u0131 ve Kaliteli MR \u00c7ekimi\",\"isPartOf\":{\"@id\":\"https:\/\/www.elitenicosia.com\/#website\"},\"primaryImageOfPage\":{\"@id\":\"https:\/\/www.elitenicosia.com\/medikal-goruntuleme\/hizli-mr-cekimi\/#primaryimage\"},\"image\":{\"@id\":\"https:\/\/www.elitenicosia.com\/medikal-goruntuleme\/hizli-mr-cekimi\/#primaryimage\"},\"thumbnailUrl\":\"https:\/\/www.elitenicosia.com\/wp-content\/uploads\/elementor\/thumbs\/MR_tanitim-odhv8t8gpg3l4xlv8ae7egs96igthayyiey089dn9c.png\",\"datePublished\":\"2019-08-21T20:23:59+00:00\",\"dateModified\":\"2021-09-24T20:27:10+00:00\",\"description\":\"KKTC'nin en HIZLI ve en y\u00fcksek KAL\u0130TEL\u0130 MR \u00e7ekimi Elite Hospital'de!\",\"breadcrumb\":{\"@id\":\"https:\/\/www.elitenicosia.com\/medikal-goruntuleme\/hizli-mr-cekimi\/#breadcrumb\"},\"inLanguage\":\"en-GB\",\"potentialAction\":[{\"@type\":\"ReadAction\",\"target\":[\"https:\/\/www.elitenicosia.com\/medikal-goruntuleme\/hizli-mr-cekimi\/\"]}]},{\"@type\":\"ImageObject\",\"inLanguage\":\"en-GB\",\"@id\":\"https:\/\/www.elitenicosia.com\/medikal-goruntuleme\/hizli-mr-cekimi\/#primaryimage\",\"url\":\"https:\/\/www.elitenicosia.com\/wp-content\/uploads\/elementor\/thumbs\/MR_tanitim-odhv8t8gpg3l4xlv8ae7egs96igthayyiey089dn9c.png\",\"contentUrl\":\"https:\/\/www.elitenicosia.com\/wp-content\/uploads\/elementor\/thumbs\/MR_tanitim-odhv8t8gpg3l4xlv8ae7egs96igthayyiey089dn9c.png\"},{\"@type\":\"BreadcrumbList\",\"@id\":\"https:\/\/www.elitenicosia.com\/medikal-goruntuleme\/hizli-mr-cekimi\/#breadcrumb\",\"itemListElement\":[{\"@type\":\"ListItem\",\"position\":1,\"name\":\"Ana sayfa\",\"item\":\"https:\/\/www.elitenicosia.com\/\"},{\"@type\":\"ListItem\",\"position\":2,\"name\":\"Medikal G\u00f6r\u00fcnt\u00fcleme\",\"item\":\"https:\/\/www.elitenicosia.com\/medikal-goruntuleme\/\"},{\"@type\":\"ListItem\",\"position\":3,\"name\":\"H\u0131zl\u0131 MR \u00c7ekimi\"}]},{\"@type\":\"WebSite\",\"@id\":\"https:\/\/www.elitenicosia.com\/#website\",\"url\":\"https:\/\/www.elitenicosia.com\/\",\"name\":\"Elite Hospital Lefko\u015fa\",\"description\":\"K\u0131br\u0131s\u2019\u0131n \u0130LK ve TEK ara\u015ft\u0131rma hastanesi\",\"publisher\":{\"@id\":\"https:\/\/www.elitenicosia.com\/#organization\"},\"potentialAction\":[{\"@type\":\"SearchAction\",\"target\":{\"@type\":\"EntryPoint\",\"urlTemplate\":\"https:\/\/www.elitenicosia.com\/?s={search_term_string}\"},\"query-input\":{\"@type\":\"PropertyValueSpecification\",\"valueRequired\":true,\"valueName\":\"search_term_string\"}}],\"inLanguage\":\"en-GB\"},{\"@type\":\"Organization\",\"@id\":\"https:\/\/www.elitenicosia.com\/#organization\",\"name\":\"Elite Hospital\",\"url\":\"https:\/\/www.elitenicosia.com\/\",\"logo\":{\"@type\":\"ImageObject\",\"inLanguage\":\"en-GB\",\"@id\":\"https:\/\/www.elitenicosia.com\/#\/schema\/logo\/image\/\",\"url\":\"https:\/\/www.elitenicosia.com\/wp-content\/uploads\/2019\/09\/Elite_Hospital_Logo.png\",\"contentUrl\":\"https:\/\/www.elitenicosia.com\/wp-content\/uploads\/2019\/09\/Elite_Hospital_Logo.png\",\"width\":260,\"height\":260,\"caption\":\"Elite Hospital\"},\"image\":{\"@id\":\"https:\/\/www.elitenicosia.com\/#\/schema\/logo\/image\/\"},\"sameAs\":[\"https:\/\/www.facebook.com\/elitenicosia\/\",\"https:\/\/x.com\/elitehastanesi\",\"https:\/\/www.instagram.com\/elitehastanesi\/\",\"https:\/\/www.youtube.com\/channel\/UCL_-OABAVRjDnQ77K4eGI4w\/\"]}]}<\/script>\n<!-- \/ Yoast SEO plugin. -->","yoast_head_json":{"title":"Elite Hospital - H\u0131zl\u0131 ve Kaliteli MR \u00c7ekimi","description":"KKTC'nin en HIZLI ve en y\u00fcksek KAL\u0130TEL\u0130 MR \u00e7ekimi Elite Hospital'de!","robots":{"index":"index","follow":"follow","max-snippet":"max-snippet:-1","max-image-preview":"max-image-preview:large","max-video-preview":"max-video-preview:-1"},"canonical":"https:\/\/www.elitenicosia.com\/en\/medikal-goruntuleme\/hizli-mr-cekimi\/","og_locale":"en_GB","og_type":"article","og_title":"Elite Hospital - H\u0131zl\u0131 ve Kaliteli MR \u00c7ekimi","og_description":"KKTC'nin en HIZLI ve en y\u00fcksek KAL\u0130TEL\u0130 MR \u00e7ekimi Elite Hospital'de!","og_url":"https:\/\/www.elitenicosia.com\/en\/medikal-goruntuleme\/hizli-mr-cekimi\/","og_site_name":"Elite Hospital","article_publisher":"https:\/\/www.facebook.com\/elitenicosia\/","article_modified_time":"2021-09-24T20:27:10+00:00","og_image":[{"url":"https:\/\/www.elitenicosia.com\/wp-content\/uploads\/elementor\/thumbs\/MR_tanitim-odhv8t8gpg3l4xlv8ae7egs96igthayyiey089dn9c.png","type":"","width":"","height":""}],"twitter_card":"summary_large_image","twitter_site":"@elitehastanesi","twitter_misc":{"Estimated reading time":"2 minutes"},"schema":{"@context":"https:\/\/schema.org","@graph":[{"@type":"WebPage","@id":"https:\/\/www.elitenicosia.com\/medikal-goruntuleme\/hizli-mr-cekimi\/","url":"https:\/\/www.elitenicosia.com\/medikal-goruntuleme\/hizli-mr-cekimi\/","name":"Elite Hospital - H\u0131zl\u0131 ve Kaliteli MR \u00c7ekimi","isPartOf":{"@id":"https:\/\/www.elitenicosia.com\/#website"},"primaryImageOfPage":{"@id":"https:\/\/www.elitenicosia.com\/medikal-goruntuleme\/hizli-mr-cekimi\/#primaryimage"},"image":{"@id":"https:\/\/www.elitenicosia.com\/medikal-goruntuleme\/hizli-mr-cekimi\/#primaryimage"},"thumbnailUrl":"https:\/\/www.elitenicosia.com\/wp-content\/uploads\/elementor\/thumbs\/MR_tanitim-odhv8t8gpg3l4xlv8ae7egs96igthayyiey089dn9c.png","datePublished":"2019-08-21T20:23:59+00:00","dateModified":"2021-09-24T20:27:10+00:00","description":"KKTC'nin en HIZLI ve en y\u00fcksek KAL\u0130TEL\u0130 MR \u00e7ekimi Elite Hospital'de!","breadcrumb":{"@id":"https:\/\/www.elitenicosia.com\/medikal-goruntuleme\/hizli-mr-cekimi\/#breadcrumb"},"inLanguage":"en-GB","potentialAction":[{"@type":"ReadAction","target":["https:\/\/www.elitenicosia.com\/medikal-goruntuleme\/hizli-mr-cekimi\/"]}]},{"@type":"ImageObject","inLanguage":"en-GB","@id":"https:\/\/www.elitenicosia.com\/medikal-goruntuleme\/hizli-mr-cekimi\/#primaryimage","url":"https:\/\/www.elitenicosia.com\/wp-content\/uploads\/elementor\/thumbs\/MR_tanitim-odhv8t8gpg3l4xlv8ae7egs96igthayyiey089dn9c.png","contentUrl":"https:\/\/www.elitenicosia.com\/wp-content\/uploads\/elementor\/thumbs\/MR_tanitim-odhv8t8gpg3l4xlv8ae7egs96igthayyiey089dn9c.png"},{"@type":"BreadcrumbList","@id":"https:\/\/www.elitenicosia.com\/medikal-goruntuleme\/hizli-mr-cekimi\/#breadcrumb","itemListElement":[{"@type":"ListItem","position":1,"name":"Ana sayfa","item":"https:\/\/www.elitenicosia.com\/"},{"@type":"ListItem","position":2,"name":"Medikal G\u00f6r\u00fcnt\u00fcleme","item":"https:\/\/www.elitenicosia.com\/medikal-goruntuleme\/"},{"@type":"ListItem","position":3,"name":"H\u0131zl\u0131 MR \u00c7ekimi"}]},{"@type":"WebSite","@id":"https:\/\/www.elitenicosia.com\/#website","url":"https:\/\/www.elitenicosia.com\/","name":"Elite Hospital Lefko\u015fa","description":"K\u0131br\u0131s\u2019\u0131n \u0130LK ve TEK ara\u015ft\u0131rma hastanesi","publisher":{"@id":"https:\/\/www.elitenicosia.com\/#organization"},"potentialAction":[{"@type":"SearchAction","target":{"@type":"EntryPoint","urlTemplate":"https:\/\/www.elitenicosia.com\/?s={search_term_string}"},"query-input":{"@type":"PropertyValueSpecification","valueRequired":true,"valueName":"search_term_string"}}],"inLanguage":"en-GB"},{"@type":"Organization","@id":"https:\/\/www.elitenicosia.com\/#organization","name":"Elite Hospital","url":"https:\/\/www.elitenicosia.com\/","logo":{"@type":"ImageObject","inLanguage":"en-GB","@id":"https:\/\/www.elitenicosia.com\/#\/schema\/logo\/image\/","url":"https:\/\/www.elitenicosia.com\/wp-content\/uploads\/2019\/09\/Elite_Hospital_Logo.png","contentUrl":"https:\/\/www.elitenicosia.com\/wp-content\/uploads\/2019\/09\/Elite_Hospital_Logo.png","width":260,"height":260,"caption":"Elite Hospital"},"image":{"@id":"https:\/\/www.elitenicosia.com\/#\/schema\/logo\/image\/"},"sameAs":["https:\/\/www.facebook.com\/elitenicosia\/","https:\/\/x.com\/elitehastanesi","https:\/\/www.instagram.com\/elitehastanesi\/","https:\/\/www.youtube.com\/channel\/UCL_-OABAVRjDnQ77K4eGI4w\/"]}]}},"_links":{"self":[{"href":"https:\/\/www.elitenicosia.com\/en\/wp-json\/wp\/v2\/pages\/1393"}],"collection":[{"href":"https:\/\/www.elitenicosia.com\/en\/wp-json\/wp\/v2\/pages"}],"about":[{"href":"https:\/\/www.elitenicosia.com\/en\/wp-json\/wp\/v2\/types\/page"}],"author":[{"embeddable":true,"href":"https:\/\/www.elitenicosia.com\/en\/wp-json\/wp\/v2\/users\/1"}],"replies":[{"embeddable":true,"href":"https:\/\/www.elitenicosia.com\/en\/wp-json\/wp\/v2\/comments?post=1393"}],"version-history":[{"count":21,"href":"https:\/\/www.elitenicosia.com\/en\/wp-json\/wp\/v2\/pages\/1393\/revisions"}],"predecessor-version":[{"id":5635,"href":"https:\/\/www.elitenicosia.com\/en\/wp-json\/wp\/v2\/pages\/1393\/revisions\/5635"}],"up":[{"embeddable":true,"href":"https:\/\/www.elitenicosia.com\/en\/wp-json\/wp\/v2\/pages\/347"}],"wp:attachment":[{"href":"https:\/\/www.elitenicosia.com\/en\/wp-json\/wp\/v2\/media?parent=1393"}],"curies":[{"name":"wp","href":"https:\/\/api.w.org\/{rel}","templated":true}]}}